{"id":8778,"date":"2014-09-19T16:55:52","date_gmt":"2014-09-19T16:55:52","guid":{"rendered":"http:\/\/www.manor-re.com\/?page_id=8778"},"modified":"2017-08-05T12:02:55","modified_gmt":"2017-08-05T12:02:55","slug":"castano-primo-villa-indipendente","status":"publish","type":"page","link":"https:\/\/www.manor-re.com\/index.php\/castano-primo-villa-indipendente\/","title":{"rendered":"CASTANO PRIMO VILLA INDIPENDENTE"},"content":{"rendered":"<table width=\"100%\" border=\"5\" cellspacing=\"0\" cellpadding=\"3\">\n<tbody>\n<tr>\n<td><\/td>\n<td align=\"left\"><span style=\"color: #800000;\"><strong>CITTA\u2019:<\/strong><\/span> <strong><span style=\"color: #000000;\">CASTANO PRIMO<\/span><\/strong><\/p>\n<p><strong><\/strong><strong><\/strong><strong><\/strong><strong><\/strong><strong><\/strong><strong><\/strong><strong><\/strong><strong><\/strong><strong><\/strong><strong><\/strong><strong><\/strong><strong><\/strong><strong><\/strong><strong><\/strong><strong><\/strong><span style=\"color: #800000;\"><strong>TIPOLOGIA:<\/strong><\/span> <strong>VILLA INDIPENDENTE<\/strong><\/p>\n<p><span style=\"color: #800000;\"><strong>PLUS:<\/strong><\/span>\u00a0<strong>TRANQUILLA, FINITURE<\/strong><\/p>\n<p><span style=\"color: #800000;\"><strong>PIANO:<\/strong><\/span>\u00a0<strong>\u00a0SU 3 LIVELLI<\/strong><\/p>\n<p><span style=\"color: #800000;\"><strong>BALCONI:<\/strong><\/span><strong>\u00a0TERRAZZO<\/strong><\/p>\n<p><span style=\"color: #800000;\"><strong>RISCALDAMENTO:<\/strong> <\/span><strong>AUTONOMO<\/strong><\/p>\n<p><span style=\"color: #800000;\"><strong>PERTINENZA:<\/strong><\/span> <strong>TERRENO 500 MQ<\/strong><\/p>\n<p><span style=\"color: #800000;\"><strong>PORTIERATO: <\/strong><\/span><strong>NO<\/strong><\/p>\n<p><span style=\"color: #800000;\"><strong>Classe Energetica:<\/strong><\/span>\u00a0<strong>G<\/strong><\/p>\n<p>&nbsp;<\/td>\n<td align=\"center\">\n<p style=\"text-align: left;\"><span style=\"color: #800000;\"><strong>ZONA:<\/strong><\/span>\u00a0<strong>STAZIONE<br \/>\n<\/strong><\/p>\n<p style=\"text-align: left;\"><span style=\"color: #800000;\"><strong>MQ:<\/strong><\/span> <strong>250<\/strong><\/p>\n<p style=\"text-align: left;\"><span style=\"color: #800000;\"><strong>STABILE:<\/strong> <\/span><strong>ANNI &#8217;80<\/strong><\/p>\n<p style=\"text-align: left;\"><span style=\"color: #800000;\"><strong>ASCENSORE:<\/strong><\/span> <strong>NO \u00a0<\/strong><\/p>\n<p style=\"text-align: left;\"><span style=\"color: #800000;\"><strong>ESPOSIZIONE: <\/strong><\/span><strong>QUADRUPLA<\/strong><\/p>\n<p style=\"text-align: left;\"><span style=\"color: #800000;\"><strong>SPESE CONDOMINIALI:<\/strong><\/span> <strong>&#8211;<\/strong><\/p>\n<p style=\"text-align: left;\"><span style=\"color: #800000;\"><strong>BOX\/ Posto Auto:<\/strong><\/span>\u00a0<strong>3<\/strong>\u00a0<strong>BOX\u00a0<\/strong><\/p>\n<p style=\"text-align: left;\"><span style=\"color: #800000;\"><strong>SITUAZIONE:<\/strong><\/span><strong style=\"line-height: 1.5em;\"> LIBERO<\/strong><\/p>\n<p style=\"text-align: left;\"><span style=\"color: #800000;\"><strong>Indice di Prestazione Energetica:<\/strong><\/span><strong><span style=\"line-height: 19px;\"> 223,77 KWH\/m2 annui<\/span><\/strong><\/p>\n<\/td>\n<td align=\"center\"><a href=\"http:\/\/www.manor-re.com\/public\/wp-content\/uploads\/2012\/02\/logo_250.bmp\"><img decoding=\"async\" loading=\"lazy\" class=\"aligncenter  wp-image-176\" title=\"logo_250\" alt=\"\" src=\"http:\/\/www.manor-re.com\/public\/wp-content\/uploads\/2012\/02\/logo_250.bmp\" width=\"171\" height=\"121\" \/><\/a><a href=\"http:\/\/www.manor-re.com\/public\/wp-content\/uploads\/2014\/09\/DSCN2894.jpg\"><img decoding=\"async\" loading=\"lazy\" class=\"aligncenter  wp-image-8782\" alt=\"DSCN2894\" src=\"http:\/\/www.manor-re.com\/public\/wp-content\/uploads\/2014\/09\/DSCN2894-150x150.jpg\" width=\"135\" height=\"135\" \/><\/a><\/td>\n<\/tr>\n<\/tbody>\n<\/table>\n<p><span style=\"color: #800000;\"><strong>RICHIESTA:<\/strong><\/span><span style=\"color: #000000;\"> \u20ac 319.000,00<\/span><\/p>\n<p style=\"text-align: justify;\"><span style=\"color: #800000;\"><strong>DESCRIZIONE: <\/strong><\/span><\/p>\n<p>&nbsp;<\/p>\n<p><span style=\"color: #000000;\">Villa indipendente di 250 mq commerciali a Castano Primo nella zona residenziale nelle vicinanze della stazione trenord.<\/span><\/p>\n<p><span style=\"color: #000000;\">L&#8217;immobile \u00e8 \u00a0\u00e8 cos\u00ec composto: ingresso, cucina \u00a0abitabile, soggiorno doppio, tre camere da letto e 2 bagni finestrati e portico coperto. Al piano mansardato open space al rustico e balconata. Completa la propriet\u00e0 al piano inferiore un vano cantina molto ampio, locale lavanderia con servizi, locale caldaia e box staccati dal corpo principale troviamo due ulteriori box oltre ad un terreno di 500 mq.<\/span><\/p>\n<p><span style=\"color: #000000;\">La struttura esterna \u00e8 in ottime condizioni, l&#8217;appartamento al piano terra \u00e8 perfettamente tenuto, mentre la mansarda \u00e8 al rustico.<\/span><\/p>\n<p><span style=\"color: #000000;\">Cl. Energ \u00a0&#8220;G&#8221; Ipe: 223,77 Kwh\/m3 annui<\/span><\/p>\n<p><span style=\"color: #800000;\"><strong>RIFERIMENTO:<\/strong><\/span> <span style=\"color: #000000;\"><strong>K.Navarrini 340 3732158<\/strong><\/span><\/p>\n<p><span style=\"color: #000000;\"><em>Questa scheda ha valore puramente indicativo e non costituisce elemento contrattuale ne&#8217; presupposto contrattuale<\/em><\/span><\/p>\n<p>&nbsp;<\/p>\n<table width=\"100%\" border=\"5\" cellspacing=\"0\" cellpadding=\"3\">\n<tbody>\n<tr>\n<td><a href=\"http:\/\/www.manor-re.com\/public\/wp-content\/uploads\/2014\/09\/DSCN2863.jpg\"><img decoding=\"async\" loading=\"lazy\" class=\"aligncenter size-medium wp-image-8783\" alt=\"DSCN2863\" src=\"http:\/\/www.manor-re.com\/public\/wp-content\/uploads\/2014\/09\/DSCN2863-300x225.jpg\" width=\"300\" height=\"225\" srcset=\"https:\/\/www.manor-re.com\/wp-content\/uploads\/2014\/09\/DSCN2863-300x225.jpg 300w, https:\/\/www.manor-re.com\/wp-content\/uploads\/2014\/09\/DSCN2863-1024x768.jpg 1024w\" sizes=\"(max-width: 300px) 100vw, 300px\" \/><\/a><\/td>\n<td align=\"left\"><a href=\"http:\/\/www.manor-re.com\/public\/wp-content\/uploads\/2014\/09\/DSCN2865.jpg\"><img decoding=\"async\" loading=\"lazy\" class=\"aligncenter size-medium wp-image-8784\" alt=\"DSCN2865\" src=\"http:\/\/www.manor-re.com\/public\/wp-content\/uploads\/2014\/09\/DSCN2865-300x225.jpg\" width=\"300\" height=\"225\" srcset=\"https:\/\/www.manor-re.com\/wp-content\/uploads\/2014\/09\/DSCN2865-300x225.jpg 300w, https:\/\/www.manor-re.com\/wp-content\/uploads\/2014\/09\/DSCN2865-1024x768.jpg 1024w\" sizes=\"(max-width: 300px) 100vw, 300px\" \/><\/a><\/td>\n<td align=\"center\"><a href=\"http:\/\/www.manor-re.com\/public\/wp-content\/uploads\/2014\/09\/DSCN2864.jpg\"><img decoding=\"async\" loading=\"lazy\" class=\"aligncenter size-medium wp-image-8785\" alt=\"DSCN2864\" src=\"http:\/\/www.manor-re.com\/public\/wp-content\/uploads\/2014\/09\/DSCN2864-300x225.jpg\" width=\"300\" height=\"225\" srcset=\"https:\/\/www.manor-re.com\/wp-content\/uploads\/2014\/09\/DSCN2864-300x225.jpg 300w, https:\/\/www.manor-re.com\/wp-content\/uploads\/2014\/09\/DSCN2864-1024x768.jpg 1024w\" sizes=\"(max-width: 300px) 100vw, 300px\" \/><\/a><\/td>\n<td align=\"center\"><\/td>\n<\/tr>\n<\/tbody>\n<\/table>\n<table width=\"100%\" border=\"5\" cellspacing=\"0\" cellpadding=\"3\">\n<tbody>\n<tr>\n<td><a href=\"http:\/\/www.manor-re.com\/public\/wp-content\/uploads\/2014\/09\/DSCN2867.jpg\"><img decoding=\"async\" loading=\"lazy\" class=\"aligncenter size-medium wp-image-8786\" alt=\"DSCN2867\" src=\"http:\/\/www.manor-re.com\/public\/wp-content\/uploads\/2014\/09\/DSCN2867-300x225.jpg\" width=\"300\" height=\"225\" srcset=\"https:\/\/www.manor-re.com\/wp-content\/uploads\/2014\/09\/DSCN2867-300x225.jpg 300w, https:\/\/www.manor-re.com\/wp-content\/uploads\/2014\/09\/DSCN2867-1024x768.jpg 1024w\" sizes=\"(max-width: 300px) 100vw, 300px\" \/><\/a><\/td>\n<td align=\"left\"><a href=\"http:\/\/www.manor-re.com\/public\/wp-content\/uploads\/2014\/09\/DSCN2859.jpg\"><img decoding=\"async\" loading=\"lazy\" class=\"aligncenter size-medium wp-image-8787\" alt=\"DSCN2859\" src=\"http:\/\/www.manor-re.com\/public\/wp-content\/uploads\/2014\/09\/DSCN2859-300x225.jpg\" width=\"300\" height=\"225\" srcset=\"https:\/\/www.manor-re.com\/wp-content\/uploads\/2014\/09\/DSCN2859-300x225.jpg 300w, https:\/\/www.manor-re.com\/wp-content\/uploads\/2014\/09\/DSCN2859-1024x768.jpg 1024w\" sizes=\"(max-width: 300px) 100vw, 300px\" \/><\/a><\/td>\n<td align=\"center\"><a href=\"http:\/\/www.manor-re.com\/public\/wp-content\/uploads\/2014\/09\/DSCN2853.jpg\"><img decoding=\"async\" loading=\"lazy\" class=\"aligncenter size-medium wp-image-8788\" alt=\"DSCN2853\" src=\"http:\/\/www.manor-re.com\/public\/wp-content\/uploads\/2014\/09\/DSCN2853-300x225.jpg\" width=\"300\" height=\"225\" srcset=\"https:\/\/www.manor-re.com\/wp-content\/uploads\/2014\/09\/DSCN2853-300x225.jpg 300w, https:\/\/www.manor-re.com\/wp-content\/uploads\/2014\/09\/DSCN2853-1024x768.jpg 1024w\" sizes=\"(max-width: 300px) 100vw, 300px\" \/><\/a><\/td>\n<td align=\"center\"><\/td>\n<\/tr>\n<\/tbody>\n<\/table>\n<table width=\"100%\" border=\"5\" cellspacing=\"0\" cellpadding=\"3\">\n<tbody>\n<tr>\n<td><a href=\"http:\/\/www.manor-re.com\/public\/wp-content\/uploads\/2014\/09\/DSCN2869.jpg\"><img decoding=\"async\" loading=\"lazy\" class=\"aligncenter size-medium wp-image-8789\" alt=\"DSCN2869\" src=\"http:\/\/www.manor-re.com\/public\/wp-content\/uploads\/2014\/09\/DSCN2869-300x225.jpg\" width=\"300\" height=\"225\" srcset=\"https:\/\/www.manor-re.com\/wp-content\/uploads\/2014\/09\/DSCN2869-300x225.jpg 300w, https:\/\/www.manor-re.com\/wp-content\/uploads\/2014\/09\/DSCN2869-1024x768.jpg 1024w\" sizes=\"(max-width: 300px) 100vw, 300px\" \/><\/a><\/td>\n<td align=\"left\"><a href=\"http:\/\/www.manor-re.com\/public\/wp-content\/uploads\/2014\/09\/DSCN2898.jpg\"><img decoding=\"async\" loading=\"lazy\" class=\"aligncenter size-medium wp-image-8790\" alt=\"DSCN2898\" src=\"http:\/\/www.manor-re.com\/public\/wp-content\/uploads\/2014\/09\/DSCN2898-300x225.jpg\" width=\"300\" height=\"225\" srcset=\"https:\/\/www.manor-re.com\/wp-content\/uploads\/2014\/09\/DSCN2898-300x225.jpg 300w, https:\/\/www.manor-re.com\/wp-content\/uploads\/2014\/09\/DSCN2898-1024x768.jpg 1024w\" sizes=\"(max-width: 300px) 100vw, 300px\" \/><\/a><\/td>\n<td align=\"center\"><a href=\"http:\/\/www.manor-re.com\/public\/wp-content\/uploads\/2014\/09\/DSCN2874.jpg\"><img decoding=\"async\" loading=\"lazy\" class=\"aligncenter size-medium wp-image-8791\" alt=\"DSCN2874\" src=\"http:\/\/www.manor-re.com\/public\/wp-content\/uploads\/2014\/09\/DSCN2874-300x225.jpg\" width=\"300\" height=\"225\" srcset=\"https:\/\/www.manor-re.com\/wp-content\/uploads\/2014\/09\/DSCN2874-300x225.jpg 300w, https:\/\/www.manor-re.com\/wp-content\/uploads\/2014\/09\/DSCN2874-1024x768.jpg 1024w\" sizes=\"(max-width: 300px) 100vw, 300px\" \/><\/a><\/td>\n<td align=\"center\"><\/td>\n<\/tr>\n<\/tbody>\n<\/table>\n<p>&nbsp;<\/p>\n<p>&nbsp;<\/p>\n<p>&nbsp;<\/p>\n<p><strong><span style=\"color: #800000;\">IMMOBILI ANALOGHI VISUALIZZATI DA ALTRE PERSONE PRIMA DI TE:<\/span><\/strong><\/p>\n<table width=\"100%\" border=\"5\" cellspacing=\"0\" cellpadding=\"3\">\n<tbody>\n<tr>\n<td><\/td>\n<td align=\"left\">\n<p style=\"text-align: center;\"><a href=\"http:\/\/www.manor-re.com\/public\/wp-content\/uploads\/2012\/02\/logo_250.bmp\"><img decoding=\"async\" loading=\"lazy\" title=\"logo_250\" alt=\"\" src=\"http:\/\/www.manor-re.com\/public\/wp-content\/uploads\/2012\/02\/logo_250.bmp\" width=\"150\" height=\"113\" \/><\/a><\/p>\n<p style=\"text-align: center;\"><span style=\"color: #800000;\"><a title=\"loft spadolini\" href=\"http:\/\/www.manor-re.com\/index.php\/form-contatti\/\"><span style=\"color: #800000;\">NON HAI TROVATO CIO&#8217; CHE CERCAVI? Compila il nostro FORM DI CONTATTO<\/span><\/a><\/span><\/p>\n<\/td>\n<td align=\"center\"><\/td>\n<td align=\"center\"><a href=\"http:\/\/www.manor-re.com\/public\/wp-content\/uploads\/2012\/02\/logo_250.bmp\"><img decoding=\"async\" loading=\"lazy\" class=\"aligncenter\" title=\"logo_250\" alt=\"\" src=\"http:\/\/www.manor-re.com\/public\/wp-content\/uploads\/2012\/02\/logo_250.bmp\" width=\"150\" height=\"113\" \/><\/a><\/p>\n<p style=\"text-align: center;\"><span style=\"color: #800000;\"><a title=\"loft spadolini\" href=\"http:\/\/www.manor-re.com\/index.php\/form-contatti\/\"><span style=\"color: #800000;\">NON HAI TROVATO CIO&#8217; CHE CERCAVI? Compila il nostro FORM DI CONTATTO<\/span><\/a><\/span><\/p>\n<\/td>\n<\/tr>\n<\/tbody>\n<\/table>\n<p>&nbsp;<\/p>\n<p><span style=\"color: #800000;\"><a title=\"Vendita Hinterland\" href=\"http:\/\/www.manor-re.com\/index.php\/vendita-hinterland\/\"><span style=\"color: #800000;\">Torna alle nostre proposte<\/span><\/a><\/span><\/p>\n","protected":false},"excerpt":{"rendered":"<p>CITTA\u2019: CASTANO PRIMO TIPOLOGIA: VILLA INDIPENDENTE PLUS:\u00a0TRANQUILLA, FINITURE PIANO:\u00a0\u00a0SU 3 LIVELLI BALCONI:\u00a0TERRAZZO RISCALDAMENTO: AUTONOMO PERTINENZA: TERRENO 500 MQ PORTIERATO: NO Classe Energetica:\u00a0G &nbsp; ZONA:\u00a0STAZIONE MQ: 250 STABILE: ANNI &#8217;80 ASCENSORE: NO \u00a0 ESPOSIZIONE: QUADRUPLA SPESE CONDOMINIALI: &#8211; BOX\/ Posto Auto:\u00a03\u00a0BOX\u00a0 SITUAZIONE: LIBERO Indice di Prestazione Energetica: 223,77 KWH\/m2 annui RICHIESTA: \u20ac 319.000,00 DESCRIZIONE: &nbsp; Villa [&hellip;]<\/p>\n","protected":false},"author":1,"featured_media":0,"parent":0,"menu_order":0,"comment_status":"closed","ping_status":"closed","template":"","meta":[],"_links":{"self":[{"href":"https:\/\/www.manor-re.com\/index.php\/wp-json\/wp\/v2\/pages\/8778"}],"collection":[{"href":"https:\/\/www.manor-re.com\/index.php\/wp-json\/wp\/v2\/pages"}],"about":[{"href":"https:\/\/www.manor-re.com\/index.php\/wp-json\/wp\/v2\/types\/page"}],"author":[{"embeddable":true,"href":"https:\/\/www.manor-re.com\/index.php\/wp-json\/wp\/v2\/users\/1"}],"replies":[{"embeddable":true,"href":"https:\/\/www.manor-re.com\/index.php\/wp-json\/wp\/v2\/comments?post=8778"}],"version-history":[{"count":5,"href":"https:\/\/www.manor-re.com\/index.php\/wp-json\/wp\/v2\/pages\/8778\/revisions"}],"predecessor-version":[{"id":14413,"href":"https:\/\/www.manor-re.com\/index.php\/wp-json\/wp\/v2\/pages\/8778\/revisions\/14413"}],"wp:attachment":[{"href":"https:\/\/www.manor-re.com\/index.php\/wp-json\/wp\/v2\/media?parent=8778"}],"curies":[{"name":"wp","href":"https:\/\/api.w.org\/{rel}","templated":true}]}}