{"id":7411,"date":"2014-03-25T21:39:20","date_gmt":"2014-03-25T21:39:20","guid":{"rendered":"http:\/\/www.manor-re.com\/?page_id=7411"},"modified":"2018-01-24T09:24:15","modified_gmt":"2018-01-24T09:24:15","slug":"capannone-paderno-dugnano-vendita","status":"publish","type":"page","link":"https:\/\/www.manor-re.com\/index.php\/capannone-paderno-dugnano-vendita\/","title":{"rendered":"CAPANNONE PADERNO DUGNANO VENDITA"},"content":{"rendered":"<p>&nbsp;<\/p>\n<table width=\"100%\" border=\"1\" cellspacing=\"0\" cellpadding=\"3\">\n<tbody>\n<tr>\n<td><\/td>\n<td align=\"left\"><span style=\"color: #800000;\"><strong>CITTA\u2019:<\/strong><\/span>\u00a0<strong><span style=\"color: #000000;\">PADERNO DUGNANO (MI)<\/span><\/strong><\/p>\n<p><strong><\/strong><strong><\/strong><strong><\/strong><strong><\/strong><strong><\/strong><strong><\/strong><strong><\/strong><strong><\/strong><strong><\/strong><strong><\/strong><strong><\/strong><strong><\/strong><strong><\/strong><strong><\/strong><strong><\/strong><strong><\/strong><strong><\/strong><strong><\/strong><strong><\/strong><strong><\/strong><strong><\/strong><strong><\/strong><span style=\"color: #800000;\"><strong>TIPOLOGIA:<\/strong><\/span> <strong>CAPANNONE<\/strong><\/p>\n<p><span style=\"color: #800000;\"><strong>PLUS:<\/strong><\/span>\u00a0<strong>VICINANZA SVINCOLO TANGENZIALE<\/strong><\/p>\n<p><span style=\"color: #800000;\"><strong>PIANO:<\/strong><\/span>\u00a0<strong>SU 2 LIVELLI<\/strong><\/p>\n<p><span style=\"color: #800000;\"><strong>BALCONI:<\/strong><\/span><strong>\u00a0NO<\/strong><\/p>\n<p><span style=\"color: #800000;\"><strong>RISCALDAMENTO:<\/strong> <\/span><strong>AUTONOMO<\/strong><\/p>\n<p><span style=\"color: #800000;\"><strong>PERTINENZA:<\/strong><\/span> <strong>CORTILE \u00a0\u00a0<\/strong><\/p>\n<p><span style=\"color: #800000;\"><strong>Classe Energetica:<\/strong><\/span> <strong>G<\/strong><\/p>\n<p>&nbsp;<\/td>\n<td align=\"center\">\n<p style=\"text-align: left;\"><span style=\"color: #800000;\"><strong>ZONA:<\/strong><\/span> <strong>CALDERARA<\/strong><\/p>\n<p style=\"text-align: left;\"><span style=\"color: #800000;\"><strong>MQ:<\/strong><\/span>\u00a0<strong>2.800<\/strong><\/p>\n<p style=\"text-align: left;\"><span style=\"color: #800000;\"><strong>STABILE:<\/strong> <\/span><strong>1980<\/strong><\/p>\n<p style=\"text-align: left;\"><span style=\"color: #800000;\"><strong>ASCENSORE:<\/strong><\/span>\u00a0<strong>MONTACARICHI<\/strong><\/p>\n<p style=\"text-align: left;\"><span style=\"color: #800000;\"><strong>ESPOSIZIONE: <\/strong><\/span><strong>TRIPLA<\/strong><\/p>\n<p style=\"text-align: left;\"><span style=\"color: #800000;\"><strong>SPESE CONDOMINIALI:<\/strong><\/span> <strong>&#8211;<\/strong><\/p>\n<p style=\"text-align: left;\"><span style=\"color: #800000;\"><strong>BOX\/ Posto Auto: <span style=\"color: #000000;\">10 POSTI<\/span><\/strong><\/span><\/p>\n<p style=\"text-align: left;\"><span style=\"color: #800000;\"><strong>SITUAZIONE:<\/strong><\/span><strong> LIBERO<\/strong><\/p>\n<p style=\"text-align: left;\"><span style=\"color: #800000;\"><strong>Indice di Prestazione Energetica:<\/strong><\/span><strong><span style=\"line-height: 19px;\"> 116,96 KWH\/m3 annui<\/span><\/strong><\/p>\n<\/td>\n<td align=\"center\"><a href=\"http:\/\/www.manor-re.com\/public\/wp-content\/uploads\/2012\/02\/logo_250.bmp\"><img decoding=\"async\" loading=\"lazy\" class=\"aligncenter  wp-image-176\" title=\"logo_250\" alt=\"\" src=\"http:\/\/www.manor-re.com\/public\/wp-content\/uploads\/2012\/02\/logo_250.bmp\" width=\"171\" height=\"121\" \/><\/a><a href=\"http:\/\/www.manor-re.com\/public\/wp-content\/uploads\/2014\/03\/paderno-5.jpg\"><img decoding=\"async\" loading=\"lazy\" class=\"aligncenter  wp-image-7414\" alt=\"paderno 5\" src=\"http:\/\/www.manor-re.com\/public\/wp-content\/uploads\/2014\/03\/paderno-5-150x150.jpg\" width=\"135\" height=\"135\" \/><\/a><\/td>\n<\/tr>\n<\/tbody>\n<\/table>\n<p><span style=\"color: #800000;\"><strong>RICHIESTA:<\/strong><\/span> <span style=\"color: #000000;\">\u20ac 1.975.000,00<\/span><\/p>\n<p style=\"text-align: justify;\"><span style=\"color: #800000;\"><strong>DESCRIZIONE: <\/strong><\/span><\/p>\n<p><span style=\"color: #000000;\">Immobile a destinazione commerciale con annesso appartamento nelle immediate vicinanze dello svincolo tangenziale posizionato nel comune di Paderno Dugnano.<\/span><\/p>\n<div><\/div>\n<div>\n<p>La propriet\u00e0 \u00e8 cos\u00ec suddivisa: al piano terra troviamo\u00a0zona uffici, due ampi locali ad uso magazzino, locali depositi,\u00a0locale tecnico batterie, garage, capannone ad uso rimessa auto, tettoie ed area\u00a0cortilizia. Al piano primo zona uffici-servizi. Al piano interrato \u00a0locale tecnico.\u00a0Completa la propriet\u00e0 l&#8217;unit\u00e0 immobiliare catastalmente censita\u00a0in cat. A\/3 (residenziale), destinata ad abitazione del custode di tre locali cucina a vista oltre servizi.<br \/>\nI serramenti sono profilati di alluminio anodizzato con vetri a camera e\u00a0pavimentazione in ceramica.<br \/>\nL\u2019immobile si presenta in buono stato manutentivo.<br \/>\nB) Capannone industriale mono piano \u2013 altezza netta interna ml. 12,20 \u2013 ad uso\u00a0deposito.<br \/>\nC) Capannone industriale mono piano, parzialmente impalcato \u2013 altezza netta\u00a0interna ml. 6,50 \u2013 destinato a laboratorio, uffici e servizi.<br \/>\nClasse energetica &#8220;G&#8221; indice di prestazione energetica 116,96 kwh\/m3annui.<\/p>\n<\/div>\n<div><\/div>\n<div><\/div>\n<div><\/div>\n<div><strong><span style=\"color: #800000;\">RIFERIMENTO:<\/span>\u00a0 K. Navarrini 3403732158<\/strong><\/div>\n<div><\/div>\n<p>&nbsp;<\/p>\n<p><span style=\"color: #000000;\"><em>Questa scheda ha valore puramente indicativo e non costituisce<\/em><\/span><span style=\"color: #000000;\"><em> elemento contrattuale ne&#8217; presupposto contrattuale<\/em><\/span><\/p>\n<p>&nbsp;<\/p>\n<table width=\"100%\" border=\"1\" cellspacing=\"0\" cellpadding=\"3\">\n<tbody>\n<tr>\n<td><a href=\"http:\/\/www.manor-re.com\/public\/wp-content\/uploads\/2014\/03\/paderno-1.jpg\"><img decoding=\"async\" loading=\"lazy\" class=\"aligncenter  wp-image-7415\" alt=\"paderno 1\" src=\"http:\/\/www.manor-re.com\/public\/wp-content\/uploads\/2014\/03\/paderno-1-300x211.jpg\" width=\"300\" height=\"225\" \/><\/a><\/td>\n<td align=\"left\"><a href=\"http:\/\/www.manor-re.com\/public\/wp-content\/uploads\/2014\/03\/paderno-2.jpg\"><img decoding=\"async\" loading=\"lazy\" class=\"aligncenter size-medium wp-image-7416\" alt=\"paderno 2\" src=\"http:\/\/www.manor-re.com\/public\/wp-content\/uploads\/2014\/03\/paderno-2-300x225.jpg\" width=\"300\" height=\"225\" srcset=\"https:\/\/www.manor-re.com\/wp-content\/uploads\/2014\/03\/paderno-2-300x225.jpg 300w, https:\/\/www.manor-re.com\/wp-content\/uploads\/2014\/03\/paderno-2.jpg 831w\" sizes=\"(max-width: 300px) 100vw, 300px\" \/><\/a><\/td>\n<td align=\"center\"><a href=\"http:\/\/www.manor-re.com\/public\/wp-content\/uploads\/2014\/03\/paderno-3.jpg\"><img decoding=\"async\" loading=\"lazy\" class=\"aligncenter  wp-image-7417\" alt=\"paderno 3\" src=\"http:\/\/www.manor-re.com\/public\/wp-content\/uploads\/2014\/03\/paderno-3-300x233.jpg\" width=\"300\" height=\"225\" \/><\/a><\/td>\n<td align=\"center\"><\/td>\n<\/tr>\n<\/tbody>\n<\/table>\n<table width=\"100%\" border=\"1\" cellspacing=\"0\" cellpadding=\"3\">\n<tbody>\n<tr>\n<td><a href=\"http:\/\/www.manor-re.com\/public\/wp-content\/uploads\/2014\/03\/paderno-4.jpg\"><img decoding=\"async\" loading=\"lazy\" class=\"aligncenter  wp-image-7418\" alt=\"paderno 4\" src=\"http:\/\/www.manor-re.com\/public\/wp-content\/uploads\/2014\/03\/paderno-4-300x226.jpg\" width=\"300\" height=\"225\" srcset=\"https:\/\/www.manor-re.com\/wp-content\/uploads\/2014\/03\/paderno-4-300x226.jpg 300w, https:\/\/www.manor-re.com\/wp-content\/uploads\/2014\/03\/paderno-4.jpg 826w\" sizes=\"(max-width: 300px) 100vw, 300px\" \/><\/a><\/td>\n<td align=\"left\"><a href=\"http:\/\/www.manor-re.com\/public\/wp-content\/uploads\/2014\/03\/paderno-6.jpg\"><img decoding=\"async\" loading=\"lazy\" class=\"aligncenter size-medium wp-image-7419\" alt=\"paderno 6\" src=\"http:\/\/www.manor-re.com\/public\/wp-content\/uploads\/2014\/03\/paderno-6-300x225.jpg\" width=\"300\" height=\"225\" srcset=\"https:\/\/www.manor-re.com\/wp-content\/uploads\/2014\/03\/paderno-6-300x225.jpg 300w, https:\/\/www.manor-re.com\/wp-content\/uploads\/2014\/03\/paderno-6.jpg 828w\" sizes=\"(max-width: 300px) 100vw, 300px\" \/><\/a><\/td>\n<td align=\"center\"><a href=\"http:\/\/www.manor-re.com\/public\/wp-content\/uploads\/2014\/03\/paderno-8.jpg\"><img decoding=\"async\" loading=\"lazy\" class=\"aligncenter  wp-image-7420\" alt=\"paderno 8\" src=\"http:\/\/www.manor-re.com\/public\/wp-content\/uploads\/2014\/03\/paderno-8-300x226.jpg\" width=\"300\" height=\"225\" \/><\/a><\/td>\n<td align=\"center\"><\/td>\n<\/tr>\n<\/tbody>\n<\/table>\n<table width=\"100%\" border=\"1\" cellspacing=\"0\" cellpadding=\"3\">\n<tbody>\n<tr>\n<td><\/td>\n<td align=\"left\"><a href=\"http:\/\/www.manor-re.com\/public\/wp-content\/uploads\/2014\/03\/paderno-11.jpg\"><img decoding=\"async\" loading=\"lazy\" class=\"aligncenter  wp-image-7421\" alt=\"paderno 11\" src=\"http:\/\/www.manor-re.com\/public\/wp-content\/uploads\/2014\/03\/paderno-11-216x300.jpg\" width=\"225\" height=\"300\" \/><\/a><\/td>\n<td align=\"center\"><a href=\"http:\/\/www.manor-re.com\/public\/wp-content\/uploads\/2014\/03\/paderno-9.jpg\"><img decoding=\"async\" loading=\"lazy\" class=\"aligncenter  wp-image-7422\" alt=\"paderno 9\" src=\"http:\/\/www.manor-re.com\/public\/wp-content\/uploads\/2014\/03\/paderno-9-231x300.jpg\" width=\"225\" height=\"300\" \/><\/a><\/td>\n<td align=\"center\"><\/td>\n<\/tr>\n<\/tbody>\n<\/table>\n<p>&nbsp;<\/p>\n<p>&nbsp;<\/p>\n<p>&nbsp;<\/p>\n<p><strong><span style=\"color: #800000;\">IMMOBILI ANALOGHI VISUALIZZATI DA ALTRE PERSONE PRIMA DI TE:<\/span><\/strong><\/p>\n<table width=\"100%\" border=\"5\" cellspacing=\"0\" cellpadding=\"3\">\n<tbody>\n<tr>\n<td><\/td>\n<td align=\"left\"><a href=\"http:\/\/www.manor-re.com\/public\/wp-content\/uploads\/2012\/02\/logo_250.bmp\"><img decoding=\"async\" loading=\"lazy\" class=\"aligncenter\" title=\"logo_250\" alt=\"\" src=\"http:\/\/www.manor-re.com\/public\/wp-content\/uploads\/2012\/02\/logo_250.bmp\" width=\"150\" height=\"113\" \/><\/a><\/p>\n<p style=\"text-align: center;\"><span style=\"color: #800000;\"><a title=\"contatti\" href=\"http:\/\/www.manor-re.com\/index.php\/form-contatti\/\"><span style=\"color: #800000;\">NON HAI TROVATO CIO&#8217; CHE CERCAVI? Compila il nostro FORM DI CONTATTO<\/span><\/a><\/span><\/p>\n<\/td>\n<td align=\"center\"><\/td>\n<td align=\"center\"><a href=\"http:\/\/www.manor-re.com\/public\/wp-content\/uploads\/2012\/02\/logo_250.bmp\"><img decoding=\"async\" loading=\"lazy\" class=\"aligncenter\" title=\"logo_250\" alt=\"\" src=\"http:\/\/www.manor-re.com\/public\/wp-content\/uploads\/2012\/02\/logo_250.bmp\" width=\"150\" height=\"113\" \/><\/a><\/p>\n<p style=\"text-align: center;\"><span style=\"color: #800000;\"><a title=\"loft spadolini\" href=\"http:\/\/www.manor-re.com\/index.php\/form-contatti\/\"><span style=\"color: #800000;\">NON HAI TROVATO CIO&#8217; CHE CERCAVI? Compila il nostro FORM DI CONTATTO<\/span><\/a><\/span><\/p>\n<\/td>\n<\/tr>\n<\/tbody>\n<\/table>\n<p>&nbsp;<\/p>\n<p><span style=\"color: #800000;\"><a title=\"Capannoni Industriali\" href=\"http:\/\/www.manor-re.com\/index.php\/capannoni-industriali\/\"><span style=\"color: #800000;\">Torna alle nostre proposte<\/span><\/a><\/span><\/p>\n","protected":false},"excerpt":{"rendered":"<p>&nbsp; CITTA\u2019:\u00a0PADERNO DUGNANO (MI) TIPOLOGIA: CAPANNONE PLUS:\u00a0VICINANZA SVINCOLO TANGENZIALE PIANO:\u00a0SU 2 LIVELLI BALCONI:\u00a0NO RISCALDAMENTO: AUTONOMO PERTINENZA: CORTILE \u00a0\u00a0 Classe Energetica: G &nbsp; ZONA: CALDERARA MQ:\u00a02.800 STABILE: 1980 ASCENSORE:\u00a0MONTACARICHI ESPOSIZIONE: TRIPLA SPESE CONDOMINIALI: &#8211; BOX\/ Posto Auto: 10 POSTI SITUAZIONE: LIBERO Indice di Prestazione Energetica: 116,96 KWH\/m3 annui RICHIESTA: \u20ac 1.975.000,00 DESCRIZIONE: Immobile a destinazione commerciale [&hellip;]<\/p>\n","protected":false},"author":1,"featured_media":0,"parent":0,"menu_order":0,"comment_status":"closed","ping_status":"closed","template":"","meta":[],"_links":{"self":[{"href":"https:\/\/www.manor-re.com\/index.php\/wp-json\/wp\/v2\/pages\/7411"}],"collection":[{"href":"https:\/\/www.manor-re.com\/index.php\/wp-json\/wp\/v2\/pages"}],"about":[{"href":"https:\/\/www.manor-re.com\/index.php\/wp-json\/wp\/v2\/types\/page"}],"author":[{"embeddable":true,"href":"https:\/\/www.manor-re.com\/index.php\/wp-json\/wp\/v2\/users\/1"}],"replies":[{"embeddable":true,"href":"https:\/\/www.manor-re.com\/index.php\/wp-json\/wp\/v2\/comments?post=7411"}],"version-history":[{"count":6,"href":"https:\/\/www.manor-re.com\/index.php\/wp-json\/wp\/v2\/pages\/7411\/revisions"}],"predecessor-version":[{"id":15283,"href":"https:\/\/www.manor-re.com\/index.php\/wp-json\/wp\/v2\/pages\/7411\/revisions\/15283"}],"wp:attachment":[{"href":"https:\/\/www.manor-re.com\/index.php\/wp-json\/wp\/v2\/media?parent=7411"}],"curies":[{"name":"wp","href":"https:\/\/api.w.org\/{rel}","templated":true}]}}