{"id":3120,"date":"2013-03-03T16:29:56","date_gmt":"2013-03-03T16:29:56","guid":{"rendered":"http:\/\/www.manor-re.com\/?page_id=3120"},"modified":"2016-03-29T15:14:13","modified_gmt":"2016-03-29T15:14:13","slug":"bilocale-rozzano","status":"publish","type":"page","link":"https:\/\/www.manor-re.com\/index.php\/bilocale-rozzano\/","title":{"rendered":"BILOCALE ROZZANO"},"content":{"rendered":"<table width=\"100%\" border=\"5\" cellspacing=\"0\" cellpadding=\"3\">\n<tbody>\n<tr>\n<td><\/td>\n<td align=\"left\"><span style=\"color: #800000;\"><strong>CITTA\u2019:<\/strong><\/span> <strong><span style=\"color: #000000;\">ROZZANO<\/span><\/strong><\/p>\n<p><strong><\/strong><strong><\/strong><strong><\/strong><strong><\/strong><strong><\/strong><strong><\/strong><strong><\/strong><strong><\/strong><strong><\/strong><strong><\/strong><strong><\/strong><strong><\/strong><span style=\"color: #800000;\"><strong>TIPOLOGIA: <\/strong><\/span><strong>APPARTAMENTO<\/strong><\/p>\n<p><span style=\"color: #800000;\"><strong>PLUS:<\/strong><\/span> <strong>SILENZIOSO, <span style=\"line-height: 19px;\">SERVITO<\/span><\/strong><\/p>\n<p><span style=\"color: #800000;\"><strong>PIANO:<\/strong><\/span> <strong>SECONDO<\/strong><\/p>\n<p><span style=\"color: #800000;\"><strong>BALCONI:<\/strong><\/span><strong> SI&#8217;<\/strong><\/p>\n<p><span style=\"color: #800000;\"><strong>RISCALDAMENTO:<\/strong> <\/span><strong>CENTRALIZZATO<\/strong><\/p>\n<p><span style=\"color: #800000;\"><strong>PERTINENZA:<\/strong><\/span> <strong>CANTINA<\/strong><\/p>\n<p><span style=\"color: #800000;\"><strong>PORTIERATO: <\/strong><\/span><strong>NO<\/strong><\/p>\n<p><span style=\"color: #800000;\"><strong>Classe Energetica:<\/strong><\/span> <strong>D<\/strong><\/p>\n<p>&nbsp;<\/td>\n<td align=\"center\">\n<p style=\"text-align: left;\"><span style=\"color: #800000;\"><strong>ZONA:<\/strong><\/span> <strong>CAPOLINEA TRAM 15<\/strong><\/p>\n<p style=\"text-align: left;\"><span style=\"color: #800000;\"><strong>MQ:<\/strong><\/span> <strong>90<\/strong><\/p>\n<p style=\"text-align: left;\"><span style=\"color: #800000;\"><strong>STABILE:<\/strong> <\/span><strong>ANNI &#8217;70<\/strong><\/p>\n<p style=\"text-align: left;\"><span style=\"color: #800000;\"><strong>ASCENSORE:<\/strong><\/span> <strong>SI&#8217;<\/strong><\/p>\n<p style=\"text-align: left;\"><span style=\"color: #800000;\"><strong>ESPOSIZIONE: <\/strong><\/span><strong>INTERNA ANGOLARE<\/strong><\/p>\n<p style=\"text-align: left;\"><span style=\"color: #800000;\"><strong>SPESE CONDOMINIALI:<\/strong><\/span> <strong>\u20ac 1100\/anno<\/strong><\/p>\n<p style=\"text-align: left;\"><span style=\"color: #800000;\"><strong>BOX\/ Posto Auto:<\/strong><\/span>\u00a0<strong>POSSIBILITA&#8217; ACQUISTO 2<\/strong>\u00a0<strong>BOX E POSTO AUTO<\/strong><\/p>\n<p style=\"text-align: left;\"><span style=\"color: #800000;\"><strong>SITUAZIONE:<\/strong><\/span><strong> LIBERO<\/strong><\/p>\n<p style=\"text-align: left;\"><span style=\"color: #800000;\"><strong>Indice di Prestazione Energetica:<\/strong><\/span><strong><span style=\"line-height: 19px;\"> 116,34 Kwh\/m2<\/span><\/strong><\/p>\n<\/td>\n<td align=\"center\"><a href=\"http:\/\/www.manor-re.com\/public\/wp-content\/uploads\/2012\/02\/logo_250.bmp\"><img decoding=\"async\" loading=\"lazy\" class=\"aligncenter  wp-image-176\" title=\"logo_250\" alt=\"\" src=\"http:\/\/www.manor-re.com\/public\/wp-content\/uploads\/2012\/02\/logo_250.bmp\" width=\"171\" height=\"121\" \/><\/a><a href=\"http:\/\/www.manor-re.com\/public\/wp-content\/uploads\/2013\/03\/ok11.jpg\"><img decoding=\"async\" loading=\"lazy\" class=\"aligncenter  wp-image-3202\" title=\"ok11\" alt=\"\" src=\"http:\/\/www.manor-re.com\/public\/wp-content\/uploads\/2013\/03\/ok11-150x150.jpg\" width=\"135\" height=\"135\" \/><\/a><\/td>\n<\/tr>\n<\/tbody>\n<\/table>\n<p><span style=\"color: #800000;\"><strong>RICHIESTA:<\/strong><\/span> <span style=\"color: #000000;\">\u20ac 150.000,00<\/span><\/p>\n<p style=\"text-align: justify;\"><span style=\"color: #800000;\"><strong>DESCRIZIONE: <\/strong><\/span><\/p>\n<p><span style=\"color: #000000;\">Bilocale cucina abitabile di 90 mq in stabile civile anni &#8217;70 nelle immediate vicinanze del capolinea del tram 15.<\/span><\/p>\n<p><span style=\"color: #000000;\">La soluzione proposta \u00e8 un&#8217;ampio bilocale\u00a0molto luminoso e tranquillo in stabile civile. La suddivisione interna degli spazi \u00e8 la seguente:\u00a0ingresso, cucina abitabile, ampio soggiorno con balconata, corridoio\u00a0un bagno grande camera matrimoniale, comodo disimpegno\u00a0eventuale possibilit\u00e0 di ricavare un secondo bagno.<\/span><\/p>\n<p><span style=\"color: #000000;\">L\u2019unit\u00e0 immobiliare \u00e8 in ottime condizioni ed \u00e8 situata in uno stabile civile di edilizia privata ben conservato.<\/span><\/p>\n<p><span style=\"color: #000000;\">Possibilit\u00e0 acquisto di due ampi box ed un posto auto condominiale, segnaliamo la possibilit\u00e0 di acquistare gli arredi.<\/span><\/p>\n<p><span style=\"color: #000000;\">L&#8217;appartamento \u00e8 situato in una zona molto ben urbanizzata e collegata.<\/span><\/p>\n<p><span style=\"color: #000000;\"><span style=\"color: #800000;\"><strong>RIFERIMENTO:<\/strong><\/span> <strong>K.Navarrini 340 3732158<\/strong><\/span><\/p>\n<p><span style=\"color: #000000;\"><em>Questa scheda ha valore puramente indicativo e non costituisce elemento contrattuale ne&#8217; presupposto contrattuale<\/em><\/span><\/p>\n<p>&nbsp;<\/p>\n<table width=\"100%\" border=\"5\" cellspacing=\"0\" cellpadding=\"3\">\n<tbody>\n<tr>\n<td><a href=\"http:\/\/www.manor-re.com\/public\/wp-content\/uploads\/2013\/03\/ok3.jpg\"><img decoding=\"async\" loading=\"lazy\" class=\"aligncenter size-medium wp-image-3122\" title=\"ok3\" alt=\"\" src=\"http:\/\/www.manor-re.com\/public\/wp-content\/uploads\/2013\/03\/ok3-300x225.jpg\" width=\"300\" height=\"225\" srcset=\"https:\/\/www.manor-re.com\/wp-content\/uploads\/2013\/03\/ok3-300x225.jpg 300w, https:\/\/www.manor-re.com\/wp-content\/uploads\/2013\/03\/ok3.jpg 500w\" sizes=\"(max-width: 300px) 100vw, 300px\" \/><\/a><\/td>\n<td align=\"left\"><a href=\"http:\/\/www.manor-re.com\/public\/wp-content\/uploads\/2013\/03\/ok5.jpg\"><img decoding=\"async\" loading=\"lazy\" class=\"aligncenter size-medium wp-image-3123\" title=\"ok5\" alt=\"\" src=\"http:\/\/www.manor-re.com\/public\/wp-content\/uploads\/2013\/03\/ok5-300x225.jpg\" width=\"300\" height=\"225\" srcset=\"https:\/\/www.manor-re.com\/wp-content\/uploads\/2013\/03\/ok5-300x225.jpg 300w, https:\/\/www.manor-re.com\/wp-content\/uploads\/2013\/03\/ok5.jpg 500w\" sizes=\"(max-width: 300px) 100vw, 300px\" \/><\/a><\/td>\n<td align=\"center\"><a href=\"http:\/\/www.manor-re.com\/public\/wp-content\/uploads\/2013\/03\/ok6.jpg\"><img decoding=\"async\" loading=\"lazy\" class=\"aligncenter size-medium wp-image-3124\" title=\"ok6\" alt=\"\" src=\"http:\/\/www.manor-re.com\/public\/wp-content\/uploads\/2013\/03\/ok6-300x225.jpg\" width=\"300\" height=\"225\" srcset=\"https:\/\/www.manor-re.com\/wp-content\/uploads\/2013\/03\/ok6-300x225.jpg 300w, https:\/\/www.manor-re.com\/wp-content\/uploads\/2013\/03\/ok6.jpg 500w\" sizes=\"(max-width: 300px) 100vw, 300px\" \/><\/a><\/td>\n<td align=\"center\"><\/td>\n<\/tr>\n<\/tbody>\n<\/table>\n<table width=\"100%\" border=\"5\" cellspacing=\"0\" cellpadding=\"3\">\n<tbody>\n<tr>\n<td><a href=\"http:\/\/www.manor-re.com\/public\/wp-content\/uploads\/2013\/03\/ok7.jpg\"><img decoding=\"async\" loading=\"lazy\" class=\"aligncenter size-medium wp-image-3125\" title=\"ok7\" alt=\"\" src=\"http:\/\/www.manor-re.com\/public\/wp-content\/uploads\/2013\/03\/ok7-300x225.jpg\" width=\"300\" height=\"225\" srcset=\"https:\/\/www.manor-re.com\/wp-content\/uploads\/2013\/03\/ok7-300x225.jpg 300w, https:\/\/www.manor-re.com\/wp-content\/uploads\/2013\/03\/ok7.jpg 500w\" sizes=\"(max-width: 300px) 100vw, 300px\" \/><\/a><\/td>\n<td align=\"left\"><a href=\"http:\/\/www.manor-re.com\/public\/wp-content\/uploads\/2013\/03\/ok8.jpg\"><img decoding=\"async\" loading=\"lazy\" class=\"aligncenter size-medium wp-image-3126\" title=\"ok8\" alt=\"\" src=\"http:\/\/www.manor-re.com\/public\/wp-content\/uploads\/2013\/03\/ok8-300x225.jpg\" width=\"300\" height=\"225\" srcset=\"https:\/\/www.manor-re.com\/wp-content\/uploads\/2013\/03\/ok8-300x225.jpg 300w, https:\/\/www.manor-re.com\/wp-content\/uploads\/2013\/03\/ok8.jpg 500w\" sizes=\"(max-width: 300px) 100vw, 300px\" \/><\/a><\/td>\n<td align=\"center\"><a href=\"http:\/\/www.manor-re.com\/public\/wp-content\/uploads\/2013\/03\/ok2.jpg\"><img decoding=\"async\" loading=\"lazy\" class=\"aligncenter size-medium wp-image-3127\" title=\"ok2\" alt=\"\" src=\"http:\/\/www.manor-re.com\/public\/wp-content\/uploads\/2013\/03\/ok2-300x225.jpg\" width=\"300\" height=\"225\" srcset=\"https:\/\/www.manor-re.com\/wp-content\/uploads\/2013\/03\/ok2-300x225.jpg 300w, https:\/\/www.manor-re.com\/wp-content\/uploads\/2013\/03\/ok2.jpg 500w\" sizes=\"(max-width: 300px) 100vw, 300px\" \/><\/a><\/td>\n<td align=\"center\"><\/td>\n<\/tr>\n<\/tbody>\n<\/table>\n<table width=\"100%\" border=\"5\" cellspacing=\"0\" cellpadding=\"3\">\n<tbody>\n<tr>\n<td><a href=\"http:\/\/www.manor-re.com\/public\/wp-content\/uploads\/2013\/03\/ok.jpg\"><img decoding=\"async\" loading=\"lazy\" class=\"aligncenter size-medium wp-image-3128\" title=\"ok\" alt=\"\" src=\"http:\/\/www.manor-re.com\/public\/wp-content\/uploads\/2013\/03\/ok-300x225.jpg\" width=\"300\" height=\"225\" srcset=\"https:\/\/www.manor-re.com\/wp-content\/uploads\/2013\/03\/ok-300x225.jpg 300w, https:\/\/www.manor-re.com\/wp-content\/uploads\/2013\/03\/ok.jpg 500w\" sizes=\"(max-width: 300px) 100vw, 300px\" \/><\/a><\/td>\n<td align=\"left\"><a href=\"http:\/\/www.manor-re.com\/public\/wp-content\/uploads\/2013\/03\/ok4.jpg\"><img decoding=\"async\" loading=\"lazy\" class=\"aligncenter size-medium wp-image-3129\" title=\"ok4\" alt=\"\" src=\"http:\/\/www.manor-re.com\/public\/wp-content\/uploads\/2013\/03\/ok4-300x225.jpg\" width=\"300\" height=\"225\" srcset=\"https:\/\/www.manor-re.com\/wp-content\/uploads\/2013\/03\/ok4-300x225.jpg 300w, https:\/\/www.manor-re.com\/wp-content\/uploads\/2013\/03\/ok4.jpg 500w\" sizes=\"(max-width: 300px) 100vw, 300px\" \/><\/a><\/td>\n<td align=\"center\"><a href=\"http:\/\/www.manor-re.com\/public\/wp-content\/uploads\/2013\/03\/ok9.jpg\"><img decoding=\"async\" loading=\"lazy\" class=\"aligncenter  wp-image-3130\" title=\"ok9\" alt=\"\" src=\"http:\/\/www.manor-re.com\/public\/wp-content\/uploads\/2013\/03\/ok9-300x210.jpg\" width=\"300\" height=\"225\" \/><\/a><\/td>\n<td align=\"center\"><\/td>\n<\/tr>\n<\/tbody>\n<\/table>\n<p>&nbsp;<\/p>\n<p>&nbsp;<\/p>\n<p>&nbsp;<\/p>\n<p><strong><span style=\"color: #800000;\">IMMOBILI ANALOGHI VISUALIZZATI DA ALTRE PERSONE PRIMA DI TE:<\/span><\/strong><\/p>\n<table width=\"100%\" border=\"5\" cellspacing=\"0\" cellpadding=\"3\">\n<tbody>\n<tr>\n<td><\/td>\n<td align=\"left\"><a href=\"http:\/\/www.manor-re.com\/public\/wp-content\/uploads\/2012\/02\/logo_250.bmp\"><img decoding=\"async\" loading=\"lazy\" class=\"aligncenter\" title=\"logo_250\" alt=\"\" src=\"http:\/\/www.manor-re.com\/public\/wp-content\/uploads\/2012\/02\/logo_250.bmp\" width=\"150\" height=\"113\" \/><\/a><\/p>\n<p style=\"text-align: center;\"><span style=\"color: #800000;\"><a title=\"contatti\" href=\"http:\/\/www.manor-re.com\/index.php\/form-contatti\/\"><span style=\"color: #800000;\">NON HAI TROVATO CIO&#8217; CHE CERCAVI? Compila il nostro FORM DI CONTATTO<\/span><\/a><\/span><\/p>\n<\/td>\n<td align=\"center\"><\/td>\n<td align=\"center\"><a href=\"http:\/\/www.manor-re.com\/public\/wp-content\/uploads\/2012\/02\/logo_250.bmp\"><img decoding=\"async\" loading=\"lazy\" class=\"aligncenter\" title=\"logo_250\" alt=\"\" src=\"http:\/\/www.manor-re.com\/public\/wp-content\/uploads\/2012\/02\/logo_250.bmp\" width=\"150\" height=\"113\" \/><\/a><\/p>\n<p style=\"text-align: center;\"><span style=\"color: #800000;\"><a title=\"loft spadolini\" href=\"http:\/\/www.manor-re.com\/index.php\/form-contatti\/\"><span style=\"color: #800000;\">NON HAI TROVATO CIO&#8217; CHE CERCAVI? Compila il nostro FORM DI CONTATTO<\/span><\/a><\/span><\/p>\n<\/td>\n<\/tr>\n<\/tbody>\n<\/table>\n<p>&nbsp;<\/p>\n<p><span style=\"color: #800000;\"><a title=\"Vendita Hinterland\" href=\"http:\/\/www.manor-re.com\/index.php\/vendita-hinterland\/\"><span style=\"color: #800000;\">Torna alle nostre proposte<\/span><\/a><\/span><\/p>\n","protected":false},"excerpt":{"rendered":"<p>CITTA\u2019: ROZZANO TIPOLOGIA: APPARTAMENTO PLUS: SILENZIOSO, SERVITO PIANO: SECONDO BALCONI: SI&#8217; RISCALDAMENTO: CENTRALIZZATO PERTINENZA: CANTINA PORTIERATO: NO Classe Energetica: D &nbsp; ZONA: CAPOLINEA TRAM 15 MQ: 90 STABILE: ANNI &#8217;70 ASCENSORE: SI&#8217; ESPOSIZIONE: INTERNA ANGOLARE SPESE CONDOMINIALI: \u20ac 1100\/anno BOX\/ Posto Auto:\u00a0POSSIBILITA&#8217; ACQUISTO 2\u00a0BOX E POSTO AUTO SITUAZIONE: LIBERO Indice di Prestazione Energetica: 116,34 Kwh\/m2 [&hellip;]<\/p>\n","protected":false},"author":1,"featured_media":0,"parent":0,"menu_order":0,"comment_status":"closed","ping_status":"closed","template":"","meta":[],"_links":{"self":[{"href":"https:\/\/www.manor-re.com\/index.php\/wp-json\/wp\/v2\/pages\/3120"}],"collection":[{"href":"https:\/\/www.manor-re.com\/index.php\/wp-json\/wp\/v2\/pages"}],"about":[{"href":"https:\/\/www.manor-re.com\/index.php\/wp-json\/wp\/v2\/types\/page"}],"author":[{"embeddable":true,"href":"https:\/\/www.manor-re.com\/index.php\/wp-json\/wp\/v2\/users\/1"}],"replies":[{"embeddable":true,"href":"https:\/\/www.manor-re.com\/index.php\/wp-json\/wp\/v2\/comments?post=3120"}],"version-history":[{"count":25,"href":"https:\/\/www.manor-re.com\/index.php\/wp-json\/wp\/v2\/pages\/3120\/revisions"}],"predecessor-version":[{"id":3184,"href":"https:\/\/www.manor-re.com\/index.php\/wp-json\/wp\/v2\/pages\/3120\/revisions\/3184"}],"wp:attachment":[{"href":"https:\/\/www.manor-re.com\/index.php\/wp-json\/wp\/v2\/media?parent=3120"}],"curies":[{"name":"wp","href":"https:\/\/api.w.org\/{rel}","templated":true}]}}