{"id":15720,"date":"2020-03-25T18:19:56","date_gmt":"2020-03-25T18:19:56","guid":{"rendered":"http:\/\/www.manor-re.com\/?page_id=15720"},"modified":"2020-03-25T18:32:07","modified_gmt":"2020-03-25T18:32:07","slug":"15720-2","status":"publish","type":"page","link":"https:\/\/www.manor-re.com\/index.php\/15720-2\/","title":{"rendered":"NEGOZIO A REDDITO MM LORETO"},"content":{"rendered":"<p>&nbsp;<\/p>\n<table border=\"5\" width=\"100%\" cellspacing=\"0\" cellpadding=\"3\">\n<tbody>\n<tr>\n<td><\/td>\n<td align=\"left\"><span style=\"color: #800000;\"><strong>CITTA\u2019:<\/strong><\/span> <strong><span style=\"color: #000000;\">MILANO<\/span><\/strong><\/p>\n<p><span style=\"color: #800000;\"><strong>TIPOLOGIA:<\/strong><\/span> <strong>NEGOZIO A REDDITO<\/strong><\/p>\n<p><span style=\"color: #800000;\"><strong>PLUS:<\/strong><\/span> <strong>SERVITO, BEN ESPOSTO<\/strong><\/p>\n<p><span style=\"color: #800000;\"><strong>PIANO:<\/strong><\/span> <strong>TERRA<\/strong><\/p>\n<p><span style=\"color: #800000;\"><strong>BALCONI:<\/strong><\/span><strong> NO<\/strong><\/p>\n<p><span style=\"color: #800000;\"><strong>RISCALDAMENTO:<\/strong> <\/span><strong>AUTONOMO<\/strong><\/p>\n<p><span style=\"color: #800000;\"><strong>PERTINENZA:<\/strong><\/span> <strong>CANTINA\u00a0<\/strong><\/p>\n<p><span style=\"color: #800000;\"><strong>PORTIERATO: <\/strong><\/span><strong>SI&#8217;<\/strong><\/p>\n<p><span style=\"color: #800000;\"><strong>Classe Energetica:<\/strong><\/span> <strong>G<\/strong><\/p>\n<p>&nbsp;<\/td>\n<td align=\"center\">\n<p style=\"text-align: left;\"><span style=\"color: #800000;\"><strong>ZONA:<\/strong><\/span> <strong>MM LORETO BUENOS AIRES<\/strong><\/p>\n<p style=\"text-align: left;\"><span style=\"color: #800000;\"><strong>MQ:<\/strong><\/span> <strong>100\u00a0<\/strong><\/p>\n<p style=\"text-align: left;\"><span style=\"color: #800000;\"><strong>STABILE:<\/strong> <\/span><strong>ANNI&#8217;30<\/strong><\/p>\n<p style=\"text-align: left;\"><span style=\"color: #800000;\"><strong>ASCENSORE:<\/strong><\/span> <strong>SI&#8217;<\/strong><\/p>\n<p style=\"text-align: left;\"><span style=\"color: #800000;\"><strong>ESPOSIZIONE: <\/strong><\/span><strong>ESTERNA<\/strong><\/p>\n<p style=\"text-align: left;\"><span style=\"color: #800000;\"><strong>SPESE CONDOMINIALI:<\/strong><\/span> <strong>\u20ac 2.400\/anno<\/strong><\/p>\n<p style=\"text-align: left;\"><span style=\"color: #800000;\"><strong>BOX\/ Posto Auto:<\/strong><\/span> <strong>NO<\/strong><\/p>\n<p style=\"text-align: left;\"><span style=\"color: #800000;\"><strong>SITUAZIONE:<\/strong><\/span><strong> AFFITTATO<\/strong><\/p>\n<p style=\"text-align: left;\"><span style=\"color: #800000;\"><strong>Indice di Prestazione Energetica:<\/strong><\/span><strong><span style=\"line-height: 19px;\">\u00a0195,77 KWH\/m2<\/span><\/strong><\/p>\n<\/td>\n<td align=\"center\"><a href=\"http:\/\/www.manor-re.com\/public\/wp-content\/uploads\/2012\/02\/logo_250.bmp\"><img decoding=\"async\" src=\"http:\/\/www.manor-re.com\/public\/wp-content\/uploads\/2012\/02\/logo_250.bmp\" \/><img decoding=\"async\" loading=\"lazy\" class=\"aligncenter size-thumbnail wp-image-15721\" src=\"http:\/\/www.manor-re.com\/wp-content\/uploads\/2020\/03\/0a2fc98f-b3d6-4d13-982f-36c26f3c2ea2-150x150.jpg\" alt=\"\" width=\"150\" height=\"150\" \/><\/a><\/td>\n<\/tr>\n<\/tbody>\n<\/table>\n<p><span style=\"color: #800000;\"><strong>RICHIESTA:<\/strong><\/span> <span style=\"color: #000000;\">\u20ac 400.000,00<\/span><\/p>\n<p style=\"text-align: justify;\"><span style=\"color: #800000;\"><strong>DESCRIZIONE: <\/strong><\/span><\/p>\n<p>&nbsp;<\/p>\n<p>Proponiamo in vendita immobile commerciale a reddito, in zona Loreto B Aires, in punto di fortissimo passaggio, 5 vetrine angolari su strada. La struttura che si sviluppa su due sale oltre a cantina e servizi doppi \u00e8 a norma ed in buone condizioni. L&#8217;attivit\u00e0 di bar del conduttore, presente da 7 anni, \u00e8 molto ben avviata e consente al gestore di pagare agevolmente il canone di locazione. Redditivit\u00e0 lorda intorno al 6% annuo. Abbiamo a disposizione altre soluzioni a reddito.<\/p>\n<p><span style=\"color: #000000;\">Classe energetica&#8221;G&#8221;,\u00a0Indice di Prestazione Energetica:\u00a0195,77 KWH\/m3.<\/span><\/p>\n<p><strong><span style=\"color: #800000;\">RIFERIMENTO:<\/span> <span style=\"color: #000000;\">K.Navarrini 340 3732158<\/span><\/strong><\/p>\n<p><span style=\"color: #000000;\"><em>Questa scheda ha valore puramente indicativo e non costituisce elemento contrattuale ne&#8217; presupposto contrattuale<\/em><\/span><\/p>\n<p>&nbsp;<\/p>\n<table border=\"5\" width=\"100%\" cellspacing=\"0\" cellpadding=\"3\">\n<tbody>\n<tr>\n<td><img decoding=\"async\" loading=\"lazy\" class=\"aligncenter size-thumbnail wp-image-15722\" src=\"http:\/\/www.manor-re.com\/wp-content\/uploads\/2020\/03\/5e3c909f-0728-4d09-bd4e-68d8d30664ad-150x150.jpg\" alt=\"\" width=\"150\" height=\"150\" \/><\/td>\n<td align=\"left\"><img decoding=\"async\" loading=\"lazy\" class=\"aligncenter size-thumbnail wp-image-15723\" src=\"http:\/\/www.manor-re.com\/wp-content\/uploads\/2020\/03\/2f5c68c3-32b4-4a76-99fd-1a28838d1a03-150x150.jpg\" alt=\"\" width=\"150\" height=\"150\" \/><\/td>\n<td align=\"center\"><img decoding=\"async\" loading=\"lazy\" class=\"aligncenter size-thumbnail wp-image-15724\" src=\"http:\/\/www.manor-re.com\/wp-content\/uploads\/2020\/03\/7cb14493-c5fe-48fc-998a-a5677394e800-150x150.jpg\" alt=\"\" width=\"150\" height=\"150\" \/><\/td>\n<td align=\"center\"><\/td>\n<\/tr>\n<\/tbody>\n<\/table>\n<table border=\"5\" width=\"100%\" cellspacing=\"0\" cellpadding=\"3\">\n<tbody>\n<tr>\n<td><img decoding=\"async\" loading=\"lazy\" class=\"aligncenter size-thumbnail wp-image-15725\" src=\"http:\/\/www.manor-re.com\/wp-content\/uploads\/2020\/03\/96b69753-f082-4d0d-b167-23f2457f2074-150x150.jpg\" alt=\"\" width=\"150\" height=\"150\" \/><\/td>\n<td align=\"left\"><img decoding=\"async\" loading=\"lazy\" class=\"aligncenter size-thumbnail wp-image-15726\" src=\"http:\/\/www.manor-re.com\/wp-content\/uploads\/2020\/03\/a5d824f4-3c69-464b-98e3-56f0bc024915-150x150.jpg\" alt=\"\" width=\"150\" height=\"150\" \/><\/td>\n<td align=\"center\"><img decoding=\"async\" loading=\"lazy\" class=\"aligncenter size-thumbnail wp-image-15727\" src=\"http:\/\/www.manor-re.com\/wp-content\/uploads\/2020\/03\/bdb74a63-78f1-478e-8e46-54981e035a70-150x150.jpg\" alt=\"\" width=\"150\" height=\"150\" \/><\/td>\n<td align=\"center\"><\/td>\n<\/tr>\n<\/tbody>\n<\/table>\n<table border=\"5\" width=\"100%\" cellspacing=\"0\" cellpadding=\"3\">\n<tbody>\n<tr>\n<td><img decoding=\"async\" loading=\"lazy\" class=\"aligncenter size-thumbnail wp-image-15728\" src=\"http:\/\/www.manor-re.com\/wp-content\/uploads\/2020\/03\/f3be845e-e6a8-45e6-9faa-c28ed3bed148-150x150.jpg\" alt=\"\" width=\"150\" height=\"150\" \/><\/td>\n<td align=\"left\"><img decoding=\"async\" loading=\"lazy\" class=\"aligncenter size-thumbnail wp-image-15729\" src=\"http:\/\/www.manor-re.com\/wp-content\/uploads\/2020\/03\/1ca7677d-320a-4c6e-a33d-1b523893fe44-150x150.jpg\" alt=\"\" width=\"150\" height=\"150\" \/><\/td>\n<td align=\"center\"><img decoding=\"async\" loading=\"lazy\" class=\"aligncenter size-thumbnail wp-image-15730\" src=\"http:\/\/www.manor-re.com\/wp-content\/uploads\/2020\/03\/1e800189-00aa-4253-a12c-cb3c30ea38ab-150x150.jpg\" alt=\"\" width=\"150\" height=\"150\" \/><\/td>\n<td align=\"center\"><\/td>\n<\/tr>\n<\/tbody>\n<\/table>\n<p>&nbsp;<\/p>\n<p>&nbsp;<\/p>\n<p>&nbsp;<\/p>\n<p><strong><span style=\"color: #800000;\">IMMOBILI ANALOGHI VISUALIZZATI DA ALTRE PERSONE PRIMA DI TE:<\/span><\/strong><\/p>\n<table border=\"5\" width=\"100%\" cellspacing=\"0\" cellpadding=\"3\">\n<tbody>\n<tr>\n<td><\/td>\n<td align=\"left\"><a href=\"http:\/\/www.manor-re.com\/public\/wp-content\/uploads\/2012\/02\/logo_250.bmp\"><img decoding=\"async\" loading=\"lazy\" class=\"aligncenter\" title=\"logo_250\" src=\"http:\/\/www.manor-re.com\/public\/wp-content\/uploads\/2012\/02\/logo_250.bmp\" alt=\"\" width=\"150\" height=\"113\" \/><\/a><\/p>\n<p style=\"text-align: center;\"><span style=\"color: #800000;\"><a title=\"contatti\" href=\"http:\/\/www.manor-re.com\/index.php\/form-contatti\/\"><span style=\"color: #800000;\">NON HAI TROVATO CIO&#8217; CHE CERCAVI? Contattaci<\/span><\/a><\/span><\/p>\n<\/td>\n<td align=\"center\"><\/td>\n<td align=\"center\"><a href=\"http:\/\/www.manor-re.com\/public\/wp-content\/uploads\/2012\/02\/logo_250.bmp\"><img decoding=\"async\" loading=\"lazy\" class=\"aligncenter\" title=\"logo_250\" src=\"http:\/\/www.manor-re.com\/public\/wp-content\/uploads\/2012\/02\/logo_250.bmp\" alt=\"\" width=\"150\" height=\"113\" \/><\/a><\/p>\n<p style=\"text-align: center;\"><span style=\"color: #800000;\"><a title=\"loft spadolini\" href=\"http:\/\/www.manor-re.com\/index.php\/form-contatti\/\"><span style=\"color: #800000;\">NON HAI TROVATO CIO&#8217; CHE CERCAVI? Contattaci<\/span><\/a><\/span><\/p>\n<\/td>\n<\/tr>\n<\/tbody>\n<\/table>\n<p><a href=\"http:\/\/www.manor-re.com\/index.php\/attivitaaziende-immobili-vendita\/\"><span style=\"color: #800000;\"><span style=\"color: #800000;\">Torna alle nostre proposte<\/span><\/span><\/a><\/p>\n","protected":false},"excerpt":{"rendered":"<p>&nbsp; CITTA\u2019: MILANO TIPOLOGIA: NEGOZIO A REDDITO PLUS: SERVITO, BEN ESPOSTO PIANO: TERRA BALCONI: NO RISCALDAMENTO: AUTONOMO PERTINENZA: CANTINA\u00a0 PORTIERATO: SI&#8217; Classe Energetica: G &nbsp; ZONA: MM LORETO BUENOS AIRES MQ: 100\u00a0 STABILE: ANNI&#8217;30 ASCENSORE: SI&#8217; ESPOSIZIONE: ESTERNA SPESE CONDOMINIALI: \u20ac 2.400\/anno BOX\/ Posto Auto: NO SITUAZIONE: AFFITTATO Indice di Prestazione Energetica:\u00a0195,77 KWH\/m2 RICHIESTA: \u20ac [&hellip;]<\/p>\n","protected":false},"author":1,"featured_media":0,"parent":0,"menu_order":0,"comment_status":"closed","ping_status":"closed","template":"","meta":[],"_links":{"self":[{"href":"https:\/\/www.manor-re.com\/index.php\/wp-json\/wp\/v2\/pages\/15720"}],"collection":[{"href":"https:\/\/www.manor-re.com\/index.php\/wp-json\/wp\/v2\/pages"}],"about":[{"href":"https:\/\/www.manor-re.com\/index.php\/wp-json\/wp\/v2\/types\/page"}],"author":[{"embeddable":true,"href":"https:\/\/www.manor-re.com\/index.php\/wp-json\/wp\/v2\/users\/1"}],"replies":[{"embeddable":true,"href":"https:\/\/www.manor-re.com\/index.php\/wp-json\/wp\/v2\/comments?post=15720"}],"version-history":[{"count":4,"href":"https:\/\/www.manor-re.com\/index.php\/wp-json\/wp\/v2\/pages\/15720\/revisions"}],"predecessor-version":[{"id":15736,"href":"https:\/\/www.manor-re.com\/index.php\/wp-json\/wp\/v2\/pages\/15720\/revisions\/15736"}],"wp:attachment":[{"href":"https:\/\/www.manor-re.com\/index.php\/wp-json\/wp\/v2\/media?parent=15720"}],"curies":[{"name":"wp","href":"https:\/\/api.w.org\/{rel}","templated":true}]}}