{"id":15514,"date":"2018-07-17T17:45:23","date_gmt":"2018-07-17T17:45:23","guid":{"rendered":"http:\/\/www.manor-re.com\/?page_id=15514"},"modified":"2018-09-17T15:53:23","modified_gmt":"2018-09-17T15:53:23","slug":"centro-estetico-tribunale-vendita","status":"publish","type":"page","link":"https:\/\/www.manor-re.com\/index.php\/centro-estetico-tribunale-vendita\/","title":{"rendered":"CENTRO ESTETICO TRIBUNALE VENDITA"},"content":{"rendered":"<table width=\"100%\" border=\"5\" cellspacing=\"0\" cellpadding=\"3\">\n<tbody>\n<tr>\n<td><a href=\"http:\/\/www.manor-re.com\/public\/wp-content\/uploads\/2017\/01\/images-4.png\"><img decoding=\"async\" loading=\"lazy\" class=\"aligncenter size-thumbnail wp-image-14621\" alt=\"images (4)\" src=\"http:\/\/www.manor-re.com\/public\/wp-content\/uploads\/2017\/01\/images-4-150x150.png\" width=\"150\" height=\"150\" srcset=\"https:\/\/www.manor-re.com\/wp-content\/uploads\/2017\/01\/images-4-150x150.png 150w, https:\/\/www.manor-re.com\/wp-content\/uploads\/2017\/01\/images-4.png 225w\" sizes=\"(max-width: 150px) 100vw, 150px\" \/><\/a><\/td>\n<td align=\"left\"><a href=\"http:\/\/www.manor-re.com\/public\/wp-content\/uploads\/2017\/05\/icone-massage-sur-table1_767_406_.png\"><img decoding=\"async\" loading=\"lazy\" class=\"aligncenter size-thumbnail wp-image-14660\" alt=\"icone-massage-sur-table1_767_406_\" src=\"http:\/\/www.manor-re.com\/public\/wp-content\/uploads\/2017\/05\/icone-massage-sur-table1_767_406_-150x150.png\" width=\"150\" height=\"150\" \/><\/a><\/td>\n<td align=\"center\"><a href=\"http:\/\/www.manor-re.com\/public\/wp-content\/uploads\/2017\/10\/ANDY.jpg\"><img decoding=\"async\" loading=\"lazy\" class=\"aligncenter  wp-image-14536\" alt=\"ANDY\" src=\"http:\/\/www.manor-re.com\/public\/wp-content\/uploads\/2017\/10\/ANDY.jpg\" width=\"150\" height=\"150\" \/><\/a><\/td>\n<td align=\"center\"><\/td>\n<\/tr>\n<\/tbody>\n<\/table>\n<p><span style=\"color: #800000;\">\u00a0<strong>RICHIESTA:<\/strong><\/span>\u00a0\u20ac68.000,00\u00a0 \u00a0 \u00a0<span style=\"color: #800000;\"><strong>ANTICIPO:<\/strong>\u00a0<\/span> \u20ac 20.000,00<\/p>\n<table width=\"100%\" border=\"5\" cellspacing=\"0\" cellpadding=\"3\">\n<tbody>\n<tr>\n<td><\/td>\n<td align=\"left\"><span style=\"color: #800000;\"><strong>CITTA\u2019:<\/strong><\/span>\u00a0<b>MILANO<\/b><\/p>\n<p><strong><\/strong><strong><\/strong><strong><\/strong><strong><\/strong><strong><\/strong><strong><\/strong><strong><\/strong><strong><\/strong><strong><\/strong><strong><\/strong><span style=\"color: #800000;\"><strong>TIPOLOGIA:<\/strong><\/span> <strong>CENTRO ESTETICO<\/strong><\/p>\n<p><span style=\"color: #800000;\"><strong>PLUS:<\/strong><\/span> <strong>SERVITO, RISTRUTTURATO<\/strong><\/p>\n<p><span style=\"color: #800000;\"><strong>PIANO:<\/strong><\/span> <strong>TERRA<\/strong><\/p>\n<p><span style=\"color: #800000;\"><strong>BALCONI:<\/strong><\/span><strong>\u00a0NO<\/strong><\/p>\n<p><span style=\"color: #800000;\"><strong>RISCALDAMENTO:<\/strong>\u00a0<span style=\"color: #000000;\"><strong>AUTONOMO<\/strong><\/span><\/span><strong><br \/>\n<\/strong><\/p>\n<p><span style=\"color: #800000;\"><strong>CONTRATTO RESIDUO:<\/strong><\/span>\u00a0<b>4+6<\/b><\/p>\n<p><span style=\"color: #800000;\"><strong>AFFITTO: <\/strong><\/span><strong>1.000 \u20ac\/mese PER 4 ANNI POI 1.200\u00a0<strong>\u20ac\/mese PER I SUCCESSIVI 6<\/strong><\/strong><\/p>\n<p><span style=\"color: #800000;\"><strong>\u00a0<\/strong><\/span><\/p>\n<p>&nbsp;<\/td>\n<td align=\"center\">\n<p style=\"text-align: left;\"><span style=\"color: #800000;\"><strong>ZONA: <span style=\"color: #000000;\">TRIBUNALE PORTA VITTORIA<\/span><\/strong><\/span><\/p>\n<p style=\"text-align: left;\"><span style=\"color: #800000;\"><strong>MQ:<\/strong><\/span> <strong>40<\/strong><\/p>\n<p style=\"text-align: left;\"><span style=\"color: #800000;\"><strong>STABILE:<\/strong> <\/span><strong>ANNI&#8217;50<\/strong><\/p>\n<p style=\"text-align: left;\"><span style=\"color: #800000;\"><strong>ESPOSIZIONE: <span style=\"color: #000000;\">ESTERNA \u00a01 LUCE<\/span><\/strong><\/span><\/p>\n<p style=\"text-align: left;\"><span style=\"color: #800000;\"><strong>SPESE CONDOMINIALI:<\/strong><\/span> <strong>100\u00a0<strong>\u20ac\/mese<\/strong><\/strong><\/p>\n<p style=\"text-align: left;\"><span style=\"color: #800000;\"><strong>BOX\/ Posto Auto:<\/strong><\/span> <strong>NO<\/strong><\/p>\n<p style=\"text-align: left;\"><span style=\"color: #800000;\"><strong>SITUAZIONE:<\/strong><\/span><strong>\u00a0<strong>LIBERO<\/strong><\/strong><\/p>\n<p style=\"text-align: left;\"><span style=\"color: #800000;\"><strong>\u00a0<\/strong><\/span><\/p>\n<\/td>\n<td align=\"center\"><a href=\"http:\/\/www.manor-re.com\/public\/wp-content\/uploads\/2012\/02\/logo_250.bmp\"><img decoding=\"async\" loading=\"lazy\" class=\"aligncenter  wp-image-176\" title=\"logo_250\" alt=\"\" src=\"http:\/\/www.manor-re.com\/public\/wp-content\/uploads\/2012\/02\/logo_250.bmp\" width=\"171\" height=\"121\" \/><\/a><\/td>\n<\/tr>\n<\/tbody>\n<\/table>\n<p style=\"text-align: justify;\"><span style=\"color: #800000;\"><strong>DESCRIZIONE: <\/strong><\/span><\/p>\n<p>\u00a0In stabile signorile, a 3 minuti a piedi dal tribunale e dalla camera del lavoro, in traversa di corso di Porta Vittoria, zona di\u00a0 passaggio\u00a0 pedonale, residenziale molto ben abitata.<\/p>\n<p>L&#8217;attivit\u00e0 \u00e8 posizionata al piano tera con ampia vetrina su strada che garantisce un&#8217;ottima visibilit\u00e0.<\/p>\n<p>Il centro attualmente presenta una zona\u00a0 reception e 2 sale per il trattamento , oltre ad una postazione nail ed il bagno clienti portatori di handicap e quello dipendenti. ripostiglio in quota per lo stoccaggio delle merci.<\/p>\n<p>Gli impianti sono \u00a0a norma, La ristrutturazione \u00e8 molto recente e tutti i macchinari sono semi nuovi in perfetto stato. \u00a0Dotato di aria\u00a0condizionata, finiture di buon livello.<\/p>\n<p><strong><span style=\"color: #800000;\">RIFERIMENTO:<\/span>\u00a0<strong><strong><strong>Segreteria Paola 3450644570<\/strong><\/strong><\/strong><\/strong><\/p>\n<p><span style=\"color: #000000;\"><em>Questa scheda ha valore puramente indicativo e non costituisce elemento contrattuale ne&#8217; presupposto contrattuale<\/em><\/span><\/p>\n<p><strong><span style=\"color: #800000;\">IMMOBILI ANALOGHI VISUALIZZATI DA ALTRE PERSONE PRIMA DI TE:<\/span><\/strong><\/p>\n<table width=\"100%\" border=\"5\" cellspacing=\"0\" cellpadding=\"3\">\n<tbody>\n<tr>\n<td><\/td>\n<td align=\"left\"><a href=\"http:\/\/www.manor-re.com\/public\/wp-content\/uploads\/2012\/02\/logo_250.bmp\"><img decoding=\"async\" loading=\"lazy\" class=\"aligncenter\" title=\"logo_250\" alt=\"\" src=\"http:\/\/www.manor-re.com\/public\/wp-content\/uploads\/2012\/02\/logo_250.bmp\" width=\"150\" height=\"113\" \/><\/a><\/p>\n<p style=\"text-align: center;\"><span style=\"color: #800000;\"><a title=\"contatti\" href=\"http:\/\/www.manor-re.com\/index.php\/form-contatti\/\"><span style=\"color: #800000;\">NON HAI TROVATO CIO&#8217; CHE CERCAVI? Compila il nostro FORM DI CONTATTO<\/span><\/a><\/span><\/p>\n<\/td>\n<td align=\"center\"><\/td>\n<td align=\"center\"><a href=\"http:\/\/www.manor-re.com\/public\/wp-content\/uploads\/2012\/02\/logo_250.bmp\"><img decoding=\"async\" loading=\"lazy\" class=\"aligncenter\" title=\"logo_250\" alt=\"\" src=\"http:\/\/www.manor-re.com\/public\/wp-content\/uploads\/2012\/02\/logo_250.bmp\" width=\"150\" height=\"113\" \/><\/a><\/p>\n<p style=\"text-align: center;\"><span style=\"color: #800000;\"><a title=\"loft spadolini\" href=\"http:\/\/www.manor-re.com\/index.php\/form-contatti\/\"><span style=\"color: #800000;\">NON HAI TROVATO CIO&#8217; CHE CERCAVI? Compila il nostro FORM DI CONTATTO<\/span><\/a><\/span><\/p>\n<\/td>\n<\/tr>\n<\/tbody>\n<\/table>\n<p><span style=\"color: #800000;\"><a title=\"Attivit\u00e0\/Aziende Vendita\" href=\"http:\/\/www.manor-re.com\/index.php\/attivitaaziende-vendita\/\"><span style=\"color: #800000;\">Torna alle nostre proposte<\/span><\/a><\/span><\/p>\n","protected":false},"excerpt":{"rendered":"<p>\u00a0RICHIESTA:\u00a0\u20ac68.000,00\u00a0 \u00a0 \u00a0ANTICIPO:\u00a0 \u20ac 20.000,00 CITTA\u2019:\u00a0MILANO TIPOLOGIA: CENTRO ESTETICO PLUS: SERVITO, RISTRUTTURATO PIANO: TERRA BALCONI:\u00a0NO RISCALDAMENTO:\u00a0AUTONOMO CONTRATTO RESIDUO:\u00a04+6 AFFITTO: 1.000 \u20ac\/mese PER 4 ANNI POI 1.200\u00a0\u20ac\/mese PER I SUCCESSIVI 6 \u00a0 &nbsp; ZONA: TRIBUNALE PORTA VITTORIA MQ: 40 STABILE: ANNI&#8217;50 ESPOSIZIONE: ESTERNA \u00a01 LUCE SPESE CONDOMINIALI: 100\u00a0\u20ac\/mese BOX\/ Posto Auto: NO SITUAZIONE:\u00a0LIBERO \u00a0 DESCRIZIONE: \u00a0In [&hellip;]<\/p>\n","protected":false},"author":1,"featured_media":0,"parent":0,"menu_order":0,"comment_status":"closed","ping_status":"closed","template":"","meta":[],"_links":{"self":[{"href":"https:\/\/www.manor-re.com\/index.php\/wp-json\/wp\/v2\/pages\/15514"}],"collection":[{"href":"https:\/\/www.manor-re.com\/index.php\/wp-json\/wp\/v2\/pages"}],"about":[{"href":"https:\/\/www.manor-re.com\/index.php\/wp-json\/wp\/v2\/types\/page"}],"author":[{"embeddable":true,"href":"https:\/\/www.manor-re.com\/index.php\/wp-json\/wp\/v2\/users\/1"}],"replies":[{"embeddable":true,"href":"https:\/\/www.manor-re.com\/index.php\/wp-json\/wp\/v2\/comments?post=15514"}],"version-history":[{"count":4,"href":"https:\/\/www.manor-re.com\/index.php\/wp-json\/wp\/v2\/pages\/15514\/revisions"}],"predecessor-version":[{"id":15579,"href":"https:\/\/www.manor-re.com\/index.php\/wp-json\/wp\/v2\/pages\/15514\/revisions\/15579"}],"wp:attachment":[{"href":"https:\/\/www.manor-re.com\/index.php\/wp-json\/wp\/v2\/media?parent=15514"}],"curies":[{"name":"wp","href":"https:\/\/api.w.org\/{rel}","templated":true}]}}