{"id":15391,"date":"2018-03-13T10:08:44","date_gmt":"2018-03-13T10:08:44","guid":{"rendered":"http:\/\/www.manor-re.com\/?page_id=15391"},"modified":"2018-03-13T10:08:44","modified_gmt":"2018-03-13T10:08:44","slug":"comprati-un-lavoro","status":"publish","type":"page","link":"https:\/\/www.manor-re.com\/index.php\/comprati-un-lavoro\/","title":{"rendered":"COMPRATI UN LAVORO"},"content":{"rendered":"<p style=\"text-align: center;\"><a href=\"http:\/\/www.manor-re.com\/public\/wp-content\/uploads\/2017\/04\/comprati-lavoro.jpg\"><img decoding=\"async\" loading=\"lazy\" class=\"aligncenter  wp-image-13921\" alt=\"comprati lavoro\" src=\"http:\/\/www.manor-re.com\/public\/wp-content\/uploads\/2017\/04\/comprati-lavoro.jpg\" width=\"600\" height=\"400\" \/><\/a><\/p>\n<p>Iniziare una nuova attivit\u00e0 \u00e8 come partire verso un viaggio avventuroso ricco di insidie ma anche di potenziali grandi soddisfazioni.<\/p>\n<p>Scegliere il locale giusto \u00e8 importante per iniziare un nuovo percorso lavorativo \u00e8 il primo passo ma \u00e8 anche quello fondamentale; sar\u00e0 poi alla Vostra capacit\u00e0 e abilit\u00e0 di gestori coltivare la crescita del Vostro locale.<\/p>\n<p>La Manor Re per ogni locale di cui ha il mandato a vendere, elabora un rating commerciale che valorizza le migliori opportunit\u00e0.<\/p>\n<div>\n<p>Il rating Manor Re \u00e8 il risultato della \u201cDue Diligence legale, lavorativa, economica e finanziaria che i nostri partner effettuano sui locali.<\/p>\n<p>Un nostro incaricato, previo appuntamento da richiedere, indicando i Vostri dati, a : commerciale@manor-re.com sar\u00e0 disponibile ad incontrarVi.<\/p>\n<p>Dopo una breve intervista finalizzata ad individuare le Vostre esigenze Vi verr\u00e0 indicata l\u2019attivit\u00e0 commerciale a nostro giudizio a Voi pi\u00f9 idonea e,<\/p>\n<p>col nostro funzionario, valuterete l\u2019opportunit\u00e0 di approfondire l\u2019analisi per un\u2019eventuale acquisto.<\/p>\n<p>L\u2019agenzia \u00e8 in grado di supportarvi e accompagnarVi in tutte le necessit\u00e0 operative nella Vostra nuova avventura lavorativa, fornendoVi consulenza specializzata con esperti manager del settore ristorazione.<\/p>\n<\/div>\n","protected":false},"excerpt":{"rendered":"<p>Iniziare una nuova attivit\u00e0 \u00e8 come partire verso un viaggio avventuroso ricco di insidie ma anche di potenziali grandi soddisfazioni. Scegliere il locale giusto \u00e8 importante per iniziare un nuovo percorso lavorativo \u00e8 il primo passo ma \u00e8 anche quello fondamentale; sar\u00e0 poi alla Vostra capacit\u00e0 e abilit\u00e0 di gestori coltivare la crescita del Vostro [&hellip;]<\/p>\n","protected":false},"author":1,"featured_media":0,"parent":0,"menu_order":0,"comment_status":"closed","ping_status":"closed","template":"","meta":[],"_links":{"self":[{"href":"https:\/\/www.manor-re.com\/index.php\/wp-json\/wp\/v2\/pages\/15391"}],"collection":[{"href":"https:\/\/www.manor-re.com\/index.php\/wp-json\/wp\/v2\/pages"}],"about":[{"href":"https:\/\/www.manor-re.com\/index.php\/wp-json\/wp\/v2\/types\/page"}],"author":[{"embeddable":true,"href":"https:\/\/www.manor-re.com\/index.php\/wp-json\/wp\/v2\/users\/1"}],"replies":[{"embeddable":true,"href":"https:\/\/www.manor-re.com\/index.php\/wp-json\/wp\/v2\/comments?post=15391"}],"version-history":[{"count":1,"href":"https:\/\/www.manor-re.com\/index.php\/wp-json\/wp\/v2\/pages\/15391\/revisions"}],"predecessor-version":[{"id":15392,"href":"https:\/\/www.manor-re.com\/index.php\/wp-json\/wp\/v2\/pages\/15391\/revisions\/15392"}],"wp:attachment":[{"href":"https:\/\/www.manor-re.com\/index.php\/wp-json\/wp\/v2\/media?parent=15391"}],"curies":[{"name":"wp","href":"https:\/\/api.w.org\/{rel}","templated":true}]}}