{"id":14160,"date":"2017-05-26T17:48:40","date_gmt":"2017-05-26T17:48:40","guid":{"rendered":"http:\/\/www.manor-re.com\/?page_id=14160"},"modified":"2018-09-17T15:54:08","modified_gmt":"2018-09-17T15:54:08","slug":"parrucchiere-isola-vendita","status":"publish","type":"page","link":"https:\/\/www.manor-re.com\/index.php\/parrucchiere-isola-vendita\/","title":{"rendered":"PARRUCCHIERE ISOLA VENDITA"},"content":{"rendered":"<table width=\"100%\" border=\"5\" cellspacing=\"0\" cellpadding=\"3\">\n<tbody>\n<tr>\n<td>\u00a0<a href=\"http:\/\/www.manor-re.com\/public\/wp-content\/uploads\/2017\/05\/forbici-e-capelli-simbolo-del-parrucchiere-33496051.jpg\"><img decoding=\"async\" loading=\"lazy\" class=\"aligncenter size-thumbnail wp-image-14659\" alt=\"forbici-e-capelli-simbolo-del-parrucchiere-33496051\" src=\"http:\/\/www.manor-re.com\/public\/wp-content\/uploads\/2017\/05\/forbici-e-capelli-simbolo-del-parrucchiere-33496051-150x150.jpg\" width=\"150\" height=\"150\" \/><\/a><\/td>\n<td align=\"left\"><a href=\"http:\/\/www.manor-re.com\/public\/wp-content\/uploads\/2017\/05\/icone-massage-sur-table1_767_406_.png\"><img decoding=\"async\" loading=\"lazy\" class=\"aligncenter size-thumbnail wp-image-14660\" alt=\"icone-massage-sur-table1_767_406_\" src=\"http:\/\/www.manor-re.com\/public\/wp-content\/uploads\/2017\/05\/icone-massage-sur-table1_767_406_-150x150.png\" width=\"150\" height=\"150\" \/><\/a><\/td>\n<td align=\"center\">\u00a0<a href=\"http:\/\/www.manor-re.com\/public\/wp-content\/uploads\/2012\/03\/images-4.png\"><img decoding=\"async\" loading=\"lazy\" class=\"aligncenter size-thumbnail wp-image-14525\" alt=\"images (4)\" src=\"http:\/\/www.manor-re.com\/public\/wp-content\/uploads\/2012\/03\/images-4-150x150.png\" width=\"150\" height=\"150\" srcset=\"https:\/\/www.manor-re.com\/wp-content\/uploads\/2012\/03\/images-4-150x150.png 150w, https:\/\/www.manor-re.com\/wp-content\/uploads\/2012\/03\/images-4.png 225w\" sizes=\"(max-width: 150px) 100vw, 150px\" \/><\/a><\/td>\n<td align=\"center\"><a href=\"http:\/\/www.manor-re.com\/public\/wp-content\/uploads\/2017\/03\/ANDY-NO.jpg\"><img decoding=\"async\" loading=\"lazy\" class=\"aligncenter size-thumbnail wp-image-14607\" alt=\"ANDY NO\" src=\"http:\/\/www.manor-re.com\/public\/wp-content\/uploads\/2017\/03\/ANDY-NO-150x150.jpg\" width=\"150\" height=\"150\" \/><\/a><\/td>\n<\/tr>\n<\/tbody>\n<\/table>\n<p><span style=\"color: #800000;\">\u00a0<strong>RICHIESTA:<\/strong><\/span>\u00a0\u20ac50.000,00\u00a0 \u00a0 \u00a0<span style=\"color: #800000;\"><strong>ANTICIPO:<\/strong>\u00a0<\/span> \u20ac 25.000,00<\/p>\n<table width=\"100%\" border=\"5\" cellspacing=\"0\" cellpadding=\"3\">\n<tbody>\n<tr>\n<td><\/td>\n<td align=\"left\"><span style=\"color: #800000;\"><strong>CITTA\u2019:<\/strong><\/span>\u00a0<b>MILANO<\/b><\/p>\n<p><strong><\/strong><strong><\/strong><strong><\/strong><strong><\/strong><strong><\/strong><strong><\/strong><strong><\/strong><strong><\/strong><strong><\/strong><strong><\/strong><span style=\"color: #800000;\"><strong>TIPOLOGIA:<\/strong><\/span> <strong>PARRUCCHIERE<\/strong><\/p>\n<p><span style=\"color: #800000;\"><strong>PLUS:<\/strong><\/span>\u00a0<strong>RECENTEMENTE RISTRUTTURATO<br \/>\n<\/strong><\/p>\n<p><span style=\"color: #800000;\"><strong>PIANO:<\/strong><\/span> <strong>TERRA<\/strong><\/p>\n<p><span style=\"color: #800000;\"><strong>BALCONI:<\/strong><\/span><strong>\u00a0NO<\/strong><\/p>\n<p><span style=\"color: #800000;\"><strong>RISCALDAMENTO:<\/strong> <\/span><strong>AUTONOMO<\/strong><\/p>\n<p><span style=\"color: #800000;\"><strong>CONTRATTO RESIDUO:<\/strong><\/span> <strong>NUOVO 6+6\u00a0<\/strong><\/p>\n<p><span style=\"color: #800000;\"><strong>AFFITTO: <\/strong><\/span><strong>1.800 \u20ac\/mese<\/strong><\/p>\n<p><span style=\"color: #800000;\"><strong>Classe Energetica:<\/strong><\/span> <strong>G<\/strong><\/p>\n<p>&nbsp;<\/td>\n<td align=\"center\">\n<p style=\"text-align: left;\"><span style=\"color: #800000;\"><strong>ZONA:<\/strong><\/span><strong>\u00a0ISOLA &#8211; FARINI<\/strong><\/p>\n<p style=\"text-align: left;\"><span style=\"color: #800000;\"><strong>MQ:<\/strong><\/span> <strong>91<\/strong><\/p>\n<p style=\"text-align: left;\"><span style=\"color: #800000;\"><strong>STABILE:<\/strong> <\/span><strong>ANNI&#8217;70<\/strong><\/p>\n<p style=\"text-align: left;\"><span style=\"color: #800000;\"><strong>ASCENSORE:<\/strong><\/span>\u00a0<strong>SI&#8217;<\/strong><\/p>\n<p style=\"text-align: left;\"><span style=\"color: #800000;\"><strong>ESPOSIZIONE: <span style=\"color: #000000;\">ESTERNA \u00a02 LUCI, INTERNA<\/span><\/strong><\/span><\/p>\n<p style=\"text-align: left;\"><span style=\"color: #800000;\"><strong>SPESE CONDOMINIALI:<\/strong><\/span> <strong>incluse<\/strong><\/p>\n<p style=\"text-align: left;\"><span style=\"color: #800000;\"><strong>BOX\/ Posto Auto:<\/strong><\/span> <strong>NO<\/strong><\/p>\n<p style=\"text-align: left;\"><span style=\"color: #800000;\"><strong>SITUAZIONE:<\/strong><\/span><strong>\u00a0<strong>LIBERO<\/strong><\/strong><\/p>\n<p style=\"text-align: left;\"><span style=\"color: #800000;\"><strong>Indice di Prestazione Energetica:<\/strong><\/span><strong><span style=\"line-height: 19px;\">\u00a0203,78 \u00a0KWH\/ m2 annui<\/span><\/strong><\/p>\n<\/td>\n<td align=\"center\"><a href=\"http:\/\/www.manor-re.com\/public\/wp-content\/uploads\/2012\/02\/logo_250.bmp\"><img decoding=\"async\" loading=\"lazy\" class=\"aligncenter  wp-image-176\" title=\"logo_250\" alt=\"\" src=\"http:\/\/www.manor-re.com\/public\/wp-content\/uploads\/2012\/02\/logo_250.bmp\" width=\"171\" height=\"121\" \/><\/a><a href=\"http:\/\/www.manor-re.com\/public\/wp-content\/uploads\/2017\/01\/images-4.png\"><img decoding=\"async\" loading=\"lazy\" class=\"aligncenter  wp-image-14621\" alt=\"images (4)\" src=\"http:\/\/www.manor-re.com\/public\/wp-content\/uploads\/2017\/01\/images-4-150x150.png\" width=\"135\" height=\"135\" srcset=\"https:\/\/www.manor-re.com\/wp-content\/uploads\/2017\/01\/images-4-150x150.png 150w, https:\/\/www.manor-re.com\/wp-content\/uploads\/2017\/01\/images-4.png 225w\" sizes=\"(max-width: 135px) 100vw, 135px\" \/><\/a><\/td>\n<\/tr>\n<\/tbody>\n<\/table>\n<p style=\"text-align: justify;\"><span style=\"color: #800000;\"><strong>DESCRIZIONE: <\/strong><\/span><\/p>\n<p>&nbsp;<\/p>\n<p>In stabile medio signorile, a 5 minuti a piedi dalla stazione della MM 3 gialla ,Maciachini e dalla MM lilla Zara in viale principae, zona di fortissimo passaggio automobilistico e pedonale, residenziale ben abitata ed alla moda.<\/p>\n<p>L&#8217;attivit\u00e0 \u00e8 posizionata al piano tera con 2 ampie vetrine su strada che garantiscono un&#8217;ottima visibilit\u00e0.<\/p>\n<p>Il negozio attualmente presenta un salone principale attrezzato con postazioni taglio, trattamento unghie e lavatesta, dal \u00a0quale \u00e8 poi possibile accedere alla cabina massaggi e trattamenti, oltre ad un piccolo ufficio, al bagno (non predisposto per i portatori di handicap) ed al locale caldaia-lavanderia.<\/p>\n<p>Gli impianti sono \u00a0a norma, \u00a0 dotato di aria\u00a0condizionata, finiture di buon livello, recentemente ristrutturato con attrezzature nuove, attualmente condotto ricevendo su appuntamento\u00a0 i clienti.<\/p>\n<p>I conduttori sono proprietari dei muri.<\/p>\n<p>&nbsp;<\/p>\n<p><span style=\"color: #000000;\">Classe energetica G, indice di prestazione energetica. 203,78 KWH\/m2 annui<\/span><\/p>\n<p><strong><span style=\"color: #800000;\">RIFERIMENTO:<\/span>\u00a0<strong><strong><strong>Segreteria Paola 3450644570<\/strong><\/strong><\/strong><\/strong><\/p>\n<p><span style=\"color: #000000;\"><em>Questa scheda ha valore puramente indicativo e non costituisce elemento contrattuale ne&#8217; presupposto contrattuale<\/em><\/span><\/p>\n<p><strong><span style=\"color: #800000;\">IMMOBILI ANALOGHI VISUALIZZATI DA ALTRE PERSONE PRIMA DI TE:<\/span><\/strong><\/p>\n<table width=\"100%\" border=\"5\" cellspacing=\"0\" cellpadding=\"3\">\n<tbody>\n<tr>\n<td><\/td>\n<td align=\"left\"><a href=\"http:\/\/www.manor-re.com\/public\/wp-content\/uploads\/2012\/02\/logo_250.bmp\"><img decoding=\"async\" loading=\"lazy\" class=\"aligncenter\" title=\"logo_250\" alt=\"\" src=\"http:\/\/www.manor-re.com\/public\/wp-content\/uploads\/2012\/02\/logo_250.bmp\" width=\"150\" height=\"113\" \/><\/a><\/p>\n<p style=\"text-align: center;\"><span style=\"color: #800000;\"><a title=\"contatti\" href=\"http:\/\/www.manor-re.com\/index.php\/form-contatti\/\"><span style=\"color: #800000;\">NON HAI TROVATO CIO&#8217; CHE CERCAVI? Compila il nostro FORM DI CONTATTO<\/span><\/a><\/span><\/p>\n<\/td>\n<td align=\"center\"><\/td>\n<td align=\"center\"><a href=\"http:\/\/www.manor-re.com\/public\/wp-content\/uploads\/2012\/02\/logo_250.bmp\"><img decoding=\"async\" loading=\"lazy\" class=\"aligncenter\" title=\"logo_250\" alt=\"\" src=\"http:\/\/www.manor-re.com\/public\/wp-content\/uploads\/2012\/02\/logo_250.bmp\" width=\"150\" height=\"113\" \/><\/a><\/p>\n<p style=\"text-align: center;\"><span style=\"color: #800000;\"><a title=\"loft spadolini\" href=\"http:\/\/www.manor-re.com\/index.php\/form-contatti\/\"><span style=\"color: #800000;\">NON HAI TROVATO CIO&#8217; CHE CERCAVI? Compila il nostro FORM DI CONTATTO<\/span><\/a><\/span><\/p>\n<\/td>\n<\/tr>\n<\/tbody>\n<\/table>\n<p><span style=\"color: #800000;\"><a title=\"Attivit\u00e0\/Aziende Vendita\" href=\"http:\/\/www.manor-re.com\/index.php\/attivitaaziende-vendita\/\"><span style=\"color: #800000;\">Torna alle nostre proposte<\/span><\/a><\/span><\/p>\n","protected":false},"excerpt":{"rendered":"<p>\u00a0 \u00a0 \u00a0RICHIESTA:\u00a0\u20ac50.000,00\u00a0 \u00a0 \u00a0ANTICIPO:\u00a0 \u20ac 25.000,00 CITTA\u2019:\u00a0MILANO TIPOLOGIA: PARRUCCHIERE PLUS:\u00a0RECENTEMENTE RISTRUTTURATO PIANO: TERRA BALCONI:\u00a0NO RISCALDAMENTO: AUTONOMO CONTRATTO RESIDUO: NUOVO 6+6\u00a0 AFFITTO: 1.800 \u20ac\/mese Classe Energetica: G &nbsp; ZONA:\u00a0ISOLA &#8211; FARINI MQ: 91 STABILE: ANNI&#8217;70 ASCENSORE:\u00a0SI&#8217; ESPOSIZIONE: ESTERNA \u00a02 LUCI, INTERNA SPESE CONDOMINIALI: incluse BOX\/ Posto Auto: NO SITUAZIONE:\u00a0LIBERO Indice di Prestazione Energetica:\u00a0203,78 \u00a0KWH\/ m2 [&hellip;]<\/p>\n","protected":false},"author":1,"featured_media":0,"parent":0,"menu_order":0,"comment_status":"closed","ping_status":"closed","template":"","meta":[],"_links":{"self":[{"href":"https:\/\/www.manor-re.com\/index.php\/wp-json\/wp\/v2\/pages\/14160"}],"collection":[{"href":"https:\/\/www.manor-re.com\/index.php\/wp-json\/wp\/v2\/pages"}],"about":[{"href":"https:\/\/www.manor-re.com\/index.php\/wp-json\/wp\/v2\/types\/page"}],"author":[{"embeddable":true,"href":"https:\/\/www.manor-re.com\/index.php\/wp-json\/wp\/v2\/users\/1"}],"replies":[{"embeddable":true,"href":"https:\/\/www.manor-re.com\/index.php\/wp-json\/wp\/v2\/comments?post=14160"}],"version-history":[{"count":14,"href":"https:\/\/www.manor-re.com\/index.php\/wp-json\/wp\/v2\/pages\/14160\/revisions"}],"predecessor-version":[{"id":14167,"href":"https:\/\/www.manor-re.com\/index.php\/wp-json\/wp\/v2\/pages\/14160\/revisions\/14167"}],"wp:attachment":[{"href":"https:\/\/www.manor-re.com\/index.php\/wp-json\/wp\/v2\/media?parent=14160"}],"curies":[{"name":"wp","href":"https:\/\/api.w.org\/{rel}","templated":true}]}}