{"id":14108,"date":"2017-05-18T16:14:44","date_gmt":"2017-05-18T16:14:44","guid":{"rendered":"http:\/\/www.manor-re.com\/?page_id=14108"},"modified":"2018-02-12T08:35:47","modified_gmt":"2018-02-12T08:35:47","slug":"loft-vendita-mm-san-siro-ippodromo","status":"publish","type":"page","link":"https:\/\/www.manor-re.com\/index.php\/loft-vendita-mm-san-siro-ippodromo\/","title":{"rendered":"LOFT VENDITA MM SAN SIRO IPPODROMO"},"content":{"rendered":"<p>&nbsp;<\/p>\n<table width=\"100%\" border=\"5\" cellspacing=\"0\" cellpadding=\"3\">\n<tbody>\n<tr>\n<td><\/td>\n<td align=\"left\"><span style=\"color: #800000;\"><strong>CITTA\u2019:<\/strong><\/span> <strong><span style=\"color: #000000;\">MILANO<\/span><\/strong><\/p>\n<p><strong><\/strong><strong><\/strong><strong><\/strong><strong><\/strong><strong><\/strong><strong><\/strong><strong><\/strong><strong><\/strong><strong><\/strong><strong><\/strong><strong><\/strong><strong><\/strong><strong><\/strong><strong><\/strong><strong><\/strong><strong><\/strong><strong><\/strong><strong><\/strong><strong><\/strong><strong><\/strong><strong><\/strong><strong><\/strong><strong><\/strong><strong><\/strong><strong><\/strong><strong><\/strong><strong><\/strong><strong><\/strong><strong><\/strong><strong><\/strong><strong><\/strong><strong><\/strong><strong><\/strong><strong><\/strong><strong><\/strong><strong><\/strong><strong><\/strong><strong><\/strong><strong><\/strong><strong><\/strong><strong><\/strong><strong><\/strong><strong><\/strong><strong><\/strong><span style=\"color: #800000;\"><strong>T<\/strong><\/span><span style=\"color: #800000;\"><strong>IPOLOGIA: <span style=\"color: #000000;\">LOFT<\/span><\/strong><\/span><\/p>\n<p><span style=\"color: #800000;\"><strong>PLUS:<\/strong><\/span> <strong><span style=\"line-height: 19px;\">SERVITO, LUMINOSO<\/span><\/strong><\/p>\n<p><span style=\"color: #800000;\"><strong>PIANO:<\/strong><\/span> <strong>TERRA<\/strong><\/p>\n<p><span style=\"color: #800000;\"><strong>BALCONI:\u00a0<\/strong><\/span><strong>TERRAZZO<\/strong><\/p>\n<p><span style=\"color: #800000;\"><strong>RISCALDAMENTO:<\/strong> <\/span><strong>CENTRALIZZATO<\/strong><\/p>\n<p><span style=\"color: #800000;\"><strong>PERTINENZA:<\/strong><\/span> <strong>POSSIBILITA&#8217; ACQUISTO VANI CANTINA<\/strong><\/p>\n<p><span style=\"color: #800000;\"><strong><strong><strong>PORTIERATO: <\/strong><span style=\"color: #000000;\"><strong>NO<\/strong><\/span><\/strong><\/strong><\/span><\/p>\n<p><span style=\"color: #800000;\"><strong>Classe Energetica:<\/strong><\/span> <strong>esente<\/strong><\/td>\n<td align=\"center\">\n<p style=\"text-align: left;\"><span style=\"color: #800000;\"><strong>ZONA: <span style=\"color: #000000;\">MM SAN SIRO IPPODROMO &#8211; PIAZZA ESQUILINO<\/span><\/strong><\/span><strong><br \/>\n<\/strong><\/p>\n<p style=\"text-align: left;\"><span style=\"color: #800000;\"><strong>MQ:<\/strong><\/span> <strong>da 129 mq<\/strong><\/p>\n<p style=\"text-align: left;\"><span style=\"color: #800000;\"><strong>STABILE:<\/strong> <\/span><strong>NUOVO<\/strong><\/p>\n<p style=\"text-align: left;\"><span style=\"color: #800000;\"><strong>ASCENSORE:<\/strong><\/span> <strong>NO<\/strong><\/p>\n<p style=\"text-align: left;\"><span style=\"color: #800000;\"><strong>ESPOSIZIONE: \u00a0<span style=\"color: #000000;\">INTERNA<\/span><\/strong><\/span><\/p>\n<p style=\"text-align: left;\"><span style=\"color: #800000;\"><strong>SPESE CONDOMINIALI:<\/strong><\/span> <strong>2.000 \/annui<\/strong><\/p>\n<p style=\"text-align: left;\"><span style=\"color: #800000;\"><strong>BOX\/ Posto Auto:<\/strong><\/span> <strong>POSSIBILITA&#8217; ACQUISTO<\/strong><\/p>\n<p style=\"text-align: left;\"><span style=\"color: #800000;\"><strong>SITUAZIONE:<\/strong><\/span><strong> LIBERO<\/strong><\/p>\n<p style=\"text-align: left;\"><span style=\"color: #800000;\"><strong>Indice di Prestazione Energetica:<\/strong><\/span><strong><span style=\"line-height: 19px;\"> &#8211;<\/span><\/strong><\/p>\n<\/td>\n<td align=\"center\"><a href=\"http:\/\/www.manor-re.com\/public\/wp-content\/uploads\/2012\/02\/logo_250.bmp\"><img decoding=\"async\" loading=\"lazy\" class=\"aligncenter  wp-image-176\" title=\"logo_250\" alt=\"\" src=\"http:\/\/www.manor-re.com\/public\/wp-content\/uploads\/2012\/02\/logo_250.bmp\" width=\"171\" height=\"121\" \/><\/a><a href=\"http:\/\/www.manor-re.com\/public\/wp-content\/uploads\/2017\/05\/2-finale-2b.jpg\"><img decoding=\"async\" loading=\"lazy\" class=\"aligncenter size-thumbnail wp-image-14114\" alt=\"2 finale 2b\" src=\"http:\/\/www.manor-re.com\/public\/wp-content\/uploads\/2017\/05\/2-finale-2b-150x150.jpg\" width=\"135\" height=\"135\" \/><\/a><\/td>\n<\/tr>\n<\/tbody>\n<\/table>\n<p><span style=\"color: #800000;\"><strong>RICHIESTA:<\/strong><\/span>\u00a0da \u20ac 229.000,00 nello stato di fatto vedi listino<\/p>\n<p style=\"text-align: justify;\"><span style=\"color: #800000;\"><strong>DESCRIZIONE: <\/strong><\/span><\/p>\n<div>Posizionato a 150 metri dalla fermata MM San Siro Ippodromo della linea lilla, ben servito anche da autobus e tram, in zona residenziale medio alto borghese tranquilla e servita. In traversa si piazza Esquilino.<\/div>\n<div><\/div>\n<div>Porzioni di laboratorio con permanenza di persone, possibilit\u00e0 cambio di destinazione d&#8217;uso gi\u00e0 verificato, carotaggi gi\u00e0 effettuati. Possibilit\u00e0 di consegna chiavi in mano con ristrutturazione a nuovo da parte del venditore.<\/div>\n<div><\/div>\n<div>Il tetto dei laboratori \u00e8 piatto, sarebbe quindi possibile recuperare ampi terrazzi dalla struttura, oltre ad un piccolo giardinetto fronte entrata ed un giardino sul retro sbancando parte della copertura. L&#8217;unit\u00e0 D pu\u00f2 essere accorpata parzialmente o totalmente alle unit\u00e0 C ed E.<\/div>\n<div><\/div>\n<div>affacci su piacevole giardino condominiale, molto silenzioso, tranquillo e luminoso.<\/div>\n<div>Cl. Energ. da determinare<\/div>\n<div><\/div>\n<div><\/div>\n<div><strong><span style=\"color: #800000;\">RIFERIMENTO:<\/span>\u00a0<strong>Karim Navarrini 340 3732158<\/strong><\/strong><\/div>\n<p>&nbsp;<\/p>\n<p><span style=\"color: #000000;\"><em>Questa scheda ha valore puramente indicativo e non costituisce elemento contrattuale ne&#8217; presupposto contrattuale<\/em><\/span><\/p>\n<p>&nbsp;<\/p>\n<table width=\"100%\" border=\"5\" cellspacing=\"0\" cellpadding=\"3\">\n<tbody>\n<tr>\n<td><a href=\"http:\/\/www.manor-re.com\/public\/wp-content\/uploads\/2017\/05\/20160406_093247.jpg\"><img decoding=\"async\" loading=\"lazy\" class=\"aligncenter size-medium wp-image-14085\" alt=\"20160406_093247\" src=\"http:\/\/www.manor-re.com\/public\/wp-content\/uploads\/2017\/05\/20160406_093247-300x168.jpg\" width=\"300\" height=\"168\" srcset=\"https:\/\/www.manor-re.com\/wp-content\/uploads\/2017\/05\/20160406_093247-300x168.jpg 300w, https:\/\/www.manor-re.com\/wp-content\/uploads\/2017\/05\/20160406_093247-1024x576.jpg 1024w\" sizes=\"(max-width: 300px) 100vw, 300px\" \/><\/a><\/td>\n<td align=\"left\"><a href=\"http:\/\/www.manor-re.com\/public\/wp-content\/uploads\/2017\/05\/1-finale-2b.jpg\"><img decoding=\"async\" loading=\"lazy\" class=\"aligncenter size-medium wp-image-14118\" alt=\"1 finale 2b\" src=\"http:\/\/www.manor-re.com\/public\/wp-content\/uploads\/2017\/05\/1-finale-2b-300x168.jpg\" width=\"300\" height=\"168\" srcset=\"https:\/\/www.manor-re.com\/wp-content\/uploads\/2017\/05\/1-finale-2b-300x168.jpg 300w, https:\/\/www.manor-re.com\/wp-content\/uploads\/2017\/05\/1-finale-2b-1024x576.jpg 1024w, https:\/\/www.manor-re.com\/wp-content\/uploads\/2017\/05\/1-finale-2b.jpg 1920w\" sizes=\"(max-width: 300px) 100vw, 300px\" \/><\/a><\/td>\n<td align=\"center\"><a href=\"http:\/\/www.manor-re.com\/public\/wp-content\/uploads\/2017\/05\/20170518_101549.jpg\"><img decoding=\"async\" loading=\"lazy\" class=\"aligncenter size-medium wp-image-14119\" alt=\"20170518_101549\" src=\"http:\/\/www.manor-re.com\/public\/wp-content\/uploads\/2017\/05\/20170518_101549-300x168.jpg\" width=\"300\" height=\"168\" srcset=\"https:\/\/www.manor-re.com\/wp-content\/uploads\/2017\/05\/20170518_101549-300x168.jpg 300w, https:\/\/www.manor-re.com\/wp-content\/uploads\/2017\/05\/20170518_101549-1024x576.jpg 1024w\" sizes=\"(max-width: 300px) 100vw, 300px\" \/><\/a><\/td>\n<td align=\"center\"><\/td>\n<\/tr>\n<\/tbody>\n<\/table>\n<table width=\"100%\" border=\"5\" cellspacing=\"0\" cellpadding=\"3\">\n<tbody>\n<tr>\n<td><a href=\"http:\/\/www.manor-re.com\/public\/wp-content\/uploads\/2017\/05\/20170518_101524.jpg\"><img decoding=\"async\" loading=\"lazy\" class=\"aligncenter size-medium wp-image-14090\" alt=\"20170518_101524\" src=\"http:\/\/www.manor-re.com\/public\/wp-content\/uploads\/2017\/05\/20170518_101524-300x168.jpg\" width=\"300\" height=\"168\" srcset=\"https:\/\/www.manor-re.com\/wp-content\/uploads\/2017\/05\/20170518_101524-300x168.jpg 300w, https:\/\/www.manor-re.com\/wp-content\/uploads\/2017\/05\/20170518_101524-1024x576.jpg 1024w\" sizes=\"(max-width: 300px) 100vw, 300px\" \/><\/a><\/td>\n<td align=\"left\"><a href=\"http:\/\/www.manor-re.com\/public\/wp-content\/uploads\/2017\/05\/20170518_102019.jpg\"><img decoding=\"async\" loading=\"lazy\" class=\"aligncenter size-medium wp-image-14093\" alt=\"20170518_102019\" src=\"http:\/\/www.manor-re.com\/public\/wp-content\/uploads\/2017\/05\/20170518_102019-300x168.jpg\" width=\"300\" height=\"168\" srcset=\"https:\/\/www.manor-re.com\/wp-content\/uploads\/2017\/05\/20170518_102019-300x168.jpg 300w, https:\/\/www.manor-re.com\/wp-content\/uploads\/2017\/05\/20170518_102019-1024x576.jpg 1024w\" sizes=\"(max-width: 300px) 100vw, 300px\" \/><\/a><\/td>\n<td align=\"center\"><a href=\"http:\/\/www.manor-re.com\/public\/wp-content\/uploads\/2017\/05\/20160322_102521.jpg\"><img decoding=\"async\" loading=\"lazy\" class=\"aligncenter size-medium wp-image-14120\" alt=\"20160322_102521\" src=\"http:\/\/www.manor-re.com\/public\/wp-content\/uploads\/2017\/05\/20160322_102521-300x168.jpg\" width=\"300\" height=\"168\" srcset=\"https:\/\/www.manor-re.com\/wp-content\/uploads\/2017\/05\/20160322_102521-300x168.jpg 300w, https:\/\/www.manor-re.com\/wp-content\/uploads\/2017\/05\/20160322_102521-1024x576.jpg 1024w\" sizes=\"(max-width: 300px) 100vw, 300px\" \/><\/a><\/td>\n<td align=\"center\"><\/td>\n<\/tr>\n<\/tbody>\n<\/table>\n<table width=\"100%\" border=\"5\" cellspacing=\"0\" cellpadding=\"3\">\n<tbody>\n<tr>\n<td><a href=\"http:\/\/www.manor-re.com\/public\/wp-content\/uploads\/2017\/05\/20160322_104439.jpg\"><img decoding=\"async\" loading=\"lazy\" class=\"aligncenter size-medium wp-image-14117\" alt=\"20160322_104439\" src=\"http:\/\/www.manor-re.com\/public\/wp-content\/uploads\/2017\/05\/20160322_104439-300x168.jpg\" width=\"300\" height=\"168\" srcset=\"https:\/\/www.manor-re.com\/wp-content\/uploads\/2017\/05\/20160322_104439-300x168.jpg 300w, https:\/\/www.manor-re.com\/wp-content\/uploads\/2017\/05\/20160322_104439-1024x576.jpg 1024w\" sizes=\"(max-width: 300px) 100vw, 300px\" \/><\/a><\/td>\n<td align=\"left\"><a href=\"http:\/\/www.manor-re.com\/public\/wp-content\/uploads\/2017\/05\/plan-loft-newton1.jpg\"><img decoding=\"async\" loading=\"lazy\" class=\"aligncenter  wp-image-15349\" alt=\"plan loft newton\" src=\"http:\/\/www.manor-re.com\/public\/wp-content\/uploads\/2017\/05\/plan-loft-newton1-300x171.jpg\" width=\"300\" height=\"168\" \/><\/a><\/td>\n<td align=\"center\"><a href=\"http:\/\/www.manor-re.com\/public\/wp-content\/uploads\/2017\/05\/listino-newton1.jpg\"><img decoding=\"async\" loading=\"lazy\" class=\"aligncenter  wp-image-15350\" alt=\"listino newton\" src=\"http:\/\/www.manor-re.com\/public\/wp-content\/uploads\/2017\/05\/listino-newton1-300x131.jpg\" width=\"300\" height=\"168\" \/><\/a><\/td>\n<td align=\"center\"><\/td>\n<\/tr>\n<\/tbody>\n<\/table>\n<p>&nbsp;<\/p>\n<p>&nbsp;<\/p>\n<p>&nbsp;<\/p>\n<p><strong><span style=\"color: #800000;\">IMMOBILI ANALOGHI VISUALIZZATI DA ALTRE PERSONE PRIMA DI TE:<\/span><\/strong><\/p>\n<table width=\"100%\" border=\"5\" cellspacing=\"0\" cellpadding=\"3\">\n<tbody>\n<tr>\n<td><\/td>\n<td align=\"left\"><a href=\"http:\/\/www.manor-re.com\/public\/wp-content\/uploads\/2012\/02\/logo_250.bmp\"><img decoding=\"async\" loading=\"lazy\" class=\"aligncenter\" title=\"logo_250\" alt=\"\" src=\"http:\/\/www.manor-re.com\/public\/wp-content\/uploads\/2012\/02\/logo_250.bmp\" width=\"150\" height=\"113\" \/><\/a><\/p>\n<p style=\"text-align: center;\"><span style=\"color: #800000;\"><a title=\"contatti\" href=\"http:\/\/www.manor-re.com\/index.php\/form-contatti\/\"><span style=\"color: #800000;\">NON HAI TROVATO CIO&#8217; CHE CERCAVI? Compila il nostro FORM DI CONTATTO<\/span><\/a><\/span><\/p>\n<\/td>\n<td align=\"center\"><\/td>\n<td align=\"center\"><a href=\"http:\/\/www.manor-re.com\/public\/wp-content\/uploads\/2012\/02\/logo_250.bmp\"><img decoding=\"async\" loading=\"lazy\" class=\"aligncenter\" title=\"logo_250\" alt=\"\" src=\"http:\/\/www.manor-re.com\/public\/wp-content\/uploads\/2012\/02\/logo_250.bmp\" width=\"150\" height=\"113\" \/><\/a><\/p>\n<p style=\"text-align: center;\"><span style=\"color: #800000;\"><a title=\"loft spadolini\" href=\"http:\/\/www.manor-re.com\/index.php\/form-contatti\/\"><span style=\"color: #800000;\">NON HAI TROVATO CIO&#8217; CHE CERCAVI? Compila il nostro FORM DI CONTATTO<\/span><\/a><\/span><\/p>\n<\/td>\n<\/tr>\n<\/tbody>\n<\/table>\n<p><span style=\"color: #800000;\"><a title=\"Zona 7 Vendita\" href=\"http:\/\/www.manor-re.com\/index.php\/zona-7-vendita\/\"><span style=\"color: #800000;\">Torna alle nostre proposte<\/span><\/a><\/span><\/p>\n","protected":false},"excerpt":{"rendered":"<p>&nbsp; CITTA\u2019: MILANO TIPOLOGIA: LOFT PLUS: SERVITO, LUMINOSO PIANO: TERRA BALCONI:\u00a0TERRAZZO RISCALDAMENTO: CENTRALIZZATO PERTINENZA: POSSIBILITA&#8217; ACQUISTO VANI CANTINA PORTIERATO: NO Classe Energetica: esente ZONA: MM SAN SIRO IPPODROMO &#8211; PIAZZA ESQUILINO MQ: da 129 mq STABILE: NUOVO ASCENSORE: NO ESPOSIZIONE: \u00a0INTERNA SPESE CONDOMINIALI: 2.000 \/annui BOX\/ Posto Auto: POSSIBILITA&#8217; ACQUISTO SITUAZIONE: LIBERO Indice di Prestazione [&hellip;]<\/p>\n","protected":false},"author":1,"featured_media":0,"parent":0,"menu_order":0,"comment_status":"closed","ping_status":"closed","template":"","meta":[],"_links":{"self":[{"href":"https:\/\/www.manor-re.com\/index.php\/wp-json\/wp\/v2\/pages\/14108"}],"collection":[{"href":"https:\/\/www.manor-re.com\/index.php\/wp-json\/wp\/v2\/pages"}],"about":[{"href":"https:\/\/www.manor-re.com\/index.php\/wp-json\/wp\/v2\/types\/page"}],"author":[{"embeddable":true,"href":"https:\/\/www.manor-re.com\/index.php\/wp-json\/wp\/v2\/users\/1"}],"replies":[{"embeddable":true,"href":"https:\/\/www.manor-re.com\/index.php\/wp-json\/wp\/v2\/comments?post=14108"}],"version-history":[{"count":8,"href":"https:\/\/www.manor-re.com\/index.php\/wp-json\/wp\/v2\/pages\/14108\/revisions"}],"predecessor-version":[{"id":15352,"href":"https:\/\/www.manor-re.com\/index.php\/wp-json\/wp\/v2\/pages\/14108\/revisions\/15352"}],"wp:attachment":[{"href":"https:\/\/www.manor-re.com\/index.php\/wp-json\/wp\/v2\/media?parent=14108"}],"curies":[{"name":"wp","href":"https:\/\/api.w.org\/{rel}","templated":true}]}}