{"id":12878,"date":"2016-08-03T17:19:49","date_gmt":"2016-08-03T17:19:49","guid":{"rendered":"http:\/\/www.manor-re.com\/?page_id=12878"},"modified":"2017-10-14T12:49:21","modified_gmt":"2017-10-14T12:49:21","slug":"villa-bifamiliare-robecchetto-con-induno-malvaglio-vendita","status":"publish","type":"page","link":"https:\/\/www.manor-re.com\/index.php\/villa-bifamiliare-robecchetto-con-induno-malvaglio-vendita\/","title":{"rendered":"VILLA BIFAMILIARE ROBECCHETTO CON INDUNO MALVAGLIO VENDITA"},"content":{"rendered":"<table width=\"100%\" border=\"5\" cellspacing=\"0\" cellpadding=\"3\">\n<tbody>\n<tr>\n<td><\/td>\n<td align=\"left\"><span style=\"color: #800000;\"><strong>CITTA\u2019:<\/strong><\/span> <strong><span style=\"color: #000000;\">ROBECCHETTO CON INDUNO (MI)<\/span><\/strong><\/p>\n<p><strong><\/strong><strong><\/strong><strong><\/strong><strong><\/strong><strong><\/strong><strong><\/strong><strong><\/strong><strong><\/strong><strong><\/strong><strong><\/strong><strong><\/strong><strong><\/strong><strong><\/strong><strong><\/strong><strong><\/strong><span style=\"color: #800000;\"><strong>T<\/strong><\/span><span style=\"color: #800000;\"><strong>IPOLOGIA:<\/strong><\/span> <strong>VILLA BIFAMILIARE<\/strong><\/p>\n<p><span style=\"color: #800000;\"><strong>PLUS:<\/strong><\/span>\u00a0<strong>\u00a0SERVITA, SPAZIOSA<\/strong><\/p>\n<p><span style=\"color: #800000;\"><strong>PIANO:<\/strong><\/span>\u00a0<strong>\u00a0SU PIU&#8217; LIVELLI<\/strong><\/p>\n<p><span style=\"color: #800000;\"><strong>BALCONI:<\/strong><\/span><strong>\u00a0PORTICATO<\/strong><\/p>\n<p><span style=\"color: #800000;\"><strong>RISCALDAMENTO:<\/strong> <\/span><strong>AUTONOMO<\/strong><\/p>\n<p><span style=\"color: #800000;\"><strong>PERTINENZA:<\/strong><\/span> <strong>CANTINA, GIARDINO 600 MQ.<\/strong><\/p>\n<p><span style=\"color: #800000;\"><strong>PORTIERATO: <\/strong><\/span><strong>NO<\/strong><\/p>\n<p><span style=\"color: #800000;\"><strong>Classe Energetica: <span style=\"color: #000000;\">G<\/span><\/strong><\/span><\/p>\n<p>&nbsp;<\/td>\n<td align=\"center\">\n<p style=\"text-align: left;\"><span style=\"color: #800000;\"><strong>ZONA:<\/strong><\/span>\u00a0<strong>MALVAGLIO<br \/>\n<\/strong><\/p>\n<p style=\"text-align: left;\"><span style=\"color: #800000;\"><strong>MQ:<\/strong><\/span> <strong>350<\/strong><\/p>\n<p style=\"text-align: left;\"><span style=\"color: #800000;\"><strong>STABILE:<\/strong> <\/span><strong>1970<\/strong><\/p>\n<p style=\"text-align: left;\"><span style=\"color: #800000;\"><strong>ASCENSORE:<\/strong><\/span> <strong>NO \u00a0<\/strong><\/p>\n<p style=\"text-align: left;\"><span style=\"color: #800000;\"><strong>ESPOSIZIONE: <\/strong><\/span><strong>TRIPLA<\/strong><\/p>\n<p style=\"text-align: left;\"><span style=\"color: #800000;\"><strong>SPESE CONDOMINIALI:<\/strong><\/span> <strong>&#8211;<\/strong><\/p>\n<p style=\"text-align: left;\"><span style=\"color: #800000;\"><strong>BOX\/ Posto Auto:<\/strong><\/span>\u00a0\u00a0<strong>BOX \u00a0<\/strong><\/p>\n<p style=\"text-align: left;\"><span style=\"color: #800000;\"><strong>SITUAZIONE:<\/strong><\/span><strong style=\"line-height: 1.5em;\"> LIBERO<\/strong><\/p>\n<p style=\"text-align: left;\"><span style=\"color: #800000;\"><strong>Indice di Prestazione Energetica:<\/strong><\/span><strong><span style=\"line-height: 19px;\"> 312,44 KWH\/m2 annui<\/span><\/strong><\/p>\n<\/td>\n<td align=\"center\"><a href=\"http:\/\/www.manor-re.com\/public\/wp-content\/uploads\/2012\/02\/logo_250.bmp\"><img decoding=\"async\" loading=\"lazy\" class=\"aligncenter  wp-image-176\" title=\"logo_250\" alt=\"\" src=\"http:\/\/www.manor-re.com\/public\/wp-content\/uploads\/2012\/02\/logo_250.bmp\" width=\"171\" height=\"121\" \/><\/a><a href=\"http:\/\/www.manor-re.com\/public\/wp-content\/uploads\/2016\/08\/DSCN4793.jpg\"><img decoding=\"async\" loading=\"lazy\" class=\"aligncenter  wp-image-12883\" alt=\"DSCN4793\" src=\"http:\/\/www.manor-re.com\/public\/wp-content\/uploads\/2016\/08\/DSCN4793-150x150.jpg\" width=\"135\" height=\"135\" \/><\/a><\/td>\n<\/tr>\n<\/tbody>\n<\/table>\n<p><span style=\"color: #800000;\"><strong>RICHIESTA:<\/strong><\/span><span style=\"color: #000000;\"> \u20ac 160.000,00<\/span><\/p>\n<p style=\"text-align: justify;\"><span style=\"color: #800000;\"><strong>DESCRIZIONE: <\/strong><\/span><\/p>\n<p>Comune di Robechetto con Induno, frazione Malvaglio in zona residenziale omogenea \u00a0ariosa e verde,\u00a0villa bifamiliare, in zona ben urbanizzata.<\/p>\n<p>La villa si sviluppa su 3 livelli per un totale di 330 mq commerciali ed \u00e8 cos\u00ec suddivisa:<\/p>\n<p>Al piano seminterrato;\u00a0\u00a0box auto singolo, locale cantina, locale lavanderia con piccolo servizio, locale caldaia, altro locale attualmente adibito a deposito.<\/p>\n<div dir=\"ltr\">\u00a0Al piano rialzato; portico esterno,\u00a0ingresso molto ampio, soggiorno pranzo con cucina a vista e camino a legna , bagno padronale e camera\/ studio.<\/div>\n<div dir=\"ltr\"><\/div>\n<div dir=\"ltr\">Al primo piano; zona notte \u00a0camera matrimoniale con bagno, locale al rustico dove possibile ricavare una seconda camera ed un altro bagno o in alternativa una cabina armadio, disimpegno.<\/div>\n<div dir=\"ltr\"><\/div>\n<div dir=\"ltr\">Giardino ed area cortilizia per un totale di circa 600 mq sui tre lati della casa.<\/div>\n<div dir=\"ltr\"><\/div>\n<div dir=\"ltr\">La villa \u00e8 da sistemare e personalizzare con ridistribuzione degli spazi interni.<\/p>\n<div>I serramenti esterni sono in legno con mono vetro e persiane sempre in legno, interni in noce nazionale, pavimenti\u00a0e rivestimenti in \u00a0ceramica monocottura.<\/div>\n<div>La casa si presenta in medie condizioni di manutenzione, l&#8217;impianto elettrico \u00e8 appena stato messo a norma e l&#8217;impianto idrico e di riscaldamento \u00e8 appena stato rifatto con sostituzione della caldaia che \u00e8 nuova di ultima generazione.<\/div>\n<\/div>\n<div dir=\"ltr\"><\/div>\n<p>&nbsp;<\/p>\n<p><span style=\"color: #000000;\">Cl. Energ \u00a0&#8220;G&#8221; Ipe: 312,44 Kwh\/m2 annui<\/span><\/p>\n<p><span style=\"color: #800000;\"><strong>RIFERIMENTO:<\/strong><\/span> <span style=\"color: #000000;\"><strong>K.Navarrini 340 3732158<\/strong><\/span><\/p>\n<p><span style=\"color: #000000;\"><em>Questa scheda ha valore puramente indicativo e non costituisce elemento contrattuale ne&#8217; presupposto contrattuale<\/em><\/span><\/p>\n<p>&nbsp;<\/p>\n<table width=\"100%\" border=\"5\" cellspacing=\"0\" cellpadding=\"3\">\n<tbody>\n<tr>\n<td><a href=\"http:\/\/www.manor-re.com\/public\/wp-content\/uploads\/2016\/08\/DSCN4791.jpg\"><img decoding=\"async\" loading=\"lazy\" class=\"aligncenter size-medium wp-image-12885\" alt=\"DSCN4791\" src=\"http:\/\/www.manor-re.com\/public\/wp-content\/uploads\/2016\/08\/DSCN4791-300x225.jpg\" width=\"300\" height=\"225\" srcset=\"https:\/\/www.manor-re.com\/wp-content\/uploads\/2016\/08\/DSCN4791-300x225.jpg 300w, https:\/\/www.manor-re.com\/wp-content\/uploads\/2016\/08\/DSCN4791-1024x768.jpg 1024w\" sizes=\"(max-width: 300px) 100vw, 300px\" \/><\/a><\/td>\n<td align=\"left\"><a href=\"http:\/\/www.manor-re.com\/public\/wp-content\/uploads\/2016\/08\/DSCN4781-1.jpg\"><img decoding=\"async\" loading=\"lazy\" class=\"aligncenter size-medium wp-image-12886\" alt=\"DSCN4781 (1)\" src=\"http:\/\/www.manor-re.com\/public\/wp-content\/uploads\/2016\/08\/DSCN4781-1-300x225.jpg\" width=\"300\" height=\"225\" srcset=\"https:\/\/www.manor-re.com\/wp-content\/uploads\/2016\/08\/DSCN4781-1-300x225.jpg 300w, https:\/\/www.manor-re.com\/wp-content\/uploads\/2016\/08\/DSCN4781-1-1024x768.jpg 1024w\" sizes=\"(max-width: 300px) 100vw, 300px\" \/><\/a><\/td>\n<td align=\"center\"><a href=\"http:\/\/www.manor-re.com\/public\/wp-content\/uploads\/2016\/08\/DSCN4780-1.jpg\"><img decoding=\"async\" loading=\"lazy\" class=\"aligncenter size-medium wp-image-12887\" alt=\"DSCN4780 (1)\" src=\"http:\/\/www.manor-re.com\/public\/wp-content\/uploads\/2016\/08\/DSCN4780-1-300x225.jpg\" width=\"300\" height=\"225\" srcset=\"https:\/\/www.manor-re.com\/wp-content\/uploads\/2016\/08\/DSCN4780-1-300x225.jpg 300w, https:\/\/www.manor-re.com\/wp-content\/uploads\/2016\/08\/DSCN4780-1-1024x768.jpg 1024w\" sizes=\"(max-width: 300px) 100vw, 300px\" \/><\/a><\/td>\n<td align=\"center\"><\/td>\n<\/tr>\n<\/tbody>\n<\/table>\n<table width=\"100%\" border=\"5\" cellspacing=\"0\" cellpadding=\"3\">\n<tbody>\n<tr>\n<td><a href=\"http:\/\/www.manor-re.com\/public\/wp-content\/uploads\/2016\/08\/DSCN4785-1.jpg\"><img decoding=\"async\" loading=\"lazy\" class=\"aligncenter size-medium wp-image-12888\" alt=\"DSCN4785 (1)\" src=\"http:\/\/www.manor-re.com\/public\/wp-content\/uploads\/2016\/08\/DSCN4785-1-300x225.jpg\" width=\"300\" height=\"225\" srcset=\"https:\/\/www.manor-re.com\/wp-content\/uploads\/2016\/08\/DSCN4785-1-300x225.jpg 300w, https:\/\/www.manor-re.com\/wp-content\/uploads\/2016\/08\/DSCN4785-1-1024x768.jpg 1024w\" sizes=\"(max-width: 300px) 100vw, 300px\" \/><\/a><\/td>\n<td align=\"left\"><a href=\"http:\/\/www.manor-re.com\/public\/wp-content\/uploads\/2016\/08\/DSCN4802.jpg\"><img decoding=\"async\" loading=\"lazy\" class=\"aligncenter size-medium wp-image-12889\" alt=\"DSCN4802\" src=\"http:\/\/www.manor-re.com\/public\/wp-content\/uploads\/2016\/08\/DSCN4802-300x225.jpg\" width=\"300\" height=\"225\" srcset=\"https:\/\/www.manor-re.com\/wp-content\/uploads\/2016\/08\/DSCN4802-300x225.jpg 300w, https:\/\/www.manor-re.com\/wp-content\/uploads\/2016\/08\/DSCN4802-1024x768.jpg 1024w\" sizes=\"(max-width: 300px) 100vw, 300px\" \/><\/a><\/td>\n<td align=\"center\"><a href=\"http:\/\/www.manor-re.com\/public\/wp-content\/uploads\/2016\/08\/DSCN4798.jpg\"><img decoding=\"async\" loading=\"lazy\" class=\"aligncenter size-medium wp-image-12890\" alt=\"DSCN4798\" src=\"http:\/\/www.manor-re.com\/public\/wp-content\/uploads\/2016\/08\/DSCN4798-300x225.jpg\" width=\"300\" height=\"225\" srcset=\"https:\/\/www.manor-re.com\/wp-content\/uploads\/2016\/08\/DSCN4798-300x225.jpg 300w, https:\/\/www.manor-re.com\/wp-content\/uploads\/2016\/08\/DSCN4798-1024x768.jpg 1024w\" sizes=\"(max-width: 300px) 100vw, 300px\" \/><\/a><\/td>\n<td align=\"center\"><\/td>\n<\/tr>\n<\/tbody>\n<\/table>\n<table width=\"100%\" border=\"5\" cellspacing=\"0\" cellpadding=\"3\">\n<tbody>\n<tr>\n<td><a href=\"http:\/\/www.manor-re.com\/public\/wp-content\/uploads\/2016\/08\/DSCN4786-1.jpg\"><img decoding=\"async\" loading=\"lazy\" class=\"aligncenter size-medium wp-image-12891\" alt=\"DSCN4786 (1)\" src=\"http:\/\/www.manor-re.com\/public\/wp-content\/uploads\/2016\/08\/DSCN4786-1-300x225.jpg\" width=\"300\" height=\"225\" srcset=\"https:\/\/www.manor-re.com\/wp-content\/uploads\/2016\/08\/DSCN4786-1-300x225.jpg 300w, https:\/\/www.manor-re.com\/wp-content\/uploads\/2016\/08\/DSCN4786-1-1024x768.jpg 1024w\" sizes=\"(max-width: 300px) 100vw, 300px\" \/><\/a><\/td>\n<td align=\"left\"><a href=\"http:\/\/www.manor-re.com\/public\/wp-content\/uploads\/2016\/08\/DSCN4790.jpg\"><img decoding=\"async\" loading=\"lazy\" class=\"aligncenter size-medium wp-image-12892\" alt=\"DSCN4790\" src=\"http:\/\/www.manor-re.com\/public\/wp-content\/uploads\/2016\/08\/DSCN4790-300x225.jpg\" width=\"300\" height=\"225\" srcset=\"https:\/\/www.manor-re.com\/wp-content\/uploads\/2016\/08\/DSCN4790-300x225.jpg 300w, https:\/\/www.manor-re.com\/wp-content\/uploads\/2016\/08\/DSCN4790-1024x768.jpg 1024w\" sizes=\"(max-width: 300px) 100vw, 300px\" \/><\/a><\/td>\n<td align=\"center\"><a href=\"http:\/\/www.manor-re.com\/public\/wp-content\/uploads\/2016\/08\/DSCN4792.jpg\"><img decoding=\"async\" loading=\"lazy\" class=\"aligncenter size-medium wp-image-12893\" alt=\"DSCN4792\" src=\"http:\/\/www.manor-re.com\/public\/wp-content\/uploads\/2016\/08\/DSCN4792-300x225.jpg\" width=\"300\" height=\"225\" srcset=\"https:\/\/www.manor-re.com\/wp-content\/uploads\/2016\/08\/DSCN4792-300x225.jpg 300w, https:\/\/www.manor-re.com\/wp-content\/uploads\/2016\/08\/DSCN4792-1024x768.jpg 1024w\" sizes=\"(max-width: 300px) 100vw, 300px\" \/><\/a><\/td>\n<td align=\"center\"><\/td>\n<\/tr>\n<\/tbody>\n<\/table>\n<p>&nbsp;<\/p>\n<p>&nbsp;<\/p>\n<p>&nbsp;<\/p>\n<p><strong><span style=\"color: #800000;\">IMMOBILI ANALOGHI VISUALIZZATI DA ALTRE PERSONE PRIMA DI TE:<\/span><\/strong><\/p>\n<table width=\"100%\" border=\"5\" cellspacing=\"0\" cellpadding=\"3\">\n<tbody>\n<tr>\n<td><\/td>\n<td align=\"left\">\n<p style=\"text-align: center;\"><a href=\"http:\/\/www.manor-re.com\/public\/wp-content\/uploads\/2012\/02\/logo_250.bmp\"><img decoding=\"async\" loading=\"lazy\" title=\"logo_250\" alt=\"\" src=\"http:\/\/www.manor-re.com\/public\/wp-content\/uploads\/2012\/02\/logo_250.bmp\" width=\"150\" height=\"113\" \/><\/a><\/p>\n<p style=\"text-align: center;\"><span style=\"color: #800000;\"><a title=\"loft spadolini\" href=\"http:\/\/www.manor-re.com\/index.php\/form-contatti\/\"><span style=\"color: #800000;\">NON HAI TROVATO CIO&#8217; CHE CERCAVI? Compila il nostro FORM DI CONTATTO<\/span><\/a><\/span><\/p>\n<\/td>\n<td align=\"center\"><\/td>\n<td align=\"center\"><a href=\"http:\/\/www.manor-re.com\/public\/wp-content\/uploads\/2012\/02\/logo_250.bmp\"><img decoding=\"async\" loading=\"lazy\" class=\"aligncenter\" title=\"logo_250\" alt=\"\" src=\"http:\/\/www.manor-re.com\/public\/wp-content\/uploads\/2012\/02\/logo_250.bmp\" width=\"150\" height=\"113\" \/><\/a><\/p>\n<p style=\"text-align: center;\"><span style=\"color: #800000;\"><a title=\"loft spadolini\" href=\"http:\/\/www.manor-re.com\/index.php\/form-contatti\/\"><span style=\"color: #800000;\">NON HAI TROVATO CIO&#8217; CHE CERCAVI? Compila il nostro FORM DI CONTATTO<\/span><\/a><\/span><\/p>\n<\/td>\n<\/tr>\n<\/tbody>\n<\/table>\n<p>&nbsp;<\/p>\n<p><span style=\"color: #800000;\"><a title=\"Vendita Hinterland\" href=\"http:\/\/www.manor-re.com\/index.php\/vendita-hinterland\/\"><span style=\"color: #800000;\">Torna alle nostre proposte<\/span><\/a><\/span><\/p>\n","protected":false},"excerpt":{"rendered":"<p>CITTA\u2019: ROBECCHETTO CON INDUNO (MI) TIPOLOGIA: VILLA BIFAMILIARE PLUS:\u00a0\u00a0SERVITA, SPAZIOSA PIANO:\u00a0\u00a0SU PIU&#8217; LIVELLI BALCONI:\u00a0PORTICATO RISCALDAMENTO: AUTONOMO PERTINENZA: CANTINA, GIARDINO 600 MQ. PORTIERATO: NO Classe Energetica: G &nbsp; ZONA:\u00a0MALVAGLIO MQ: 350 STABILE: 1970 ASCENSORE: NO \u00a0 ESPOSIZIONE: TRIPLA SPESE CONDOMINIALI: &#8211; BOX\/ Posto Auto:\u00a0\u00a0BOX \u00a0 SITUAZIONE: LIBERO Indice di Prestazione Energetica: 312,44 KWH\/m2 annui RICHIESTA: \u20ac [&hellip;]<\/p>\n","protected":false},"author":1,"featured_media":0,"parent":0,"menu_order":0,"comment_status":"closed","ping_status":"closed","template":"","meta":[],"_links":{"self":[{"href":"https:\/\/www.manor-re.com\/index.php\/wp-json\/wp\/v2\/pages\/12878"}],"collection":[{"href":"https:\/\/www.manor-re.com\/index.php\/wp-json\/wp\/v2\/pages"}],"about":[{"href":"https:\/\/www.manor-re.com\/index.php\/wp-json\/wp\/v2\/types\/page"}],"author":[{"embeddable":true,"href":"https:\/\/www.manor-re.com\/index.php\/wp-json\/wp\/v2\/users\/1"}],"replies":[{"embeddable":true,"href":"https:\/\/www.manor-re.com\/index.php\/wp-json\/wp\/v2\/comments?post=12878"}],"version-history":[{"count":5,"href":"https:\/\/www.manor-re.com\/index.php\/wp-json\/wp\/v2\/pages\/12878\/revisions"}],"predecessor-version":[{"id":14551,"href":"https:\/\/www.manor-re.com\/index.php\/wp-json\/wp\/v2\/pages\/12878\/revisions\/14551"}],"wp:attachment":[{"href":"https:\/\/www.manor-re.com\/index.php\/wp-json\/wp\/v2\/media?parent=12878"}],"curies":[{"name":"wp","href":"https:\/\/api.w.org\/{rel}","templated":true}]}}