{"id":12593,"date":"2016-06-22T16:59:43","date_gmt":"2016-06-22T16:59:43","guid":{"rendered":"http:\/\/www.manor-re.com\/?page_id=12593"},"modified":"2016-06-24T16:12:27","modified_gmt":"2016-06-24T16:12:27","slug":"mm-san-siro-ippodromo-trilocale-cucina-abitabile-piano-alto-vendita","status":"publish","type":"page","link":"https:\/\/www.manor-re.com\/index.php\/mm-san-siro-ippodromo-trilocale-cucina-abitabile-piano-alto-vendita\/","title":{"rendered":"MM SAN SIRO IPPODROMO TRILOCALE CUCINA ABITABILE PIANO ALTO VENDITA"},"content":{"rendered":"<p>&nbsp;<\/p>\n<table width=\"100%\" border=\"5\" cellspacing=\"0\" cellpadding=\"3\">\n<tbody>\n<tr>\n<td><\/td>\n<td align=\"left\"><span style=\"color: #800000;\"><strong>CITTA\u2019:<\/strong><\/span> <strong><span style=\"color: #000000;\">MILANO<\/span><\/strong><\/p>\n<p><strong><\/strong><strong><\/strong><strong><\/strong><strong><\/strong><strong><\/strong><strong><\/strong><strong><\/strong><strong><\/strong><strong><\/strong><strong><\/strong><strong><\/strong><strong><\/strong><strong><\/strong><strong><\/strong><strong><\/strong><strong><\/strong><strong><\/strong><strong><\/strong><strong><\/strong><strong><\/strong><strong><\/strong><strong><\/strong><strong><\/strong><strong><\/strong><strong><\/strong><strong><\/strong><strong><\/strong><strong><\/strong><strong><\/strong><strong><\/strong><strong><\/strong><strong><\/strong><strong><\/strong><strong><\/strong><strong><\/strong><strong><\/strong><strong><\/strong><strong><\/strong><strong><\/strong><strong><\/strong><strong><\/strong><strong><\/strong><strong><\/strong><strong><\/strong><span style=\"color: #800000;\"><strong>T<\/strong><\/span><span style=\"color: #800000;\"><strong>IPOLOGIA: <span style=\"color: #000000;\">APPARTAMENTO<\/span><\/strong><\/span><\/p>\n<p><span style=\"color: #800000;\"><strong>PLUS:<\/strong><\/span> <strong><span style=\"line-height: 19px;\">SERVITO, LUMINOSO<\/span><\/strong><\/p>\n<p><span style=\"color: #800000;\"><strong>PIANO:<\/strong><\/span> <strong>QUINTO<\/strong><\/p>\n<p><span style=\"color: #800000;\"><strong>BALCONI:<\/strong><\/span><strong>BALCONATA<\/strong><\/p>\n<p><span style=\"color: #800000;\"><strong>RISCALDAMENTO:<\/strong> <\/span><strong>CENTRALIZZATO<\/strong><\/p>\n<p><span style=\"color: #800000;\"><strong>PERTINENZA:<\/strong><\/span> <strong>NO<\/strong><\/p>\n<p><span style=\"color: #800000;\"><strong><strong><strong>PORTIERATO: <\/strong><span style=\"color: #000000;\"><strong>SI&#8217;<\/strong><\/span><\/strong><\/strong><\/span><\/p>\n<p><span style=\"color: #800000;\"><strong>Classe Energetica:<\/strong><\/span> <strong>G<\/strong><\/td>\n<td align=\"center\">\n<p style=\"text-align: left;\"><span style=\"color: #800000;\"><strong>ZONA: <span style=\"color: #000000;\">MM SAN SIRO IPPODROMO<\/span><\/strong><\/span><strong><br \/>\n<\/strong><\/p>\n<p style=\"text-align: left;\"><span style=\"color: #800000;\"><strong>MQ:<\/strong><\/span> <strong>103<\/strong><\/p>\n<p style=\"text-align: left;\"><span style=\"color: #800000;\"><strong>STABILE:<\/strong> <\/span><strong>ANNI &#8217;60<\/strong><\/p>\n<p style=\"text-align: left;\"><span style=\"color: #800000;\"><strong>ASCENSORE:<\/strong><\/span> <strong>SI&#8217;<\/strong><\/p>\n<p style=\"text-align: left;\"><span style=\"color: #800000;\"><strong>ESPOSIZIONE: <span style=\"color: #000000;\">DOPPIA ESTERNA<\/span><\/strong><\/span><\/p>\n<p style=\"text-align: left;\"><span style=\"color: #800000;\"><strong>SPESE CONDOMINIALI:<\/strong><\/span> <strong>2.500 \/annui<\/strong><\/p>\n<p style=\"text-align: left;\"><span style=\"color: #800000;\"><strong>BOX\/ Posto Auto:<\/strong><\/span> <strong>NO<\/strong><\/p>\n<p style=\"text-align: left;\"><span style=\"color: #800000;\"><strong>SITUAZIONE:<\/strong><\/span><strong> LIBERO<\/strong><\/p>\n<p style=\"text-align: left;\"><span style=\"color: #800000;\"><strong>Indice di Prestazione Energetica:<\/strong><\/span><strong><span style=\"line-height: 19px;\"> 315,22 Kwh\/m2<\/span><\/strong><\/p>\n<\/td>\n<td align=\"center\"><a href=\"http:\/\/www.manor-re.com\/public\/wp-content\/uploads\/2012\/02\/logo_250.bmp\"><img decoding=\"async\" loading=\"lazy\" class=\"aligncenter  wp-image-176\" title=\"logo_250\" alt=\"\" src=\"http:\/\/www.manor-re.com\/public\/wp-content\/uploads\/2012\/02\/logo_250.bmp\" width=\"171\" height=\"121\" \/><\/a><a href=\"http:\/\/www.manor-re.com\/public\/wp-content\/uploads\/2016\/06\/civitali-1.jpg\"><img decoding=\"async\" loading=\"lazy\" class=\"aligncenter  wp-image-12558\" alt=\"civitali 1\" src=\"http:\/\/www.manor-re.com\/public\/wp-content\/uploads\/2016\/06\/civitali-1-150x150.jpg\" width=\"135\" height=\"135\" srcset=\"https:\/\/www.manor-re.com\/wp-content\/uploads\/2016\/06\/civitali-1-150x150.jpg 150w, https:\/\/www.manor-re.com\/wp-content\/uploads\/2016\/06\/civitali-1-297x300.jpg 297w, https:\/\/www.manor-re.com\/wp-content\/uploads\/2016\/06\/civitali-1.jpg 803w\" sizes=\"(max-width: 135px) 100vw, 135px\" \/><\/a><\/td>\n<\/tr>\n<\/tbody>\n<\/table>\n<p><span style=\"color: #800000;\"><strong>RICHIESTA:<\/strong><\/span> \u20ac 257.000,00<\/p>\n<p style=\"text-align: justify;\"><span style=\"color: #800000;\"><strong>DESCRIZIONE: <\/strong><\/span><\/p>\n<div>Posizionato a 200 metri dalla fermata MM San Siro Ippodromo della linea lilla, ben servito anche da autobus e tram, in zona residenziale mista prevalentemente medio borghese tranquilla e servita.<\/div>\n<div><\/div>\n<div>Ampio trilocale cucina abitabile, caratterizzato da affacci entrambi molto aperti che garantiscono un&#8217;importante luminosit\u00e0 dell&#8217;appartamento. L&#8217;unit\u00e0 immobiliare, da ristrutturare possibilmente conservando i pavimenti in palladiana, \u00e8 suddivisa in ingresso, cucina abitabile e sala con affaccio su balconata, bagno finestrato, \u00a0due camere da letto, ripostiglio ampio.<\/div>\n<div><\/div>\n<div>L&#8217;immobile \u00e8 posizionato all&#8217;interno di un edificio medio signorile discretamente tenuto, facciate in klinker e parti comuni interne rivestite in mosaico.<\/div>\n<div><\/div>\n<div>Cl. Energ. \u201cG\u201d i.p.e 315,22 kwh\/m2 annui<\/div>\n<div><\/div>\n<div>DISPONIBILE PER IL RENT TO BUY<\/div>\n<div><\/div>\n<div><\/div>\n<div><strong><span style=\"color: #800000;\">RIFERIMENTO:<\/span>\u00a0<strong>Karim Navarrini 340 3732158<\/strong><\/strong><\/div>\n<p>&nbsp;<\/p>\n<p><span style=\"color: #000000;\"><em>Questa scheda ha valore puramente indicativo e non costituisce elemento contrattuale ne&#8217; presupposto contrattuale<\/em><\/span><\/p>\n<p>&nbsp;<\/p>\n<table width=\"100%\" border=\"5\" cellspacing=\"0\" cellpadding=\"3\">\n<tbody>\n<tr>\n<td><a href=\"http:\/\/www.manor-re.com\/public\/wp-content\/uploads\/2016\/06\/20160620_114217.jpg\"><img decoding=\"async\" loading=\"lazy\" class=\"aligncenter size-medium wp-image-12594\" alt=\"20160620_114217\" src=\"http:\/\/www.manor-re.com\/public\/wp-content\/uploads\/2016\/06\/20160620_114217-300x168.jpg\" width=\"300\" height=\"168\" srcset=\"https:\/\/www.manor-re.com\/wp-content\/uploads\/2016\/06\/20160620_114217-300x168.jpg 300w, https:\/\/www.manor-re.com\/wp-content\/uploads\/2016\/06\/20160620_114217-1024x576.jpg 1024w\" sizes=\"(max-width: 300px) 100vw, 300px\" \/><\/a><\/td>\n<td align=\"left\"><a href=\"http:\/\/www.manor-re.com\/public\/wp-content\/uploads\/2016\/06\/20160620_114225.jpg\"><img decoding=\"async\" loading=\"lazy\" class=\"aligncenter size-medium wp-image-12595\" alt=\"20160620_114225\" src=\"http:\/\/www.manor-re.com\/public\/wp-content\/uploads\/2016\/06\/20160620_114225-300x168.jpg\" width=\"300\" height=\"168\" srcset=\"https:\/\/www.manor-re.com\/wp-content\/uploads\/2016\/06\/20160620_114225-300x168.jpg 300w, https:\/\/www.manor-re.com\/wp-content\/uploads\/2016\/06\/20160620_114225-1024x576.jpg 1024w\" sizes=\"(max-width: 300px) 100vw, 300px\" \/><\/a><\/td>\n<td align=\"center\"><a href=\"http:\/\/www.manor-re.com\/public\/wp-content\/uploads\/2016\/06\/20160620_112246.jpg\"><img decoding=\"async\" loading=\"lazy\" class=\"aligncenter size-medium wp-image-12585\" alt=\"20160620_112246\" src=\"http:\/\/www.manor-re.com\/public\/wp-content\/uploads\/2016\/06\/20160620_112246-300x168.jpg\" width=\"300\" height=\"168\" srcset=\"https:\/\/www.manor-re.com\/wp-content\/uploads\/2016\/06\/20160620_112246-300x168.jpg 300w, https:\/\/www.manor-re.com\/wp-content\/uploads\/2016\/06\/20160620_112246-1024x576.jpg 1024w\" sizes=\"(max-width: 300px) 100vw, 300px\" \/><\/a><\/td>\n<td align=\"center\"><\/td>\n<\/tr>\n<\/tbody>\n<\/table>\n<table width=\"100%\" border=\"5\" cellspacing=\"0\" cellpadding=\"3\">\n<tbody>\n<tr>\n<td><a href=\"http:\/\/www.manor-re.com\/public\/wp-content\/uploads\/2016\/06\/20160620_113445.jpg\"><img decoding=\"async\" loading=\"lazy\" class=\"aligncenter size-medium wp-image-12586\" alt=\"20160620_113445\" src=\"http:\/\/www.manor-re.com\/public\/wp-content\/uploads\/2016\/06\/20160620_113445-300x168.jpg\" width=\"300\" height=\"168\" srcset=\"https:\/\/www.manor-re.com\/wp-content\/uploads\/2016\/06\/20160620_113445-300x168.jpg 300w, https:\/\/www.manor-re.com\/wp-content\/uploads\/2016\/06\/20160620_113445-1024x576.jpg 1024w\" sizes=\"(max-width: 300px) 100vw, 300px\" \/><\/a><\/td>\n<td align=\"left\"><a href=\"http:\/\/www.manor-re.com\/public\/wp-content\/uploads\/2016\/06\/20160620_112339.jpg\"><img decoding=\"async\" loading=\"lazy\" class=\"aligncenter size-medium wp-image-12587\" alt=\"20160620_112339\" src=\"http:\/\/www.manor-re.com\/public\/wp-content\/uploads\/2016\/06\/20160620_112339-300x168.jpg\" width=\"300\" height=\"168\" srcset=\"https:\/\/www.manor-re.com\/wp-content\/uploads\/2016\/06\/20160620_112339-300x168.jpg 300w, https:\/\/www.manor-re.com\/wp-content\/uploads\/2016\/06\/20160620_112339-1024x576.jpg 1024w\" sizes=\"(max-width: 300px) 100vw, 300px\" \/><\/a><\/td>\n<td align=\"center\"><a href=\"http:\/\/www.manor-re.com\/public\/wp-content\/uploads\/2016\/06\/20160620_113430.jpg\"><img decoding=\"async\" loading=\"lazy\" class=\"aligncenter size-medium wp-image-12588\" alt=\"20160620_113430\" src=\"http:\/\/www.manor-re.com\/public\/wp-content\/uploads\/2016\/06\/20160620_113430-300x168.jpg\" width=\"300\" height=\"168\" srcset=\"https:\/\/www.manor-re.com\/wp-content\/uploads\/2016\/06\/20160620_113430-300x168.jpg 300w, https:\/\/www.manor-re.com\/wp-content\/uploads\/2016\/06\/20160620_113430-1024x576.jpg 1024w\" sizes=\"(max-width: 300px) 100vw, 300px\" \/><\/a><\/td>\n<td align=\"center\"><\/td>\n<\/tr>\n<\/tbody>\n<\/table>\n<table width=\"100%\" border=\"5\" cellspacing=\"0\" cellpadding=\"3\">\n<tbody>\n<tr>\n<td><a href=\"http:\/\/www.manor-re.com\/public\/wp-content\/uploads\/2016\/06\/20160620_112222.jpg\"><img decoding=\"async\" loading=\"lazy\" class=\"aligncenter size-medium wp-image-12589\" alt=\"20160620_112222\" src=\"http:\/\/www.manor-re.com\/public\/wp-content\/uploads\/2016\/06\/20160620_112222-300x168.jpg\" width=\"300\" height=\"168\" srcset=\"https:\/\/www.manor-re.com\/wp-content\/uploads\/2016\/06\/20160620_112222-300x168.jpg 300w, https:\/\/www.manor-re.com\/wp-content\/uploads\/2016\/06\/20160620_112222-1024x576.jpg 1024w\" sizes=\"(max-width: 300px) 100vw, 300px\" \/><\/a><\/td>\n<td align=\"left\"><a href=\"http:\/\/www.manor-re.com\/public\/wp-content\/uploads\/2016\/06\/20160620_113300.jpg\"><img decoding=\"async\" loading=\"lazy\" class=\"aligncenter size-medium wp-image-12590\" alt=\"20160620_113300\" src=\"http:\/\/www.manor-re.com\/public\/wp-content\/uploads\/2016\/06\/20160620_113300-300x168.jpg\" width=\"300\" height=\"168\" srcset=\"https:\/\/www.manor-re.com\/wp-content\/uploads\/2016\/06\/20160620_113300-300x168.jpg 300w, https:\/\/www.manor-re.com\/wp-content\/uploads\/2016\/06\/20160620_113300-1024x576.jpg 1024w\" sizes=\"(max-width: 300px) 100vw, 300px\" \/><\/a><\/td>\n<td align=\"center\"><a href=\"http:\/\/www.manor-re.com\/public\/wp-content\/uploads\/2016\/06\/civitali-3-piano-trilo-1.jpg\"><img decoding=\"async\" loading=\"lazy\" class=\"aligncenter  wp-image-12591\" alt=\"civitali 3 piano trilo (1)\" src=\"http:\/\/www.manor-re.com\/public\/wp-content\/uploads\/2016\/06\/civitali-3-piano-trilo-1-300x251.jpg\" width=\"300\" height=\"168\" \/><\/a><\/td>\n<td align=\"center\"><\/td>\n<\/tr>\n<\/tbody>\n<\/table>\n<p>&nbsp;<\/p>\n<p>&nbsp;<\/p>\n<p>&nbsp;<\/p>\n<p><strong><span style=\"color: #800000;\">IMMOBILI ANALOGHI VISUALIZZATI DA ALTRE PERSONE PRIMA DI TE:<\/span><\/strong><\/p>\n<table width=\"100%\" border=\"5\" cellspacing=\"0\" cellpadding=\"3\">\n<tbody>\n<tr>\n<td><\/td>\n<td align=\"left\"><a href=\"http:\/\/www.manor-re.com\/public\/wp-content\/uploads\/2012\/02\/logo_250.bmp\"><img decoding=\"async\" loading=\"lazy\" class=\"aligncenter\" title=\"logo_250\" alt=\"\" src=\"http:\/\/www.manor-re.com\/public\/wp-content\/uploads\/2012\/02\/logo_250.bmp\" width=\"150\" height=\"113\" \/><\/a><\/p>\n<p style=\"text-align: center;\"><span style=\"color: #800000;\"><a title=\"contatti\" href=\"http:\/\/www.manor-re.com\/index.php\/form-contatti\/\"><span style=\"color: #800000;\">NON HAI TROVATO CIO&#8217; CHE CERCAVI? Compila il nostro FORM DI CONTATTO<\/span><\/a><\/span><\/p>\n<\/td>\n<td align=\"center\"><\/td>\n<td align=\"center\"><a href=\"http:\/\/www.manor-re.com\/public\/wp-content\/uploads\/2012\/02\/logo_250.bmp\"><img decoding=\"async\" loading=\"lazy\" class=\"aligncenter\" title=\"logo_250\" alt=\"\" src=\"http:\/\/www.manor-re.com\/public\/wp-content\/uploads\/2012\/02\/logo_250.bmp\" width=\"150\" height=\"113\" \/><\/a><\/p>\n<p style=\"text-align: center;\"><span style=\"color: #800000;\"><a title=\"loft spadolini\" href=\"http:\/\/www.manor-re.com\/index.php\/form-contatti\/\"><span style=\"color: #800000;\">NON HAI TROVATO CIO&#8217; CHE CERCAVI? Compila il nostro FORM DI CONTATTO<\/span><\/a><\/span><\/p>\n<\/td>\n<\/tr>\n<\/tbody>\n<\/table>\n<p><span style=\"color: #800000;\"><a title=\"Zona 7 Vendita\" href=\"http:\/\/www.manor-re.com\/index.php\/zona-7-vendita\/\"><span style=\"color: #800000;\">Torna alle nostre proposte<\/span><\/a><\/span><\/p>\n","protected":false},"excerpt":{"rendered":"<p>&nbsp; CITTA\u2019: MILANO TIPOLOGIA: APPARTAMENTO PLUS: SERVITO, LUMINOSO PIANO: QUINTO BALCONI:BALCONATA RISCALDAMENTO: CENTRALIZZATO PERTINENZA: NO PORTIERATO: SI&#8217; Classe Energetica: G ZONA: MM SAN SIRO IPPODROMO MQ: 103 STABILE: ANNI &#8217;60 ASCENSORE: SI&#8217; ESPOSIZIONE: DOPPIA ESTERNA SPESE CONDOMINIALI: 2.500 \/annui BOX\/ Posto Auto: NO SITUAZIONE: LIBERO Indice di Prestazione Energetica: 315,22 Kwh\/m2 RICHIESTA: \u20ac 257.000,00 DESCRIZIONE: [&hellip;]<\/p>\n","protected":false},"author":1,"featured_media":0,"parent":0,"menu_order":0,"comment_status":"closed","ping_status":"closed","template":"","meta":[],"_links":{"self":[{"href":"https:\/\/www.manor-re.com\/index.php\/wp-json\/wp\/v2\/pages\/12593"}],"collection":[{"href":"https:\/\/www.manor-re.com\/index.php\/wp-json\/wp\/v2\/pages"}],"about":[{"href":"https:\/\/www.manor-re.com\/index.php\/wp-json\/wp\/v2\/types\/page"}],"author":[{"embeddable":true,"href":"https:\/\/www.manor-re.com\/index.php\/wp-json\/wp\/v2\/users\/1"}],"replies":[{"embeddable":true,"href":"https:\/\/www.manor-re.com\/index.php\/wp-json\/wp\/v2\/comments?post=12593"}],"version-history":[{"count":3,"href":"https:\/\/www.manor-re.com\/index.php\/wp-json\/wp\/v2\/pages\/12593\/revisions"}],"predecessor-version":[{"id":12665,"href":"https:\/\/www.manor-re.com\/index.php\/wp-json\/wp\/v2\/pages\/12593\/revisions\/12665"}],"wp:attachment":[{"href":"https:\/\/www.manor-re.com\/index.php\/wp-json\/wp\/v2\/media?parent=12593"}],"curies":[{"name":"wp","href":"https:\/\/api.w.org\/{rel}","templated":true}]}}