{"id":12073,"date":"2016-04-14T11:01:25","date_gmt":"2016-04-14T11:01:25","guid":{"rendered":"http:\/\/www.manor-re.com\/?page_id=12073"},"modified":"2016-04-14T18:57:45","modified_gmt":"2016-04-14T18:57:45","slug":"ristorante-trattoria-gae-aulenti-vendita","status":"publish","type":"page","link":"https:\/\/www.manor-re.com\/index.php\/ristorante-trattoria-gae-aulenti-vendita\/","title":{"rendered":"RISTORANTE TRATTORIA GAE AULENTI VENDITA"},"content":{"rendered":"<p>&nbsp;<\/p>\n<table width=\"100%\" border=\"1\" cellspacing=\"0\" cellpadding=\"3\">\n<tbody>\n<tr>\n<td><\/td>\n<td align=\"left\"><span style=\"color: #800000;\"><strong>CITTA\u2019:<\/strong><\/span>\u00a0<strong><span style=\"color: #000000;\">MILANO<\/span><\/strong><\/p>\n<p><strong><\/strong><strong><\/strong><strong><\/strong><strong><\/strong><span style=\"color: #800000;\"><strong>PLUS:<\/strong><\/span><span style=\"line-height: 19px;\">\u00a0<\/span><strong style=\"line-height: 19px;\">POSSIBILITA&#8217; SVILUPPO INTERESSANTI, PASSAGGIO<\/strong><\/p>\n<p><strong><\/strong><span style=\"color: #800000;\"><strong>PIANO:<\/strong><\/span>\u00a0<strong>TERRA<\/strong><\/p>\n<p><strong><span style=\"color: #800000;\">AFFITTO:<\/span> 3.500 EURO\/MESE<\/strong><\/p>\n<p><strong><span style=\"color: #800000;\">CONTRATTO RESIDUO:<\/span>\u00a0NUOVO CONTRATTO 6+6<\/strong><\/p>\n<p><strong><span style=\"color: #800000;\">CANNA FUMARIA:<\/span> SI&#8217;<\/strong><\/p>\n<p><span style=\"color: #800000;\"><strong>RISCALDAMENTO:<\/strong> <\/span><strong>AUTONOMO<\/strong><\/p>\n<p><span style=\"color: #800000;\"><strong>PERTINENZA:<\/strong><\/span>\u00a0<strong>AMPIA CANTINA \u00a0\u00a0<\/strong><\/p>\n<p>&nbsp;<\/p>\n<p>&nbsp;<\/td>\n<td align=\"center\">\n<p style=\"text-align: left;\"><span style=\"color: #800000;\"><strong>ZONA:<\/strong><\/span> <strong>MM GARIBALDI &#8211; GAE AULENTI &#8211; PORTA NUOVA<\/strong><\/p>\n<p style=\"text-align: left;\"><span style=\"color: #800000;\"><strong>TIPOLOGIA:<\/strong><\/span>\u00a0<strong>RISTORANTE TRATTORIA<\/strong><\/p>\n<p style=\"text-align: left;\"><span style=\"color: #800000;\"><strong>MQ:<\/strong><\/span>\u00a0<strong>180<\/strong><\/p>\n<p style=\"text-align: left;\"><span style=\"color: #800000;\"><strong>SPESE CONDOMINIALI:<\/strong><\/span> <strong>COMPRESE<\/strong><\/p>\n<p style=\"text-align: left;\"><strong><span style=\"color: #800000;\">POSSIBILITA&#8217; RINNOVO:<\/span> SI&#8217;<\/strong><\/p>\n<p style=\"text-align: left;\"><span style=\"color: #800000;\"><strong>BOX\/ Posto Auto: <span style=\"color: #000000;\">NO<\/span><\/strong><\/span><\/p>\n<p style=\"text-align: left;\"><span style=\"color: #800000;\"><strong>SITUAZIONE:<\/strong><\/span><strong> LIBERO<\/strong><\/p>\n<p style=\"text-align: left;\">\n<\/td>\n<td align=\"center\"><a href=\"http:\/\/www.manor-re.com\/public\/wp-content\/uploads\/2012\/02\/logo_250.bmp\"><img decoding=\"async\" loading=\"lazy\" class=\"aligncenter  wp-image-176\" title=\"logo_250\" alt=\"\" src=\"http:\/\/www.manor-re.com\/public\/wp-content\/uploads\/2012\/02\/logo_250.bmp\" width=\"171\" height=\"121\" \/><\/a><a href=\"http:\/\/www.manor-re.com\/public\/wp-content\/uploads\/2016\/01\/20160406_104131.jpg\"><img decoding=\"async\" loading=\"lazy\" class=\"aligncenter  wp-image-12061\" alt=\"20160406_104131\" src=\"http:\/\/www.manor-re.com\/public\/wp-content\/uploads\/2016\/01\/20160406_104131-150x150.jpg\" width=\"135\" height=\"135\" \/><\/a><\/td>\n<\/tr>\n<\/tbody>\n<\/table>\n<p><span style=\"color: #800000;\"><strong>RICHIESTA:<\/strong><\/span> <span style=\"color: #000000;\">\u20ac350.000,00\u00a0<\/span><\/p>\n<p style=\"text-align: justify;\"><span style=\"color: #800000;\"><strong>DESCRIZIONE: <\/strong><\/span><\/p>\n<p>Storica attivit\u00e0 di trattoria, ristorante \u00a0in zona piazza Gae Aulenti, piazza Alvar Aalto, porta Nuova, in via pedonale caatterizzata dalla presenza di tipici locali con dehors esterni molto ben frequentata ed animata.<\/p>\n<p>Il locale \u00e8 diviso in varie sale, ed \u00e8 da ristrutturare, a seguito ristrutturazione si potranno portare gli attuali posti dai 60 &#8211; 70 a 120 &#8211; 140. La cucina \u00e8 comoda ed in grado di supportare un carico ulteriore. I bagni sono da rifare. Sottostante al locale con attuale accesso dalla cucina stessa \u00e8 presente una cantina anch&#8217;essa suddivisa in sale, vi \u00e8 la possibilit\u00e0 di riconverntirne parte a sale da pranzo, considerata la presenza di ampie prese d&#8217;aria e dell&#8217;altezza dei soffitti superiore a 3 metri. Possibilit\u00e0 ampio dehor esterno.<\/p>\n<p>Passaggio serale molto interessante, gli uffici della zona garantiscono enormi potenzialit\u00e0 di lavoro diurno.<\/p>\n<p>Richiesta congrua al cassetto, comunque incrementabile di molto.<\/p>\n<p>La societ\u00e0 titolare \u00e8 proprietaria anche dei muri, possibilit\u00e0 di agevolazioni iniziali sull&#8217;affitto a seguito condivisione del progetto di ristrutturazione degli ambienti.<\/p>\n<p>Possibilit\u00e0 acquisto muri del negozio.<\/p>\n<div><\/div>\n<div><\/div>\n<div><\/div>\n<div><strong><span style=\"color: #800000;\">RIFERIMENTO:<\/span>\u00a0 K. Navarrini 3403732158<\/strong><\/div>\n<div><\/div>\n<p>&nbsp;<\/p>\n<p><span style=\"color: #000000;\"><em>Questa scheda ha valore puramente indicativo e non costituisce<\/em><\/span><span style=\"color: #000000;\"><em> elemento contrattuale ne&#8217; presupposto contrattuale<\/em><\/span><\/p>\n<p>&nbsp;<\/p>\n<table width=\"100%\" border=\"1\" cellspacing=\"0\" cellpadding=\"3\">\n<tbody>\n<tr>\n<td><a href=\"http:\/\/www.manor-re.com\/public\/wp-content\/uploads\/2016\/01\/20160406_103909.jpg\"><img decoding=\"async\" loading=\"lazy\" class=\"aligncenter size-medium wp-image-12062\" alt=\"20160406_103909\" src=\"http:\/\/www.manor-re.com\/public\/wp-content\/uploads\/2016\/01\/20160406_103909-300x168.jpg\" width=\"300\" height=\"168\" srcset=\"https:\/\/www.manor-re.com\/wp-content\/uploads\/2016\/01\/20160406_103909-300x168.jpg 300w, https:\/\/www.manor-re.com\/wp-content\/uploads\/2016\/01\/20160406_103909-1024x576.jpg 1024w\" sizes=\"(max-width: 300px) 100vw, 300px\" \/><\/a><\/td>\n<td align=\"left\"><a href=\"http:\/\/www.manor-re.com\/public\/wp-content\/uploads\/2016\/01\/20160406_103859.jpg\"><img decoding=\"async\" loading=\"lazy\" class=\"aligncenter size-medium wp-image-12063\" alt=\"20160406_103859\" src=\"http:\/\/www.manor-re.com\/public\/wp-content\/uploads\/2016\/01\/20160406_103859-300x168.jpg\" width=\"300\" height=\"168\" srcset=\"https:\/\/www.manor-re.com\/wp-content\/uploads\/2016\/01\/20160406_103859-300x168.jpg 300w, https:\/\/www.manor-re.com\/wp-content\/uploads\/2016\/01\/20160406_103859-1024x576.jpg 1024w\" sizes=\"(max-width: 300px) 100vw, 300px\" \/><\/a><\/td>\n<td align=\"center\"><a href=\"http:\/\/www.manor-re.com\/public\/wp-content\/uploads\/2016\/01\/20160406_103847.jpg\"><img decoding=\"async\" loading=\"lazy\" class=\"aligncenter size-medium wp-image-12064\" alt=\"20160406_103847\" src=\"http:\/\/www.manor-re.com\/public\/wp-content\/uploads\/2016\/01\/20160406_103847-300x168.jpg\" width=\"300\" height=\"168\" srcset=\"https:\/\/www.manor-re.com\/wp-content\/uploads\/2016\/01\/20160406_103847-300x168.jpg 300w, https:\/\/www.manor-re.com\/wp-content\/uploads\/2016\/01\/20160406_103847-1024x576.jpg 1024w\" sizes=\"(max-width: 300px) 100vw, 300px\" \/><\/a><\/td>\n<td align=\"center\"><\/td>\n<\/tr>\n<\/tbody>\n<\/table>\n<table width=\"100%\" border=\"1\" cellspacing=\"0\" cellpadding=\"3\">\n<tbody>\n<tr>\n<td><a href=\"http:\/\/www.manor-re.com\/public\/wp-content\/uploads\/2016\/01\/20160406_103659.jpg\"><img decoding=\"async\" loading=\"lazy\" class=\"aligncenter size-medium wp-image-12065\" alt=\"20160406_103659\" src=\"http:\/\/www.manor-re.com\/public\/wp-content\/uploads\/2016\/01\/20160406_103659-300x168.jpg\" width=\"300\" height=\"168\" srcset=\"https:\/\/www.manor-re.com\/wp-content\/uploads\/2016\/01\/20160406_103659-300x168.jpg 300w, https:\/\/www.manor-re.com\/wp-content\/uploads\/2016\/01\/20160406_103659-1024x576.jpg 1024w\" sizes=\"(max-width: 300px) 100vw, 300px\" \/><\/a><\/td>\n<td align=\"left\"><a href=\"http:\/\/www.manor-re.com\/public\/wp-content\/uploads\/2016\/01\/20160406_103719.jpg\"><img decoding=\"async\" loading=\"lazy\" class=\"aligncenter size-medium wp-image-12066\" alt=\"20160406_103719\" src=\"http:\/\/www.manor-re.com\/public\/wp-content\/uploads\/2016\/01\/20160406_103719-300x168.jpg\" width=\"300\" height=\"168\" srcset=\"https:\/\/www.manor-re.com\/wp-content\/uploads\/2016\/01\/20160406_103719-300x168.jpg 300w, https:\/\/www.manor-re.com\/wp-content\/uploads\/2016\/01\/20160406_103719-1024x576.jpg 1024w\" sizes=\"(max-width: 300px) 100vw, 300px\" \/><\/a><\/td>\n<td align=\"center\"><a href=\"http:\/\/www.manor-re.com\/public\/wp-content\/uploads\/2016\/01\/20160406_104040.jpg\"><img decoding=\"async\" loading=\"lazy\" class=\"aligncenter size-medium wp-image-12067\" alt=\"20160406_104040\" src=\"http:\/\/www.manor-re.com\/public\/wp-content\/uploads\/2016\/01\/20160406_104040-300x168.jpg\" width=\"300\" height=\"168\" srcset=\"https:\/\/www.manor-re.com\/wp-content\/uploads\/2016\/01\/20160406_104040-300x168.jpg 300w, https:\/\/www.manor-re.com\/wp-content\/uploads\/2016\/01\/20160406_104040-1024x576.jpg 1024w\" sizes=\"(max-width: 300px) 100vw, 300px\" \/><\/a><\/td>\n<td align=\"center\"><\/td>\n<\/tr>\n<\/tbody>\n<\/table>\n<table width=\"100%\" border=\"1\" cellspacing=\"0\" cellpadding=\"3\">\n<tbody>\n<tr>\n<td><a href=\"http:\/\/www.manor-re.com\/public\/wp-content\/uploads\/2016\/01\/20160406_104005.jpg\"><img decoding=\"async\" loading=\"lazy\" class=\"aligncenter size-medium wp-image-12068\" alt=\"20160406_104005\" src=\"http:\/\/www.manor-re.com\/public\/wp-content\/uploads\/2016\/01\/20160406_104005-300x168.jpg\" width=\"300\" height=\"168\" srcset=\"https:\/\/www.manor-re.com\/wp-content\/uploads\/2016\/01\/20160406_104005-300x168.jpg 300w, https:\/\/www.manor-re.com\/wp-content\/uploads\/2016\/01\/20160406_104005-1024x576.jpg 1024w\" sizes=\"(max-width: 300px) 100vw, 300px\" \/><\/a><\/td>\n<td align=\"left\"><a href=\"http:\/\/www.manor-re.com\/public\/wp-content\/uploads\/2016\/01\/20160406_103746.jpg\"><img decoding=\"async\" loading=\"lazy\" class=\"aligncenter size-medium wp-image-12069\" alt=\"20160406_103746\" src=\"http:\/\/www.manor-re.com\/public\/wp-content\/uploads\/2016\/01\/20160406_103746-300x168.jpg\" width=\"300\" height=\"168\" srcset=\"https:\/\/www.manor-re.com\/wp-content\/uploads\/2016\/01\/20160406_103746-300x168.jpg 300w, https:\/\/www.manor-re.com\/wp-content\/uploads\/2016\/01\/20160406_103746-1024x576.jpg 1024w\" sizes=\"(max-width: 300px) 100vw, 300px\" \/><\/a><\/td>\n<td align=\"center\"><a href=\"http:\/\/www.manor-re.com\/public\/wp-content\/uploads\/2016\/01\/20160406_103740.jpg\"><img decoding=\"async\" loading=\"lazy\" class=\"aligncenter size-medium wp-image-12070\" alt=\"20160406_103740\" src=\"http:\/\/www.manor-re.com\/public\/wp-content\/uploads\/2016\/01\/20160406_103740-300x168.jpg\" width=\"300\" height=\"168\" srcset=\"https:\/\/www.manor-re.com\/wp-content\/uploads\/2016\/01\/20160406_103740-300x168.jpg 300w, https:\/\/www.manor-re.com\/wp-content\/uploads\/2016\/01\/20160406_103740-1024x576.jpg 1024w\" sizes=\"(max-width: 300px) 100vw, 300px\" \/><\/a><\/td>\n<td align=\"center\"><\/td>\n<\/tr>\n<\/tbody>\n<\/table>\n<p>&nbsp;<\/p>\n<p>&nbsp;<\/p>\n<p>&nbsp;<\/p>\n<p><strong><span style=\"color: #800000;\">IMMOBILI ANALOGHI VISUALIZZATI DA ALTRE PERSONE PRIMA DI TE:<\/span><\/strong><\/p>\n<table width=\"100%\" border=\"5\" cellspacing=\"0\" cellpadding=\"3\">\n<tbody>\n<tr>\n<td><\/td>\n<td align=\"left\"><a href=\"http:\/\/www.manor-re.com\/public\/wp-content\/uploads\/2012\/02\/logo_250.bmp\"><img decoding=\"async\" loading=\"lazy\" class=\"aligncenter\" title=\"logo_250\" alt=\"\" src=\"http:\/\/www.manor-re.com\/public\/wp-content\/uploads\/2012\/02\/logo_250.bmp\" width=\"150\" height=\"113\" \/><\/a><\/p>\n<p style=\"text-align: center;\"><span style=\"color: #800000;\"><a title=\"contatti\" href=\"http:\/\/www.manor-re.com\/index.php\/form-contatti\/\"><span style=\"color: #800000;\">NON HAI TROVATO CIO&#8217; CHE CERCAVI? Compila il nostro FORM DI CONTATTO<\/span><\/a><\/span><\/p>\n<\/td>\n<td align=\"center\"><\/td>\n<td align=\"center\"><a href=\"http:\/\/www.manor-re.com\/public\/wp-content\/uploads\/2012\/02\/logo_250.bmp\"><img decoding=\"async\" loading=\"lazy\" class=\"aligncenter\" title=\"logo_250\" alt=\"\" src=\"http:\/\/www.manor-re.com\/public\/wp-content\/uploads\/2012\/02\/logo_250.bmp\" width=\"150\" height=\"113\" \/><\/a><\/p>\n<p style=\"text-align: center;\"><span style=\"color: #800000;\"><a title=\"loft spadolini\" href=\"http:\/\/www.manor-re.com\/index.php\/form-contatti\/\"><span style=\"color: #800000;\">NON HAI TROVATO CIO&#8217; CHE CERCAVI? Compila il nostro FORM DI CONTATTO<\/span><\/a><\/span><\/p>\n<\/td>\n<\/tr>\n<\/tbody>\n<\/table>\n<p>&nbsp;<\/p>\n<p><span style=\"color: #800000;\"><a title=\"Attivit\u00e0\/Aziende Vendita\" href=\"http:\/\/www.manor-re.com\/index.php\/attivitaaziende-vendita\/\"><span style=\"color: #800000;\">Torna alle nostre proposte<\/span><\/a><\/span><\/p>\n","protected":false},"excerpt":{"rendered":"<p>&nbsp; CITTA\u2019:\u00a0MILANO PLUS:\u00a0POSSIBILITA&#8217; SVILUPPO INTERESSANTI, PASSAGGIO PIANO:\u00a0TERRA AFFITTO: 3.500 EURO\/MESE CONTRATTO RESIDUO:\u00a0NUOVO CONTRATTO 6+6 CANNA FUMARIA: SI&#8217; RISCALDAMENTO: AUTONOMO PERTINENZA:\u00a0AMPIA CANTINA \u00a0\u00a0 &nbsp; &nbsp; ZONA: MM GARIBALDI &#8211; GAE AULENTI &#8211; PORTA NUOVA TIPOLOGIA:\u00a0RISTORANTE TRATTORIA MQ:\u00a0180 SPESE CONDOMINIALI: COMPRESE POSSIBILITA&#8217; RINNOVO: SI&#8217; BOX\/ Posto Auto: NO SITUAZIONE: LIBERO RICHIESTA: \u20ac350.000,00\u00a0 DESCRIZIONE: Storica attivit\u00e0 di trattoria, [&hellip;]<\/p>\n","protected":false},"author":1,"featured_media":0,"parent":0,"menu_order":0,"comment_status":"closed","ping_status":"closed","template":"","meta":[],"_links":{"self":[{"href":"https:\/\/www.manor-re.com\/index.php\/wp-json\/wp\/v2\/pages\/12073"}],"collection":[{"href":"https:\/\/www.manor-re.com\/index.php\/wp-json\/wp\/v2\/pages"}],"about":[{"href":"https:\/\/www.manor-re.com\/index.php\/wp-json\/wp\/v2\/types\/page"}],"author":[{"embeddable":true,"href":"https:\/\/www.manor-re.com\/index.php\/wp-json\/wp\/v2\/users\/1"}],"replies":[{"embeddable":true,"href":"https:\/\/www.manor-re.com\/index.php\/wp-json\/wp\/v2\/comments?post=12073"}],"version-history":[{"count":3,"href":"https:\/\/www.manor-re.com\/index.php\/wp-json\/wp\/v2\/pages\/12073\/revisions"}],"predecessor-version":[{"id":12121,"href":"https:\/\/www.manor-re.com\/index.php\/wp-json\/wp\/v2\/pages\/12073\/revisions\/12121"}],"wp:attachment":[{"href":"https:\/\/www.manor-re.com\/index.php\/wp-json\/wp\/v2\/media?parent=12073"}],"curies":[{"name":"wp","href":"https:\/\/api.w.org\/{rel}","templated":true}]}}