{"id":12036,"date":"2016-04-08T17:54:14","date_gmt":"2016-04-08T17:54:14","guid":{"rendered":"http:\/\/www.manor-re.com\/?page_id=12036"},"modified":"2016-04-08T17:54:14","modified_gmt":"2016-04-08T17:54:14","slug":"cascina-busto-arsizio-vendita","status":"publish","type":"page","link":"https:\/\/www.manor-re.com\/index.php\/cascina-busto-arsizio-vendita\/","title":{"rendered":"CASCINA BUSTO ARSIZIO VENDITA"},"content":{"rendered":"<p>&nbsp;<\/p>\n<table width=\"100%\" border=\"5\" cellspacing=\"0\" cellpadding=\"3\">\n<tbody>\n<tr>\n<td><\/td>\n<td align=\"left\"><span style=\"color: #800000;\"><strong>CITTA\u2019:<\/strong><\/span> <strong><span style=\"color: #000000;\">BUSTO ARSIZIO (VA)<\/span><\/strong><\/p>\n<p><strong><\/strong><strong><\/strong><strong><\/strong><strong><\/strong><strong><\/strong><strong><\/strong><strong><\/strong><strong><\/strong><strong><\/strong><strong><\/strong><strong><\/strong><strong><\/strong><strong><\/strong><strong><\/strong><span style=\"color: #800000;\"><strong>TIPOLOGIA:<\/strong><\/span> <strong>CASCINA<\/strong><\/p>\n<p><span style=\"color: #800000;\"><strong>PLUS:<\/strong><\/span> <strong>SERVITO<\/strong><\/p>\n<p><span style=\"color: #800000;\"><strong>PIANO:<\/strong><\/span> <strong>SU PIU\u2019 LIVELLI<\/strong><\/p>\n<p><span style=\"color: #800000;\"><strong>BALCONI: <span style=\"color: #000000;\">TERRAZZI<\/span><\/strong><\/span><\/p>\n<p><span style=\"color: #800000;\"><strong>RISCALDAMENTO:<\/strong> <\/span><strong>ASSENTE<\/strong><\/p>\n<p><span style=\"color: #800000;\"><strong>PERTINENZA:<\/strong><\/span> <strong>STALLA \u00a0<\/strong><\/p>\n<p><span style=\"color: #800000;\"><strong>TERRENI: <\/strong><\/span><strong>5000 MQ + POSSIBILITA&#8217; ACQUISTO<\/strong><\/p>\n<p><span style=\"color: #800000;\"><strong>Classe Energetica:<\/strong><\/span> <strong>NON CERTIFICABILE<\/strong><\/p>\n<p>&nbsp;<\/td>\n<td align=\"center\">\n<p style=\"text-align: left;\"><span style=\"color: #800000;\"><strong>ZONA:<\/strong><\/span><strong>\u00a0 CENTRO COMMERCIALE TICINO<\/strong><\/p>\n<p style=\"text-align: left;\"><span style=\"color: #800000;\"><strong>MQ:<\/strong><\/span> <strong>500<\/strong><\/p>\n<p style=\"text-align: left;\"><span style=\"color: #800000;\"><strong>STABILE:<\/strong> <\/span><strong>1800<\/strong><\/p>\n<p style=\"text-align: left;\"><span style=\"color: #800000;\"><strong>ASCENSORE:<\/strong><\/span> <strong>NO<\/strong><\/p>\n<p style=\"text-align: left;\"><span style=\"color: #800000;\"><strong>ESPOSIZIONE: <\/strong><\/span><strong>QUADRUPLA<\/strong><\/p>\n<p style=\"text-align: left;\"><span style=\"color: #800000;\"><strong>SPESE CONDOMINIALI:<\/strong><\/span> <strong>&#8211;<\/strong><\/p>\n<p style=\"text-align: left;\"><span style=\"color: #800000;\"><strong>BOX\/ Posto Auto:<\/strong><\/span> <strong>CORTILE INTERNO<\/strong><\/p>\n<p style=\"text-align: left;\"><span style=\"color: #800000;\"><strong>SITUAZIONE:<\/strong><\/span><strong> LIBERO<\/strong><\/p>\n<p style=\"text-align: left;\"><span style=\"color: #800000;\"><strong>Indice di Prestazione Energetica:<\/strong><\/span><strong><span style=\"line-height: 19px;\"> &#8211;<\/span><\/strong><\/p>\n<\/td>\n<td align=\"center\"><a href=\"http:\/\/www.manor-re.com\/public\/wp-content\/uploads\/2012\/02\/logo_250.bmp\"><img decoding=\"async\" loading=\"lazy\" class=\"aligncenter  wp-image-176\" title=\"logo_250\" alt=\"\" src=\"http:\/\/www.manor-re.com\/public\/wp-content\/uploads\/2012\/02\/logo_250.bmp\" width=\"171\" height=\"121\" \/><a href=\"http:\/\/www.manor-re.com\/public\/wp-content\/uploads\/2016\/04\/DSCN4278.jpg\"><img decoding=\"async\" loading=\"lazy\" class=\"aligncenter  wp-image-12039\" alt=\"DSCN4278\" src=\"http:\/\/www.manor-re.com\/public\/wp-content\/uploads\/2016\/04\/DSCN4278-150x150.jpg\" width=\"135\" height=\"135\" \/><\/a><\/a><\/td>\n<\/tr>\n<\/tbody>\n<\/table>\n<p><span style=\"color: #800000;\"><strong>RICHIESTA:<\/strong><\/span> <span style=\"color: #000000;\">\u20ac 290.000,00<\/span><\/p>\n<p style=\"text-align: justify;\"><span style=\"color: #800000;\"><strong>DESCRIZIONE: <\/strong><\/span><\/p>\n<p><span style=\"color: #000000;\">Cascina di 500 mq in periferia di Busto Arsizio, nelle vicinanze del centro commerciale Ticino e della strada per Malpensa oltre terreno agricolo per un totale di 5000 mq circa con possibilit\u00e0 di acquisto di ulteriori 15.000 mq per una richiesta di 10 \u20ac\/mq.<\/span><\/p>\n<p>La propriet\u00e0 \u00e8 divisa in due corpi di fabbrica, il principale si sviluppa su due piani\u00a0fuori terra con possibilit\u00e0 di recupero abitativo del sottotetto, di 220 mq per piano, il secondo fabbricato, anch&#8217;esso di due piani fuori terra, di 75 mq, con possibilit\u00e0 di realizzo box auto al piano terra, mentre al piano superiore di altre unita abitative sfruttando l&#8217;altezza del tetto, si potrebbero ricavare due bilocali con soppalco<\/p>\n<p><span style=\"color: #000000;\">Propriet\u00e0 tutta recintata con gi\u00e0 allacciata alle reti elettrica, gas e idrica. La propriet\u00e0 affaccia su strada principale di forte passaggio con centro commerciale a 5 minuti a piedi.\u00a0Ideale anche come agriturismo, maneggio o bed and breakfast.<br \/>\n<\/span><\/p>\n<p>&nbsp;<\/p>\n<p><span style=\"color: #000000;\"><strong><span style=\"color: #800000;\">RIFERIMENTO:<\/span><\/strong><\/span><span style=\"color: #000000;\"><strong> K.Navarrini 340 3732158<\/strong><\/span><\/p>\n<p>&nbsp;<\/p>\n<p><span style=\"color: #000000;\"><em>Questa scheda ha valore puramente indicativo e non costituisce elemento contrattuale ne&#8217; presupposto contrattuale<\/em><\/span><\/p>\n<p>&nbsp;<\/p>\n<table width=\"100%\" border=\"5\" cellspacing=\"0\" cellpadding=\"3\">\n<tbody>\n<tr>\n<td><a href=\"http:\/\/www.manor-re.com\/public\/wp-content\/uploads\/2016\/04\/DSCN4272.jpg\"><img decoding=\"async\" loading=\"lazy\" class=\"aligncenter size-medium wp-image-12040\" alt=\"DSCN4272\" src=\"http:\/\/www.manor-re.com\/public\/wp-content\/uploads\/2016\/04\/DSCN4272-300x225.jpg\" width=\"300\" height=\"225\" srcset=\"https:\/\/www.manor-re.com\/wp-content\/uploads\/2016\/04\/DSCN4272-300x225.jpg 300w, https:\/\/www.manor-re.com\/wp-content\/uploads\/2016\/04\/DSCN4272-1024x768.jpg 1024w\" sizes=\"(max-width: 300px) 100vw, 300px\" \/><\/a><\/td>\n<td align=\"left\"><a href=\"http:\/\/www.manor-re.com\/public\/wp-content\/uploads\/2016\/04\/DSCN4274.jpg\"><img decoding=\"async\" loading=\"lazy\" class=\"aligncenter size-medium wp-image-12041\" alt=\"DSCN4274\" src=\"http:\/\/www.manor-re.com\/public\/wp-content\/uploads\/2016\/04\/DSCN4274-300x225.jpg\" width=\"300\" height=\"225\" srcset=\"https:\/\/www.manor-re.com\/wp-content\/uploads\/2016\/04\/DSCN4274-300x225.jpg 300w, https:\/\/www.manor-re.com\/wp-content\/uploads\/2016\/04\/DSCN4274-1024x768.jpg 1024w\" sizes=\"(max-width: 300px) 100vw, 300px\" \/><\/a><\/td>\n<td align=\"center\"><a href=\"http:\/\/www.manor-re.com\/public\/wp-content\/uploads\/2016\/04\/DSCN4275.jpg\"><img decoding=\"async\" loading=\"lazy\" class=\"aligncenter size-medium wp-image-12042\" alt=\"DSCN4275\" src=\"http:\/\/www.manor-re.com\/public\/wp-content\/uploads\/2016\/04\/DSCN4275-300x225.jpg\" width=\"300\" height=\"225\" srcset=\"https:\/\/www.manor-re.com\/wp-content\/uploads\/2016\/04\/DSCN4275-300x225.jpg 300w, https:\/\/www.manor-re.com\/wp-content\/uploads\/2016\/04\/DSCN4275-1024x768.jpg 1024w\" sizes=\"(max-width: 300px) 100vw, 300px\" \/><\/a><\/td>\n<td align=\"center\"><\/td>\n<\/tr>\n<\/tbody>\n<\/table>\n<table width=\"100%\" border=\"5\" cellspacing=\"0\" cellpadding=\"3\">\n<tbody>\n<tr>\n<td><a href=\"http:\/\/www.manor-re.com\/public\/wp-content\/uploads\/2016\/04\/DSCN4276.jpg\"><img decoding=\"async\" loading=\"lazy\" class=\"aligncenter size-medium wp-image-12043\" alt=\"DSCN4276\" src=\"http:\/\/www.manor-re.com\/public\/wp-content\/uploads\/2016\/04\/DSCN4276-300x225.jpg\" width=\"300\" height=\"225\" srcset=\"https:\/\/www.manor-re.com\/wp-content\/uploads\/2016\/04\/DSCN4276-300x225.jpg 300w, https:\/\/www.manor-re.com\/wp-content\/uploads\/2016\/04\/DSCN4276-1024x768.jpg 1024w\" sizes=\"(max-width: 300px) 100vw, 300px\" \/><\/a><\/td>\n<td align=\"left\"><a href=\"http:\/\/www.manor-re.com\/public\/wp-content\/uploads\/2016\/04\/DSCN4277.jpg\"><img decoding=\"async\" loading=\"lazy\" class=\"aligncenter size-medium wp-image-12044\" alt=\"DSCN4277\" src=\"http:\/\/www.manor-re.com\/public\/wp-content\/uploads\/2016\/04\/DSCN4277-300x225.jpg\" width=\"300\" height=\"225\" srcset=\"https:\/\/www.manor-re.com\/wp-content\/uploads\/2016\/04\/DSCN4277-300x225.jpg 300w, https:\/\/www.manor-re.com\/wp-content\/uploads\/2016\/04\/DSCN4277-1024x768.jpg 1024w\" sizes=\"(max-width: 300px) 100vw, 300px\" \/><\/a><\/td>\n<td align=\"center\"><a href=\"http:\/\/www.manor-re.com\/public\/wp-content\/uploads\/2016\/04\/DSCN4295.jpg\"><img decoding=\"async\" loading=\"lazy\" class=\"aligncenter size-medium wp-image-12045\" alt=\"DSCN4295\" src=\"http:\/\/www.manor-re.com\/public\/wp-content\/uploads\/2016\/04\/DSCN4295-300x225.jpg\" width=\"300\" height=\"225\" srcset=\"https:\/\/www.manor-re.com\/wp-content\/uploads\/2016\/04\/DSCN4295-300x225.jpg 300w, https:\/\/www.manor-re.com\/wp-content\/uploads\/2016\/04\/DSCN4295-1024x768.jpg 1024w\" sizes=\"(max-width: 300px) 100vw, 300px\" \/><\/a><\/td>\n<td align=\"center\"><\/td>\n<\/tr>\n<\/tbody>\n<\/table>\n<table width=\"100%\" border=\"5\" cellspacing=\"0\" cellpadding=\"3\">\n<tbody>\n<tr>\n<td><a href=\"http:\/\/www.manor-re.com\/public\/wp-content\/uploads\/2016\/04\/DSCN4279.jpg\"><img decoding=\"async\" loading=\"lazy\" class=\"aligncenter size-medium wp-image-12046\" alt=\"DSCN4279\" src=\"http:\/\/www.manor-re.com\/public\/wp-content\/uploads\/2016\/04\/DSCN4279-300x225.jpg\" width=\"300\" height=\"225\" srcset=\"https:\/\/www.manor-re.com\/wp-content\/uploads\/2016\/04\/DSCN4279-300x225.jpg 300w, https:\/\/www.manor-re.com\/wp-content\/uploads\/2016\/04\/DSCN4279-1024x768.jpg 1024w\" sizes=\"(max-width: 300px) 100vw, 300px\" \/><\/a><\/td>\n<td align=\"left\"><a href=\"http:\/\/www.manor-re.com\/public\/wp-content\/uploads\/2016\/04\/DSCN4284.jpg\"><img decoding=\"async\" loading=\"lazy\" class=\"aligncenter size-medium wp-image-12047\" alt=\"DSCN4284\" src=\"http:\/\/www.manor-re.com\/public\/wp-content\/uploads\/2016\/04\/DSCN4284-300x225.jpg\" width=\"300\" height=\"225\" srcset=\"https:\/\/www.manor-re.com\/wp-content\/uploads\/2016\/04\/DSCN4284-300x225.jpg 300w, https:\/\/www.manor-re.com\/wp-content\/uploads\/2016\/04\/DSCN4284-1024x768.jpg 1024w\" sizes=\"(max-width: 300px) 100vw, 300px\" \/><\/a><\/td>\n<td align=\"center\"><a href=\"http:\/\/www.manor-re.com\/public\/wp-content\/uploads\/2016\/04\/DSCN4290.jpg\"><img decoding=\"async\" loading=\"lazy\" class=\"aligncenter size-medium wp-image-12048\" alt=\"DSCN4290\" src=\"http:\/\/www.manor-re.com\/public\/wp-content\/uploads\/2016\/04\/DSCN4290-300x225.jpg\" width=\"300\" height=\"225\" srcset=\"https:\/\/www.manor-re.com\/wp-content\/uploads\/2016\/04\/DSCN4290-300x225.jpg 300w, https:\/\/www.manor-re.com\/wp-content\/uploads\/2016\/04\/DSCN4290-1024x768.jpg 1024w\" sizes=\"(max-width: 300px) 100vw, 300px\" \/><\/a><\/td>\n<td align=\"center\"><\/td>\n<\/tr>\n<\/tbody>\n<\/table>\n<p>&nbsp;<\/p>\n<p>&nbsp;<\/p>\n<p>&nbsp;<\/p>\n<p><strong><span style=\"color: #800000;\">IMMOBILI ANALOGHI VISUALIZZATI DA ALTRE PERSONE PRIMA DI TE:<\/span><\/strong><\/p>\n<table width=\"100%\" border=\"5\" cellspacing=\"0\" cellpadding=\"3\">\n<tbody>\n<tr>\n<td><\/td>\n<td align=\"left\"><a href=\"http:\/\/www.manor-re.com\/public\/wp-content\/uploads\/2012\/02\/logo_250.bmp\"><img decoding=\"async\" loading=\"lazy\" class=\"aligncenter\" title=\"logo_250\" alt=\"\" src=\"http:\/\/www.manor-re.com\/public\/wp-content\/uploads\/2012\/02\/logo_250.bmp\" width=\"150\" height=\"113\" \/><\/a><\/p>\n<p style=\"text-align: center;\"><span style=\"color: #800000;\"><a title=\"contatti\" href=\"http:\/\/www.manor-re.com\/index.php\/form-contatti\/\"><span style=\"color: #800000;\">NON HAI TROVATO CIO&#8217; CHE CERCAVI? Compila il nostro FORM DI CONTATTO<\/span><\/a><\/span><\/p>\n<\/td>\n<td align=\"center\"><\/td>\n<td align=\"center\"><a href=\"http:\/\/www.manor-re.com\/public\/wp-content\/uploads\/2012\/02\/logo_250.bmp\"><img decoding=\"async\" loading=\"lazy\" class=\"aligncenter\" title=\"logo_250\" alt=\"\" src=\"http:\/\/www.manor-re.com\/public\/wp-content\/uploads\/2012\/02\/logo_250.bmp\" width=\"150\" height=\"113\" \/><\/a><\/p>\n<p style=\"text-align: center;\"><span style=\"color: #800000;\"><a title=\"loft spadolini\" href=\"http:\/\/www.manor-re.com\/index.php\/form-contatti\/\"><span style=\"color: #800000;\">NON HAI TROVATO CIO&#8217; CHE CERCAVI? Compila il nostro FORM DI CONTATTO<\/span><\/a><\/span><\/p>\n<\/td>\n<\/tr>\n<\/tbody>\n<\/table>\n<p>&nbsp;<\/p>\n<p><span style=\"color: #800000;\"><a title=\"Attivit\u00e0\/Aziende Immobili Vendita\" href=\"http:\/\/www.manor-re.com\/index.php\/attivitaaziende-immobili-vendita\/\"><span style=\"color: #800000;\">Torna alle nostre proposte<\/span><\/a><\/span><\/p>\n","protected":false},"excerpt":{"rendered":"<p>&nbsp; CITTA\u2019: BUSTO ARSIZIO (VA) TIPOLOGIA: CASCINA PLUS: SERVITO PIANO: SU PIU\u2019 LIVELLI BALCONI: TERRAZZI RISCALDAMENTO: ASSENTE PERTINENZA: STALLA \u00a0 TERRENI: 5000 MQ + POSSIBILITA&#8217; ACQUISTO Classe Energetica: NON CERTIFICABILE &nbsp; ZONA:\u00a0 CENTRO COMMERCIALE TICINO MQ: 500 STABILE: 1800 ASCENSORE: NO ESPOSIZIONE: QUADRUPLA SPESE CONDOMINIALI: &#8211; BOX\/ Posto Auto: CORTILE INTERNO SITUAZIONE: LIBERO Indice di [&hellip;]<\/p>\n","protected":false},"author":1,"featured_media":0,"parent":0,"menu_order":0,"comment_status":"closed","ping_status":"closed","template":"","meta":[],"_links":{"self":[{"href":"https:\/\/www.manor-re.com\/index.php\/wp-json\/wp\/v2\/pages\/12036"}],"collection":[{"href":"https:\/\/www.manor-re.com\/index.php\/wp-json\/wp\/v2\/pages"}],"about":[{"href":"https:\/\/www.manor-re.com\/index.php\/wp-json\/wp\/v2\/types\/page"}],"author":[{"embeddable":true,"href":"https:\/\/www.manor-re.com\/index.php\/wp-json\/wp\/v2\/users\/1"}],"replies":[{"embeddable":true,"href":"https:\/\/www.manor-re.com\/index.php\/wp-json\/wp\/v2\/comments?post=12036"}],"version-history":[{"count":1,"href":"https:\/\/www.manor-re.com\/index.php\/wp-json\/wp\/v2\/pages\/12036\/revisions"}],"predecessor-version":[{"id":12049,"href":"https:\/\/www.manor-re.com\/index.php\/wp-json\/wp\/v2\/pages\/12036\/revisions\/12049"}],"wp:attachment":[{"href":"https:\/\/www.manor-re.com\/index.php\/wp-json\/wp\/v2\/media?parent=12036"}],"curies":[{"name":"wp","href":"https:\/\/api.w.org\/{rel}","templated":true}]}}