{"id":11279,"date":"2015-10-27T13:05:11","date_gmt":"2015-10-27T13:05:11","guid":{"rendered":"http:\/\/www.manor-re.com\/?page_id=11279"},"modified":"2015-10-27T13:05:11","modified_gmt":"2015-10-27T13:05:11","slug":"sartoria-mm-pasteur","status":"publish","type":"page","link":"https:\/\/www.manor-re.com\/index.php\/sartoria-mm-pasteur\/","title":{"rendered":"SARTORIA MM PASTEUR"},"content":{"rendered":"<p>&nbsp;<\/p>\n<table width=\"100%\" border=\"5\" cellspacing=\"0\" cellpadding=\"3\">\n<tbody>\n<tr>\n<td><\/td>\n<td align=\"left\"><span style=\"color: #800000;\"><strong>CITTA\u2019:<\/strong><\/span> <strong><span style=\"color: #000000;\">MILANO<\/span><\/strong><\/p>\n<p><strong><\/strong><strong><\/strong><strong><\/strong><strong><\/strong><strong><\/strong><strong><\/strong><strong><\/strong><strong><\/strong><strong><\/strong><strong><\/strong><span style=\"color: #800000;\"><strong>TIPOLOGIA:<\/strong><\/span> <strong>NEGOZIO ED ATTIVITA&#8217;<\/strong><\/p>\n<p><span style=\"color: #800000;\"><strong>PLUS:<\/strong><\/span> <strong>SERVITO, STORICO<\/strong><\/p>\n<p><span style=\"color: #800000;\"><strong>PIANO:<\/strong><\/span> <strong>TERRA<\/strong><\/p>\n<p><span style=\"color: #800000;\"><strong>BALCONI:<\/strong><\/span><strong> NO<\/strong><\/p>\n<p><span style=\"color: #800000;\"><strong>RISCALDAMENTO:<\/strong> <\/span><strong>CENTRALIZZATO<\/strong><\/p>\n<p><span style=\"color: #800000;\"><strong>PERTINENZA:<\/strong><\/span> <strong>NO<\/strong><\/p>\n<p><span style=\"color: #800000;\"><strong>PORTIERATO: <\/strong><\/span><strong>SI&#8217;<\/strong><\/p>\n<p><span style=\"color: #800000;\"><strong>Classe Energetica:<\/strong><\/span> <strong>G<\/strong><\/p>\n<p>&nbsp;<\/td>\n<td align=\"center\">\n<p style=\"text-align: left;\"><span style=\"color: #800000;\"><strong>ZONA:<\/strong><\/span> <strong>MM PASTEUR VENINI<\/strong><\/p>\n<p style=\"text-align: left;\"><span style=\"color: #800000;\"><strong>MQ:<\/strong><\/span> <strong>30\u00a0<\/strong><\/p>\n<p style=\"text-align: left;\"><span style=\"color: #800000;\"><strong>STABILE:<\/strong> <\/span><strong>ANNI&#8217;60<\/strong><\/p>\n<p style=\"text-align: left;\"><span style=\"color: #800000;\"><strong>ASCENSORE:<\/strong><\/span> <strong>SI&#8217;<\/strong><\/p>\n<p style=\"text-align: left;\"><span style=\"color: #800000;\"><strong>ESPOSIZIONE: <\/strong><\/span><strong>ESTERNA<\/strong><\/p>\n<p style=\"text-align: left;\"><span style=\"color: #800000;\"><strong>SPESE CONDOMINIALI:<\/strong><\/span> <strong>\u20ac 1.500\/anno<\/strong><\/p>\n<p style=\"text-align: left;\"><span style=\"color: #800000;\"><strong>BOX\/ Posto Auto:<\/strong><\/span> <strong>NO<\/strong><\/p>\n<p style=\"text-align: left;\"><span style=\"color: #800000;\"><strong>SITUAZIONE:<\/strong><\/span><strong> LIBERO<\/strong><\/p>\n<p style=\"text-align: left;\"><span style=\"color: #800000;\"><strong>Indice di Prestazione Energetica:<\/strong><\/span><strong><span style=\"line-height: 19px;\">\u00a0219,32 KWH\/m2<\/span><\/strong><\/p>\n<\/td>\n<td align=\"center\"><a href=\"http:\/\/www.manor-re.com\/public\/wp-content\/uploads\/2012\/02\/logo_250.bmp\"><img decoding=\"async\" loading=\"lazy\" class=\"aligncenter  wp-image-176\" title=\"logo_250\" alt=\"\" src=\"http:\/\/www.manor-re.com\/public\/wp-content\/uploads\/2012\/02\/logo_250.bmp\" width=\"171\" height=\"121\" \/><a href=\"http:\/\/www.manor-re.com\/public\/wp-content\/uploads\/2015\/10\/20151023_154507.jpg\"><img decoding=\"async\" loading=\"lazy\" class=\"aligncenter  wp-image-11280\" alt=\"20151023_154507\" src=\"http:\/\/www.manor-re.com\/public\/wp-content\/uploads\/2015\/10\/20151023_154507-150x150.jpg\" width=\"135\" height=\"135\" \/><\/a><\/a><\/td>\n<\/tr>\n<\/tbody>\n<\/table>\n<p><span style=\"color: #800000;\"><strong>RICHIESTA:<\/strong><\/span> <span style=\"color: #000000;\">\u20ac 100.000,00<\/span><\/p>\n<p style=\"text-align: justify;\"><span style=\"color: #800000;\"><strong>DESCRIZIONE: <\/strong><\/span><\/p>\n<p>&nbsp;<\/p>\n<p><span style=\"color: #000000;\">Attivit\u00e0 storica di sartoria, negozio con retro attrezzato e bagno. L&#8217;offerta \u00e8 comprensiva della propriet\u00e0 dei muri del negozio.<\/span><\/p>\n<p><span style=\"color: #000000;\">Il negozio \u00e8 composto da un locale show room con camerino di prova, retro con laboratorio attrezzato, bagno e ripostiglio in quota con botola.<\/span><\/p>\n<p>L&#8217;attivit\u00e0 di sartoria, prevalentemente maschile vanta una consolidata clientela affezionata.<\/p>\n<p><span style=\"color: #000000;\">L&#8217;unit\u00e0 immobiliare\u00a0\u00e8 sita\u00a0in uno stabile commerciale anni&#8217; 60 in buone condizioni manutentive.<\/span><\/p>\n<p><span style=\"color: #000000;\">Classe energetica&#8221;G&#8221;,\u00a0Indice di Prestazione Energetica:\u00a0219,32 KWH\/m3.<\/span><\/p>\n<p><strong><span style=\"color: #800000;\">RIFERIMENTO:<\/span> <span style=\"color: #000000;\">K.Navarrini 340 3732158<\/span><\/strong><\/p>\n<p><span style=\"color: #000000;\"><em>Questa scheda ha valore puramente indicativo e non costituisce elemento contrattuale ne&#8217; presupposto contrattuale<\/em><\/span><\/p>\n<p>&nbsp;<\/p>\n<table width=\"100%\" border=\"5\" cellspacing=\"0\" cellpadding=\"3\">\n<tbody>\n<tr>\n<td><a href=\"http:\/\/www.manor-re.com\/public\/wp-content\/uploads\/2015\/10\/20151023_154354.jpg\"><img decoding=\"async\" loading=\"lazy\" class=\"aligncenter  wp-image-11281\" alt=\"20151023_154354\" src=\"http:\/\/www.manor-re.com\/public\/wp-content\/uploads\/2015\/10\/20151023_154354-300x168.jpg\" width=\"300\" height=\"225\" \/><\/a><\/td>\n<td align=\"left\"><a href=\"http:\/\/www.manor-re.com\/public\/wp-content\/uploads\/2015\/10\/20151023_154421.jpg\"><img decoding=\"async\" loading=\"lazy\" class=\"aligncenter  wp-image-11282\" alt=\"20151023_154421\" src=\"http:\/\/www.manor-re.com\/public\/wp-content\/uploads\/2015\/10\/20151023_154421-300x168.jpg\" width=\"300\" height=\"225\" \/><\/a><\/td>\n<td align=\"center\"><a href=\"http:\/\/www.manor-re.com\/public\/wp-content\/uploads\/2015\/10\/20151023_154458.jpg\"><img decoding=\"async\" loading=\"lazy\" class=\"aligncenter  wp-image-11283\" alt=\"20151023_154458\" src=\"http:\/\/www.manor-re.com\/public\/wp-content\/uploads\/2015\/10\/20151023_154458-300x168.jpg\" width=\"300\" height=\"225\" \/><\/a><\/td>\n<td align=\"center\"><\/td>\n<\/tr>\n<\/tbody>\n<\/table>\n<table width=\"100%\" border=\"5\" cellspacing=\"0\" cellpadding=\"3\">\n<tbody>\n<tr>\n<td><a href=\"http:\/\/www.manor-re.com\/public\/wp-content\/uploads\/2015\/10\/20151023_154601.jpg\"><img decoding=\"async\" loading=\"lazy\" class=\"aligncenter  wp-image-11284\" alt=\"20151023_154601\" src=\"http:\/\/www.manor-re.com\/public\/wp-content\/uploads\/2015\/10\/20151023_154601-300x168.jpg\" width=\"300\" height=\"225\" \/><\/a><\/td>\n<td align=\"left\"><a href=\"http:\/\/www.manor-re.com\/public\/wp-content\/uploads\/2015\/10\/20151023_154555.jpg\"><img decoding=\"async\" loading=\"lazy\" class=\"aligncenter  wp-image-11285\" alt=\"20151023_154555\" src=\"http:\/\/www.manor-re.com\/public\/wp-content\/uploads\/2015\/10\/20151023_154555-300x168.jpg\" width=\"300\" height=\"225\" \/><\/a><\/td>\n<td align=\"center\"><a href=\"http:\/\/www.manor-re.com\/public\/wp-content\/uploads\/2015\/10\/20151023_154529.jpg\"><img decoding=\"async\" loading=\"lazy\" class=\"aligncenter  wp-image-11286\" alt=\"20151023_154529\" src=\"http:\/\/www.manor-re.com\/public\/wp-content\/uploads\/2015\/10\/20151023_154529-300x168.jpg\" width=\"300\" height=\"225\" \/><\/a><\/td>\n<td align=\"center\"><\/td>\n<\/tr>\n<\/tbody>\n<\/table>\n<table width=\"100%\" border=\"5\" cellspacing=\"0\" cellpadding=\"3\">\n<tbody>\n<tr>\n<td><\/td>\n<td align=\"left\"><\/td>\n<td align=\"center\"><\/td>\n<td align=\"center\"><\/td>\n<\/tr>\n<\/tbody>\n<\/table>\n<p>&nbsp;<\/p>\n<p>&nbsp;<\/p>\n<p>&nbsp;<\/p>\n<p><strong><span style=\"color: #800000;\">IMMOBILI ANALOGHI VISUALIZZATI DA ALTRE PERSONE PRIMA DI TE:<\/span><\/strong><\/p>\n<table width=\"100%\" border=\"5\" cellspacing=\"0\" cellpadding=\"3\">\n<tbody>\n<tr>\n<td><\/td>\n<td align=\"left\"><a href=\"http:\/\/www.manor-re.com\/public\/wp-content\/uploads\/2012\/02\/logo_250.bmp\"><img decoding=\"async\" loading=\"lazy\" class=\"aligncenter\" title=\"logo_250\" alt=\"\" src=\"http:\/\/www.manor-re.com\/public\/wp-content\/uploads\/2012\/02\/logo_250.bmp\" width=\"150\" height=\"113\" \/><\/a><\/p>\n<p style=\"text-align: center;\"><span style=\"color: #800000;\"><a title=\"contatti\" href=\"http:\/\/www.manor-re.com\/index.php\/form-contatti\/\"><span style=\"color: #800000;\">NON HAI TROVATO CIO&#8217; CHE CERCAVI? Compila il nostro FORM DI CONTATTO<\/span><\/a><\/span><\/p>\n<\/td>\n<td align=\"center\"><\/td>\n<td align=\"center\"><a href=\"http:\/\/www.manor-re.com\/public\/wp-content\/uploads\/2012\/02\/logo_250.bmp\"><img decoding=\"async\" loading=\"lazy\" class=\"aligncenter\" title=\"logo_250\" alt=\"\" src=\"http:\/\/www.manor-re.com\/public\/wp-content\/uploads\/2012\/02\/logo_250.bmp\" width=\"150\" height=\"113\" \/><\/a><\/p>\n<p style=\"text-align: center;\"><span style=\"color: #800000;\"><a title=\"loft spadolini\" href=\"http:\/\/www.manor-re.com\/index.php\/form-contatti\/\"><span style=\"color: #800000;\">NON HAI TROVATO CIO&#8217; CHE CERCAVI? Compila il nostro FORM DI CONTATTO<\/span><\/a><\/span><\/p>\n<\/td>\n<\/tr>\n<\/tbody>\n<\/table>\n<p><span style=\"color: #800000;\"><a title=\"Attivit\u00e0\/Aziende Immobili Vendita\" href=\"http:\/\/www.manor-re.com\/index.php\/attivitaaziende-immobili-vendita\/\"><span style=\"color: #800000;\">Torna alle nostre proposte<\/span><\/a><\/span><\/p>\n","protected":false},"excerpt":{"rendered":"<p>&nbsp; CITTA\u2019: MILANO TIPOLOGIA: NEGOZIO ED ATTIVITA&#8217; PLUS: SERVITO, STORICO PIANO: TERRA BALCONI: NO RISCALDAMENTO: CENTRALIZZATO PERTINENZA: NO PORTIERATO: SI&#8217; Classe Energetica: G &nbsp; ZONA: MM PASTEUR VENINI MQ: 30\u00a0 STABILE: ANNI&#8217;60 ASCENSORE: SI&#8217; ESPOSIZIONE: ESTERNA SPESE CONDOMINIALI: \u20ac 1.500\/anno BOX\/ Posto Auto: NO SITUAZIONE: LIBERO Indice di Prestazione Energetica:\u00a0219,32 KWH\/m2 RICHIESTA: \u20ac 100.000,00 DESCRIZIONE: [&hellip;]<\/p>\n","protected":false},"author":1,"featured_media":0,"parent":0,"menu_order":0,"comment_status":"closed","ping_status":"closed","template":"","meta":[],"_links":{"self":[{"href":"https:\/\/www.manor-re.com\/index.php\/wp-json\/wp\/v2\/pages\/11279"}],"collection":[{"href":"https:\/\/www.manor-re.com\/index.php\/wp-json\/wp\/v2\/pages"}],"about":[{"href":"https:\/\/www.manor-re.com\/index.php\/wp-json\/wp\/v2\/types\/page"}],"author":[{"embeddable":true,"href":"https:\/\/www.manor-re.com\/index.php\/wp-json\/wp\/v2\/users\/1"}],"replies":[{"embeddable":true,"href":"https:\/\/www.manor-re.com\/index.php\/wp-json\/wp\/v2\/comments?post=11279"}],"version-history":[{"count":1,"href":"https:\/\/www.manor-re.com\/index.php\/wp-json\/wp\/v2\/pages\/11279\/revisions"}],"predecessor-version":[{"id":11287,"href":"https:\/\/www.manor-re.com\/index.php\/wp-json\/wp\/v2\/pages\/11279\/revisions\/11287"}],"wp:attachment":[{"href":"https:\/\/www.manor-re.com\/index.php\/wp-json\/wp\/v2\/media?parent=11279"}],"curies":[{"name":"wp","href":"https:\/\/api.w.org\/{rel}","templated":true}]}}